{"id":6026,"date":"2016-05-20T18:31:00","date_gmt":"2016-05-20T18:31:00","guid":{"rendered":"http:\/\/www.visitalanya.com\/fi\/?page_id=6026"},"modified":"2016-05-20T19:28:09","modified_gmt":"2016-05-20T19:28:09","slug":"auton-vuokraaminen","status":"publish","type":"page","link":"https:\/\/www.visitalanya.com\/fi\/auton-vuokraaminen\/","title":{"rendered":"Autonvuokraus Alanyassa"},"content":{"rendered":"<p>[vc_row][vc_column][vc_column_text]<strong>Autonvuokraus<\/strong><br \/>\nAuton vuokraaminen Alanyassa on helppoa. Vuokrausta tarjoavat monet paikalliset yritykset sek\u00e4 Suomestakin tutut monikansalliset ketjut, jotka toimittavat auton hotellillesi valmiiksi loman alkaessa n\u00e4in halutessasi.<br \/>\nVaikka polttoaineiden hinnat ovat verrattain korkeita Turkissa, autojen p\u00e4iv\u00e4kohtaiset vuokrahinnat ovat yleens\u00e4 maltillisia. Hinta m\u00e4\u00e4r\u00e4ytyy my\u00f6s sesongin mukaan; jos talvella p\u00e4iv\u00e4vuokra on  15 euroa, maksaa sama auto kes\u00e4ll\u00e4 usein tuplasti, eli 30 euroa per p\u00e4iv\u00e4.<br \/>\nYleens\u00e4 auton vuokraamisessa s\u00e4\u00e4nt\u00f6n\u00e4 on ett\u00e4 auto saadaan t\u00e4ydell\u00e4 tankilla ja palautetaan  tankattuna. T\u00e4st\u00e4 poiketen Alanyassa on k\u00e4yt\u00e4nt\u00f6 ett\u00e4 tankki on saadessa melko tyhj\u00e4 ja auto tulee tankata heti auton vastaanottamisen j\u00e4lkeen. Polttoainetta kannattaa kuitenkin ostaa kohtuudella, sill\u00e4 tankkiin j\u00e4\u00e4v\u00e4st\u00e4 polttoaineesta ei saa hyvityst\u00e4 autoa palautettaessa. Kuten aina autoa vuokratessa, my\u00f6s Alanyassa pit\u00e4\u00e4 tarkistaa ett\u00e4 autossa on paperit ja vakuutus kunnossa.[\/vc_column_text][\/vc_column][\/vc_row]<\/p>\n","protected":false},"excerpt":{"rendered":"<p>Compellingly engage global portals rather than resource sucking e-services. Authoritatively monetize performance based e-services for intermandated e-business. Dramatically syndicate cost effective potentialities without frictionless materials. Authoritatively pursue bleeding-edge total linkage via customized best practices. Proactively communicate world-class deliverables through user-centric metrics.<\/p>\n","protected":false},"author":1,"featured_media":5177,"parent":0,"menu_order":1,"comment_status":"closed","ping_status":"closed","template":"hub-template.php","meta":{"_mi_skip_tracking":false,"_exactmetrics_sitenote_active":false,"_exactmetrics_sitenote_note":"","_exactmetrics_sitenote_category":0},"tags":[],"yoast_head":"<!-- This site is optimized with the Yoast SEO plugin v19.8 - https:\/\/yoast.com\/wordpress\/plugins\/seo\/ -->\n<title>Autonvuokraus Alanyassa - Visit Alanya - Alanya is calling<\/title>\n<meta name=\"robots\" content=\"index, follow, max-snippet:-1, max-image-preview:large, max-video-preview:-1\" \/>\n<link rel=\"canonical\" href=\"https:\/\/www.visitalanya.com\/fi\/auton-vuokraaminen\/\" \/>\n<meta property=\"og:locale\" content=\"fi_FI\" \/>\n<meta property=\"og:type\" content=\"article\" \/>\n<meta property=\"og:title\" content=\"Autonvuokraus Alanyassa - Visit Alanya - Alanya is calling\" \/>\n<meta property=\"og:description\" content=\"Compellingly engage global portals rather than resource sucking e-services. Authoritatively monetize performance based e-services for intermandated e-business. Dramatically syndicate cost effective potentialities without frictionless materials. Authoritatively pursue bleeding-edge total linkage via customized best practices. Proactively communicate world-class deliverables through user-centric metrics.\" \/>\n<meta property=\"og:url\" content=\"https:\/\/www.visitalanya.com\/fi\/auton-vuokraaminen\/\" \/>\n<meta property=\"og:site_name\" content=\"Visit Alanya - Alanya is calling\" \/>\n<meta property=\"article:publisher\" content=\"https:\/\/www.facebook.com\/VisitAlanya\/\" \/>\n<meta property=\"article:modified_time\" content=\"2016-05-20T19:28:09+00:00\" \/>\n<meta property=\"og:image\" content=\"https:\/\/www.visitalanya.com\/wp-content\/uploads\/2015\/04\/araba-kiralama.jpg\" \/>\n\t<meta property=\"og:image:width\" content=\"499\" \/>\n\t<meta property=\"og:image:height\" content=\"353\" \/>\n\t<meta property=\"og:image:type\" content=\"image\/jpeg\" \/>\n<meta name=\"twitter:card\" content=\"summary_large_image\" \/>\n<meta name=\"twitter:site\" content=\"@visitalanyacom\" \/>\n<meta name=\"twitter:label1\" content=\"Arvioitu lukuaika\" \/>\n\t<meta name=\"twitter:data1\" content=\"1 minuutti\" \/>\n<script type=\"application\/ld+json\" class=\"yoast-schema-graph\">{\"@context\":\"https:\/\/schema.org\",\"@graph\":[{\"@type\":\"WebPage\",\"@id\":\"https:\/\/www.visitalanya.com\/fi\/auton-vuokraaminen\/\",\"url\":\"https:\/\/www.visitalanya.com\/fi\/auton-vuokraaminen\/\",\"name\":\"Autonvuokraus Alanyassa - Visit Alanya - Alanya is calling\",\"isPartOf\":{\"@id\":\"https:\/\/www.visitalanya.com\/fi\/#website\"},\"datePublished\":\"2016-05-20T18:31:00+00:00\",\"dateModified\":\"2016-05-20T19:28:09+00:00\",\"breadcrumb\":{\"@id\":\"https:\/\/www.visitalanya.com\/fi\/auton-vuokraaminen\/#breadcrumb\"},\"inLanguage\":\"fi\",\"potentialAction\":[{\"@type\":\"ReadAction\",\"target\":[\"https:\/\/www.visitalanya.com\/fi\/auton-vuokraaminen\/\"]}]},{\"@type\":\"BreadcrumbList\",\"@id\":\"https:\/\/www.visitalanya.com\/fi\/auton-vuokraaminen\/#breadcrumb\",\"itemListElement\":[{\"@type\":\"ListItem\",\"position\":1,\"name\":\"Home\",\"item\":\"https:\/\/www.visitalanya.com\/fi\/\"},{\"@type\":\"ListItem\",\"position\":2,\"name\":\"Autonvuokraus Alanyassa\"}]},{\"@type\":\"WebSite\",\"@id\":\"https:\/\/www.visitalanya.com\/fi\/#website\",\"url\":\"https:\/\/www.visitalanya.com\/fi\/\",\"name\":\"Visit Alanya - Alanya is calling\",\"description\":\"Alanya Calling \u2014 Your Mediterranean Escape\",\"publisher\":{\"@id\":\"https:\/\/www.visitalanya.com\/fi\/#organization\"},\"potentialAction\":[{\"@type\":\"SearchAction\",\"target\":{\"@type\":\"EntryPoint\",\"urlTemplate\":\"https:\/\/www.visitalanya.com\/fi\/?s={search_term_string}\"},\"query-input\":\"required name=search_term_string\"}],\"inLanguage\":\"fi\"},{\"@type\":\"Organization\",\"@id\":\"https:\/\/www.visitalanya.com\/fi\/#organization\",\"name\":\"Visit Alanya - Alanya is calling\",\"url\":\"https:\/\/www.visitalanya.com\/fi\/\",\"sameAs\":[\"https:\/\/www.instagram.com\/visit_alanya\/\",\"https:\/\/www.facebook.com\/VisitAlanya\/\",\"https:\/\/twitter.com\/visitalanyacom\"],\"logo\":{\"@type\":\"ImageObject\",\"inLanguage\":\"fi\",\"@id\":\"https:\/\/www.visitalanya.com\/fi\/#\/schema\/logo\/image\/\",\"url\":\"https:\/\/www.visitalanya.com\/wp-content\/uploads\/2015\/09\/logo-smll.png\",\"contentUrl\":\"https:\/\/www.visitalanya.com\/wp-content\/uploads\/2015\/09\/logo-smll.png\",\"width\":160,\"height\":108,\"caption\":\"Visit Alanya - Alanya is calling\"},\"image\":{\"@id\":\"https:\/\/www.visitalanya.com\/fi\/#\/schema\/logo\/image\/\"}}]}<\/script>\n<!-- \/ Yoast SEO plugin. -->","yoast_head_json":{"title":"Autonvuokraus Alanyassa - Visit Alanya - Alanya is calling","robots":{"index":"index","follow":"follow","max-snippet":"max-snippet:-1","max-image-preview":"max-image-preview:large","max-video-preview":"max-video-preview:-1"},"canonical":"https:\/\/www.visitalanya.com\/fi\/auton-vuokraaminen\/","og_locale":"fi_FI","og_type":"article","og_title":"Autonvuokraus Alanyassa - Visit Alanya - Alanya is calling","og_description":"Compellingly engage global portals rather than resource sucking e-services. Authoritatively monetize performance based e-services for intermandated e-business. Dramatically syndicate cost effective potentialities without frictionless materials. Authoritatively pursue bleeding-edge total linkage via customized best practices. Proactively communicate world-class deliverables through user-centric metrics.","og_url":"https:\/\/www.visitalanya.com\/fi\/auton-vuokraaminen\/","og_site_name":"Visit Alanya - Alanya is calling","article_publisher":"https:\/\/www.facebook.com\/VisitAlanya\/","article_modified_time":"2016-05-20T19:28:09+00:00","og_image":[{"width":499,"height":353,"url":"https:\/\/www.visitalanya.com\/wp-content\/uploads\/2015\/04\/araba-kiralama.jpg","type":"image\/jpeg"}],"twitter_card":"summary_large_image","twitter_site":"@visitalanyacom","twitter_misc":{"Arvioitu lukuaika":"1 minuutti"},"schema":{"@context":"https:\/\/schema.org","@graph":[{"@type":"WebPage","@id":"https:\/\/www.visitalanya.com\/fi\/auton-vuokraaminen\/","url":"https:\/\/www.visitalanya.com\/fi\/auton-vuokraaminen\/","name":"Autonvuokraus Alanyassa - Visit Alanya - Alanya is calling","isPartOf":{"@id":"https:\/\/www.visitalanya.com\/fi\/#website"},"datePublished":"2016-05-20T18:31:00+00:00","dateModified":"2016-05-20T19:28:09+00:00","breadcrumb":{"@id":"https:\/\/www.visitalanya.com\/fi\/auton-vuokraaminen\/#breadcrumb"},"inLanguage":"fi","potentialAction":[{"@type":"ReadAction","target":["https:\/\/www.visitalanya.com\/fi\/auton-vuokraaminen\/"]}]},{"@type":"BreadcrumbList","@id":"https:\/\/www.visitalanya.com\/fi\/auton-vuokraaminen\/#breadcrumb","itemListElement":[{"@type":"ListItem","position":1,"name":"Home","item":"https:\/\/www.visitalanya.com\/fi\/"},{"@type":"ListItem","position":2,"name":"Autonvuokraus Alanyassa"}]},{"@type":"WebSite","@id":"https:\/\/www.visitalanya.com\/fi\/#website","url":"https:\/\/www.visitalanya.com\/fi\/","name":"Visit Alanya - Alanya is calling","description":"Alanya Calling \u2014 Your Mediterranean Escape","publisher":{"@id":"https:\/\/www.visitalanya.com\/fi\/#organization"},"potentialAction":[{"@type":"SearchAction","target":{"@type":"EntryPoint","urlTemplate":"https:\/\/www.visitalanya.com\/fi\/?s={search_term_string}"},"query-input":"required name=search_term_string"}],"inLanguage":"fi"},{"@type":"Organization","@id":"https:\/\/www.visitalanya.com\/fi\/#organization","name":"Visit Alanya - Alanya is calling","url":"https:\/\/www.visitalanya.com\/fi\/","sameAs":["https:\/\/www.instagram.com\/visit_alanya\/","https:\/\/www.facebook.com\/VisitAlanya\/","https:\/\/twitter.com\/visitalanyacom"],"logo":{"@type":"ImageObject","inLanguage":"fi","@id":"https:\/\/www.visitalanya.com\/fi\/#\/schema\/logo\/image\/","url":"https:\/\/www.visitalanya.com\/wp-content\/uploads\/2015\/09\/logo-smll.png","contentUrl":"https:\/\/www.visitalanya.com\/wp-content\/uploads\/2015\/09\/logo-smll.png","width":160,"height":108,"caption":"Visit Alanya - Alanya is calling"},"image":{"@id":"https:\/\/www.visitalanya.com\/fi\/#\/schema\/logo\/image\/"}}]}},"_links":{"self":[{"href":"https:\/\/www.visitalanya.com\/fi\/wp-json\/wp\/v2\/pages\/6026"}],"collection":[{"href":"https:\/\/www.visitalanya.com\/fi\/wp-json\/wp\/v2\/pages"}],"about":[{"href":"https:\/\/www.visitalanya.com\/fi\/wp-json\/wp\/v2\/types\/page"}],"author":[{"embeddable":true,"href":"https:\/\/www.visitalanya.com\/fi\/wp-json\/wp\/v2\/users\/1"}],"replies":[{"embeddable":true,"href":"https:\/\/www.visitalanya.com\/fi\/wp-json\/wp\/v2\/comments?post=6026"}],"version-history":[{"count":1,"href":"https:\/\/www.visitalanya.com\/fi\/wp-json\/wp\/v2\/pages\/6026\/revisions"}],"predecessor-version":[{"id":6029,"href":"https:\/\/www.visitalanya.com\/fi\/wp-json\/wp\/v2\/pages\/6026\/revisions\/6029"}],"wp:featuredmedia":[{"embeddable":true,"href":"https:\/\/www.visitalanya.com\/fi\/wp-json\/wp\/v2\/media\/5177"}],"wp:attachment":[{"href":"https:\/\/www.visitalanya.com\/fi\/wp-json\/wp\/v2\/media?parent=6026"}],"wp:term":[{"taxonomy":"post_tag","embeddable":true,"href":"https:\/\/www.visitalanya.com\/fi\/wp-json\/wp\/v2\/tags?post=6026"}],"curies":[{"name":"wp","href":"https:\/\/api.w.org\/{rel}","templated":true}]}}