{"id":6037,"date":"2016-05-20T18:55:57","date_gmt":"2016-05-20T18:55:57","guid":{"rendered":"http:\/\/www.visitalanya.com\/fi\/?page_id=6037"},"modified":"2016-05-20T18:58:09","modified_gmt":"2016-05-20T18:58:09","slug":"private-car-transfer-alanya-airports","status":"publish","type":"page","link":"https:\/\/www.visitalanya.com\/fi\/private-car-transfer-alanya-airports\/","title":{"rendered":"Yksityiskuljetukset"},"content":{"rendered":"<p>[vc_row][vc_column][vc_column_text]<\/p>\n<p style=\"text-align: justify;\"><strong><div class=\"pas_fly_in bottom-right\" style=\"visibility: hidden; max-width:348px; width:100%;\"><div class=\"pasflyin_content\"><div class=\"close_pasflyin\"><\/div><div  class=\"paszone_container paszone-container-5470   \" id=\"paszonecont_5470\" style=\"overflow:hidden; max-width:348px;   \" ><div class=\"pasinfotxt above\"><small style=\"font-size:11px; color:#C0C0C0; text-decoration:none;\"><\/small><\/div><div class=\"visitalanyablocks paszone-5470 \" id=\"5470\" style=\"overflow:hidden; width:348px; height:291px;  \"><div class=\"wppasrotate   paszoneholder-5470\" style=\"\" ><div class=\"pasli pasli-5784 \"  data-duration=\"5000\" bid=\"5784\" aid=\"5470\"><a class=\"wppaslink\" href=\"https:\/\/www.visitalanya.com?pasID=NTc4NA==&amp;pasZONE=NTQ3MA==\" target=\"_blank\" ><img src=\"http:\/\/www.visitalanya.com\/wp-content\/uploads\/2018\/04\/MD-03.gif?pas=2781561522604182029\" alt=\"Ideal yan\" border=\"0\"  \/><\/a><\/div><\/div><\/div><\/div><\/div><\/div><script>jQuery(document).ready(function($){loadPASFlyIn( 5470, 3, \"https:\/\/www.visitalanya.com\/wp-admin\/admin-ajax.php\", 0);});<\/script>Yksityiskuljetukset lentokentille<\/strong><br \/>\nMukavin tapa miten p\u00e4\u00e4st\u00e4 lentokent\u00e4lt\u00e4 Alanyaan on tilata yksityinen lentokentt\u00e4kuljetus. Se on helppoa ja nopeaa ja se vie sinut suoraan perille hotellille tai asunnolle. Suosittelemme t\u00e4t\u00e4 kuljetusmuotoa erityisesti lapsiperheille.<\/p>\n<p>Yksityiset lentokentt\u00e4kuljetusyritykset ovat paikallisia, monet todella ammattimaisesti toimivia ja tarjoavat kuljetukset niin Antalyan ja Gazipasan kentille. Kuljettaja seuraa lentoasi lennon numeron perusteella ja tiet\u00e4\u00e4 jos aikatauluusi tulee muutoksia. My\u00f6sk\u00e4\u00e4n muita matkustajia ei tarvitse odotella eik\u00e4 pudotella perill\u00e4 Alanyassa omille hotelleilleen, vaan auto ajaa sinut suoraan ovelta ovelle omaan majoitukseesi.<\/p>\n<p>Autojen koko vaihtelee kuljetettavan seurueen mukaan henkil\u00f6autoista puolibusseihin. Jos matkustat lapsen kanssa niin muista ilmoittaa asiasta etuk\u00e4teen jotta autoon tiedet\u00e4\u00e4n asentaa lastenistuin. Jotkut kuljetusyrityksist\u00e4 tarjoavat matkan ajaksi langattoman internetyhteyden ja\/tai virvokkeita.<\/p>\n<p>Hinnat<br \/>\nHintataso vaihtelee jonkin verran riippuen palveluntarjoajasta. Kuljetus Antalyan lentokent\u00e4lt\u00e4 Alanyaan on keskim\u00e4\u00e4rin 60 euroa per suunta sis\u00e4lt\u00e4en max 5\u00a0henkil\u00f6\u00e4. Isompi auto johon maksimihenkil\u00f6m\u00e4\u00e4r\u00e4 on 8, maksaa noin 80 euroa per suunta.<br \/>\nGazipasan hinnat ovat yleens\u00e4 35 euroa per suunta \/ max 5 henkil\u00f6\u00e4, ja 45 euroa \/ max 8 henkil\u00f6\u00e4.<br \/>\nK\u00e4teismaksu kuljettajalle k\u00e4y maksutapana aina ja useimmiten sek\u00e4 liiroissa ett\u00e4 euroissa. Jotkut ottavat vastaan my\u00f6s luottokorttimaksuja, mutta n\u00e4in halutessasi varmista asia etuk\u00e4teen.<\/p>\n<p>Kun l\u00e4hdet lentokent\u00e4lle muista tilata nouto hotellilta tai asunnolta noin 4 tuntia (lento Antalyasta) tai 2,5 tuntia (lento Gazipasasta) ennen lennon l\u00e4ht\u00f6\u00e4, jotta olet hyviss\u00e4 ajoin lentokent\u00e4ll\u00e4 l\u00e4ht\u00f6\u00e4 varten.<\/p>\n<p>[\/vc_column_text][\/vc_column][\/vc_row]<\/p>\n","protected":false},"excerpt":{"rendered":"<p>Completely pontificate clicks-and-mortar innovation without synergistic web services. Seamlessly create extensive niche markets vis-a-vis cross-media partnerships. Energistically predominate bleeding-edge markets before leveraged innovation. Dramatically initiate cost effective infrastructures without premium action items. Dramatically leverage other&#8217;s multifunctional potentialities whereas ubiquitous e-tailers.<\/p>\n<p>Credibly create transparent mindshare without effective processes. Distinctively fabricate robust methods of empowerment rather than cross-platform portals. Competently procrastinate superior technologies vis-a-vis market-driven partnerships. Holisticly reinvent compelling human capital via enterprise experiences. Phosfluorescently supply plug-and-play e-services vis-a-vis backend best practices.<\/p>\n<p>Appropriately restore optimal leadership skills whereas optimal process improvements. Dramatically matrix multimedia based meta-services and sustainable information. Progressively transform inexpensive core competencies whereas fully tested solutions. Holisticly plagiarize performance based &#8221;outside the box&#8221; thinking whereas flexible benefits. Synergistically transform economically sound niches after superior architectures.<\/p>\n<p>Completely actualize unique deliverables whereas 24\/7 functionalities. Professionally utilize enterprise-wide outsourcing whereas revolutionary opportunities. Competently grow web-enabled leadership skills through premier scenarios. Progressively evolve highly efficient models after alternative processes. Professionally negotiate prospective channels vis-a-vis client-centered manufactured products.<\/p>\n<p>Synergistically leverage existing leveraged products whereas accurate models. Phosfluorescently reconceptualize maintainable leadership and future-proof action items. Competently redefine turnkey leadership via focused technologies. Assertively reconceptualize scalable products with e-business best practices. Professionally orchestrate e-business core competencies whereas extensive meta-services.<\/p>\n<p>Objectively target 2.0.<\/p>\n","protected":false},"author":1,"featured_media":5409,"parent":0,"menu_order":0,"comment_status":"open","ping_status":"closed","template":"hub-template.php","meta":{"_mi_skip_tracking":false,"_exactmetrics_sitenote_active":false,"_exactmetrics_sitenote_note":"","_exactmetrics_sitenote_category":0},"tags":[],"yoast_head":"<!-- This site is optimized with the Yoast SEO plugin v19.8 - https:\/\/yoast.com\/wordpress\/plugins\/seo\/ -->\n<title>Yksityiskuljetukset - Visit Alanya - Alanya is calling<\/title>\n<meta name=\"robots\" content=\"index, follow, max-snippet:-1, max-image-preview:large, max-video-preview:-1\" \/>\n<link rel=\"canonical\" href=\"https:\/\/www.visitalanya.com\/fi\/private-car-transfer-alanya-airports\/\" \/>\n<meta property=\"og:locale\" content=\"fi_FI\" \/>\n<meta property=\"og:type\" content=\"article\" \/>\n<meta property=\"og:title\" content=\"Yksityiskuljetukset - Visit Alanya - Alanya is calling\" \/>\n<meta property=\"og:description\" content=\"Completely pontificate clicks-and-mortar innovation without synergistic web services. Seamlessly create extensive niche markets vis-a-vis cross-media partnerships. Energistically predominate bleeding-edge markets before leveraged innovation. Dramatically initiate cost effective infrastructures without premium action items. Dramatically leverage other&#039;s multifunctional potentialities whereas ubiquitous e-tailers.        Credibly create transparent mindshare without effective processes. Distinctively fabricate robust methods of empowerment rather than cross-platform portals. Competently procrastinate superior technologies vis-a-vis market-driven partnerships. Holisticly reinvent compelling human capital via enterprise experiences. Phosfluorescently supply plug-and-play e-services vis-a-vis backend best practices.        Appropriately restore optimal leadership skills whereas optimal process improvements. Dramatically matrix multimedia based meta-services and sustainable information. Progressively transform inexpensive core competencies whereas fully tested solutions. Holisticly plagiarize performance based &quot;outside the box&quot; thinking whereas flexible benefits. Synergistically transform economically sound niches after superior architectures.        Completely actualize unique deliverables whereas 24\/7 functionalities. Professionally utilize enterprise-wide outsourcing whereas revolutionary opportunities. Competently grow web-enabled leadership skills through premier scenarios. Progressively evolve highly efficient models after alternative processes. Professionally negotiate prospective channels vis-a-vis client-centered manufactured products.        Synergistically leverage existing leveraged products whereas accurate models. Phosfluorescently reconceptualize maintainable leadership and future-proof action items. Competently redefine turnkey leadership via focused technologies. Assertively reconceptualize scalable products with e-business best practices. Professionally orchestrate e-business core competencies whereas extensive meta-services.        Objectively target 2.0.\" \/>\n<meta property=\"og:url\" content=\"https:\/\/www.visitalanya.com\/fi\/private-car-transfer-alanya-airports\/\" \/>\n<meta property=\"og:site_name\" content=\"Visit Alanya - Alanya is calling\" \/>\n<meta property=\"article:publisher\" content=\"https:\/\/www.facebook.com\/VisitAlanya\/\" \/>\n<meta property=\"article:modified_time\" content=\"2016-05-20T18:58:09+00:00\" \/>\n<meta property=\"og:image\" content=\"https:\/\/www.visitalanya.com\/wp-content\/uploads\/2015\/12\/private-car-transfer-to-Alanya-and-to-airport.jpg\" \/>\n\t<meta property=\"og:image:width\" content=\"2500\" \/>\n\t<meta property=\"og:image:height\" content=\"1666\" \/>\n\t<meta property=\"og:image:type\" content=\"image\/jpeg\" \/>\n<meta name=\"twitter:card\" content=\"summary_large_image\" \/>\n<meta name=\"twitter:site\" content=\"@visitalanyacom\" \/>\n<meta name=\"twitter:label1\" content=\"Arvioitu lukuaika\" \/>\n\t<meta name=\"twitter:data1\" content=\"1 minuutti\" \/>\n<script type=\"application\/ld+json\" class=\"yoast-schema-graph\">{\"@context\":\"https:\/\/schema.org\",\"@graph\":[{\"@type\":\"WebPage\",\"@id\":\"https:\/\/www.visitalanya.com\/fi\/private-car-transfer-alanya-airports\/\",\"url\":\"https:\/\/www.visitalanya.com\/fi\/private-car-transfer-alanya-airports\/\",\"name\":\"Yksityiskuljetukset - Visit Alanya - Alanya is calling\",\"isPartOf\":{\"@id\":\"https:\/\/www.visitalanya.com\/fi\/#website\"},\"datePublished\":\"2016-05-20T18:55:57+00:00\",\"dateModified\":\"2016-05-20T18:58:09+00:00\",\"breadcrumb\":{\"@id\":\"https:\/\/www.visitalanya.com\/fi\/private-car-transfer-alanya-airports\/#breadcrumb\"},\"inLanguage\":\"fi\",\"potentialAction\":[{\"@type\":\"ReadAction\",\"target\":[\"https:\/\/www.visitalanya.com\/fi\/private-car-transfer-alanya-airports\/\"]}]},{\"@type\":\"BreadcrumbList\",\"@id\":\"https:\/\/www.visitalanya.com\/fi\/private-car-transfer-alanya-airports\/#breadcrumb\",\"itemListElement\":[{\"@type\":\"ListItem\",\"position\":1,\"name\":\"Home\",\"item\":\"https:\/\/www.visitalanya.com\/fi\/\"},{\"@type\":\"ListItem\",\"position\":2,\"name\":\"Yksityiskuljetukset\"}]},{\"@type\":\"WebSite\",\"@id\":\"https:\/\/www.visitalanya.com\/fi\/#website\",\"url\":\"https:\/\/www.visitalanya.com\/fi\/\",\"name\":\"Visit Alanya - Alanya is calling\",\"description\":\"Alanya Calling \u2014 Your Mediterranean Escape\",\"publisher\":{\"@id\":\"https:\/\/www.visitalanya.com\/fi\/#organization\"},\"potentialAction\":[{\"@type\":\"SearchAction\",\"target\":{\"@type\":\"EntryPoint\",\"urlTemplate\":\"https:\/\/www.visitalanya.com\/fi\/?s={search_term_string}\"},\"query-input\":\"required name=search_term_string\"}],\"inLanguage\":\"fi\"},{\"@type\":\"Organization\",\"@id\":\"https:\/\/www.visitalanya.com\/fi\/#organization\",\"name\":\"Visit Alanya - Alanya is calling\",\"url\":\"https:\/\/www.visitalanya.com\/fi\/\",\"sameAs\":[\"https:\/\/www.instagram.com\/visit_alanya\/\",\"https:\/\/www.facebook.com\/VisitAlanya\/\",\"https:\/\/twitter.com\/visitalanyacom\"],\"logo\":{\"@type\":\"ImageObject\",\"inLanguage\":\"fi\",\"@id\":\"https:\/\/www.visitalanya.com\/fi\/#\/schema\/logo\/image\/\",\"url\":\"https:\/\/www.visitalanya.com\/wp-content\/uploads\/2015\/09\/logo-smll.png\",\"contentUrl\":\"https:\/\/www.visitalanya.com\/wp-content\/uploads\/2015\/09\/logo-smll.png\",\"width\":160,\"height\":108,\"caption\":\"Visit Alanya - Alanya is calling\"},\"image\":{\"@id\":\"https:\/\/www.visitalanya.com\/fi\/#\/schema\/logo\/image\/\"}}]}<\/script>\n<!-- \/ Yoast SEO plugin. -->","yoast_head_json":{"title":"Yksityiskuljetukset - Visit Alanya - Alanya is calling","robots":{"index":"index","follow":"follow","max-snippet":"max-snippet:-1","max-image-preview":"max-image-preview:large","max-video-preview":"max-video-preview:-1"},"canonical":"https:\/\/www.visitalanya.com\/fi\/private-car-transfer-alanya-airports\/","og_locale":"fi_FI","og_type":"article","og_title":"Yksityiskuljetukset - Visit Alanya - Alanya is calling","og_description":"Completely pontificate clicks-and-mortar innovation without synergistic web services. Seamlessly create extensive niche markets vis-a-vis cross-media partnerships. Energistically predominate bleeding-edge markets before leveraged innovation. Dramatically initiate cost effective infrastructures without premium action items. Dramatically leverage other's multifunctional potentialities whereas ubiquitous e-tailers.        Credibly create transparent mindshare without effective processes. Distinctively fabricate robust methods of empowerment rather than cross-platform portals. Competently procrastinate superior technologies vis-a-vis market-driven partnerships. Holisticly reinvent compelling human capital via enterprise experiences. Phosfluorescently supply plug-and-play e-services vis-a-vis backend best practices.        Appropriately restore optimal leadership skills whereas optimal process improvements. Dramatically matrix multimedia based meta-services and sustainable information. Progressively transform inexpensive core competencies whereas fully tested solutions. Holisticly plagiarize performance based \"outside the box\" thinking whereas flexible benefits. Synergistically transform economically sound niches after superior architectures.        Completely actualize unique deliverables whereas 24\/7 functionalities. Professionally utilize enterprise-wide outsourcing whereas revolutionary opportunities. Competently grow web-enabled leadership skills through premier scenarios. Progressively evolve highly efficient models after alternative processes. Professionally negotiate prospective channels vis-a-vis client-centered manufactured products.        Synergistically leverage existing leveraged products whereas accurate models. Phosfluorescently reconceptualize maintainable leadership and future-proof action items. Competently redefine turnkey leadership via focused technologies. Assertively reconceptualize scalable products with e-business best practices. Professionally orchestrate e-business core competencies whereas extensive meta-services.        Objectively target 2.0.","og_url":"https:\/\/www.visitalanya.com\/fi\/private-car-transfer-alanya-airports\/","og_site_name":"Visit Alanya - Alanya is calling","article_publisher":"https:\/\/www.facebook.com\/VisitAlanya\/","article_modified_time":"2016-05-20T18:58:09+00:00","og_image":[{"width":2500,"height":1666,"url":"https:\/\/www.visitalanya.com\/wp-content\/uploads\/2015\/12\/private-car-transfer-to-Alanya-and-to-airport.jpg","type":"image\/jpeg"}],"twitter_card":"summary_large_image","twitter_site":"@visitalanyacom","twitter_misc":{"Arvioitu lukuaika":"1 minuutti"},"schema":{"@context":"https:\/\/schema.org","@graph":[{"@type":"WebPage","@id":"https:\/\/www.visitalanya.com\/fi\/private-car-transfer-alanya-airports\/","url":"https:\/\/www.visitalanya.com\/fi\/private-car-transfer-alanya-airports\/","name":"Yksityiskuljetukset - Visit Alanya - Alanya is calling","isPartOf":{"@id":"https:\/\/www.visitalanya.com\/fi\/#website"},"datePublished":"2016-05-20T18:55:57+00:00","dateModified":"2016-05-20T18:58:09+00:00","breadcrumb":{"@id":"https:\/\/www.visitalanya.com\/fi\/private-car-transfer-alanya-airports\/#breadcrumb"},"inLanguage":"fi","potentialAction":[{"@type":"ReadAction","target":["https:\/\/www.visitalanya.com\/fi\/private-car-transfer-alanya-airports\/"]}]},{"@type":"BreadcrumbList","@id":"https:\/\/www.visitalanya.com\/fi\/private-car-transfer-alanya-airports\/#breadcrumb","itemListElement":[{"@type":"ListItem","position":1,"name":"Home","item":"https:\/\/www.visitalanya.com\/fi\/"},{"@type":"ListItem","position":2,"name":"Yksityiskuljetukset"}]},{"@type":"WebSite","@id":"https:\/\/www.visitalanya.com\/fi\/#website","url":"https:\/\/www.visitalanya.com\/fi\/","name":"Visit Alanya - Alanya is calling","description":"Alanya Calling \u2014 Your Mediterranean Escape","publisher":{"@id":"https:\/\/www.visitalanya.com\/fi\/#organization"},"potentialAction":[{"@type":"SearchAction","target":{"@type":"EntryPoint","urlTemplate":"https:\/\/www.visitalanya.com\/fi\/?s={search_term_string}"},"query-input":"required name=search_term_string"}],"inLanguage":"fi"},{"@type":"Organization","@id":"https:\/\/www.visitalanya.com\/fi\/#organization","name":"Visit Alanya - Alanya is calling","url":"https:\/\/www.visitalanya.com\/fi\/","sameAs":["https:\/\/www.instagram.com\/visit_alanya\/","https:\/\/www.facebook.com\/VisitAlanya\/","https:\/\/twitter.com\/visitalanyacom"],"logo":{"@type":"ImageObject","inLanguage":"fi","@id":"https:\/\/www.visitalanya.com\/fi\/#\/schema\/logo\/image\/","url":"https:\/\/www.visitalanya.com\/wp-content\/uploads\/2015\/09\/logo-smll.png","contentUrl":"https:\/\/www.visitalanya.com\/wp-content\/uploads\/2015\/09\/logo-smll.png","width":160,"height":108,"caption":"Visit Alanya - Alanya is calling"},"image":{"@id":"https:\/\/www.visitalanya.com\/fi\/#\/schema\/logo\/image\/"}}]}},"_links":{"self":[{"href":"https:\/\/www.visitalanya.com\/fi\/wp-json\/wp\/v2\/pages\/6037"}],"collection":[{"href":"https:\/\/www.visitalanya.com\/fi\/wp-json\/wp\/v2\/pages"}],"about":[{"href":"https:\/\/www.visitalanya.com\/fi\/wp-json\/wp\/v2\/types\/page"}],"author":[{"embeddable":true,"href":"https:\/\/www.visitalanya.com\/fi\/wp-json\/wp\/v2\/users\/1"}],"replies":[{"embeddable":true,"href":"https:\/\/www.visitalanya.com\/fi\/wp-json\/wp\/v2\/comments?post=6037"}],"version-history":[{"count":4,"href":"https:\/\/www.visitalanya.com\/fi\/wp-json\/wp\/v2\/pages\/6037\/revisions"}],"predecessor-version":[{"id":6041,"href":"https:\/\/www.visitalanya.com\/fi\/wp-json\/wp\/v2\/pages\/6037\/revisions\/6041"}],"wp:featuredmedia":[{"embeddable":true,"href":"https:\/\/www.visitalanya.com\/fi\/wp-json\/wp\/v2\/media\/5409"}],"wp:attachment":[{"href":"https:\/\/www.visitalanya.com\/fi\/wp-json\/wp\/v2\/media?parent=6037"}],"wp:term":[{"taxonomy":"post_tag","embeddable":true,"href":"https:\/\/www.visitalanya.com\/fi\/wp-json\/wp\/v2\/tags?post=6037"}],"curies":[{"name":"wp","href":"https:\/\/api.w.org\/{rel}","templated":true}]}}