{"id":6050,"date":"2016-05-20T19:18:12","date_gmt":"2016-05-20T19:18:12","guid":{"rendered":"http:\/\/www.visitalanya.com\/fi\/?page_id=6050"},"modified":"2016-05-20T19:26:41","modified_gmt":"2016-05-20T19:26:41","slug":"alanya-public-transport","status":"publish","type":"page","link":"https:\/\/www.visitalanya.com\/fi\/alanya-public-transport\/","title":{"rendered":"Julkinen liikenne Alanyassa"},"content":{"rendered":"<p>[vc_row][vc_column][vc_column_text]<strong>Julkinen liikenne Alanyassa<\/strong><br \/>\nLiikkuminen kaupungissa k\u00e4ytt\u00e4en julkista liikennett\u00e4 on helppoa. Kaupungin paikallisbussit, ovat numeroituja ja ilmastoituja, sek\u00e4 uudemmat ovat ns. matalalattiamalleja joihin k\u00e4ynti on huomattavasti helpompaa varsinkin liikuntarajoitteisille.<\/p>\n<p>Syyskuusta 2012 alkaen busseissa on siirrytty elektronisiin matkakortteihin, jotka ovat tuttuja my\u00f6s Suomen paikallisliikenteest\u00e4. Lippujen hinnat ovat hyvinkin maltillisia, matkakorttia k\u00e4ytt\u00e4en 1,5 TL ja k\u00e4teisell\u00e4 ostettuna 2 TL per kaupungin sis\u00e4inen matka \/henkil\u00f6. Ostettaessa k\u00e4teisell\u00e4 kuljettaja myy lipun kuten Suomessakin.<\/p>\n<p>Busseja on my\u00f6s l\u00e4hivuosina modernisoitu muutenkin, on LCD-n\u00e4yt\u00f6t joista n\u00e4kyy bussin sijainti kartalla &#038; muita tietoja, sek\u00e4 automatisoidut kuulutukset jotka ilmoittavat pys\u00e4kkien nimet.<\/p>\n<p>Matkakortin hankinta kannattaa mik\u00e4li Alanyassa on kauemmin ja k\u00e4ytt\u00e4\u00e4 julkista liikennett\u00e4 runsaasti. Matkakortteja myyd\u00e4\u00e4n oheisessa kuvassa esitetyiss\u00e4 toimipisteess\u00e4. Kortti itsess\u00e4\u00e4n maksaa 5TL ja siihen ladataan arvoa prepaid-periaatteella. <\/p>\n<p>Turisteille t\u00e4rkeimm\u00e4t ja k\u00e4ytetyimm\u00e4t linjat ovat 1 (tai 101) ja 2, jotka kulkevat rantatiet\u00e4 pitkin p\u00e4\u00e4katu Ataturk bulevardia, ja \u201cpaikallisten p\u00e4\u00e4katua\u201d, eli ns. 25 metrin katua. Linja 4 vie yl\u00f6s linnakukkulalle.<\/p>\n<p>Kaukobussit muihin kaupunkeihin menev\u00e4t linja-autoasemalta, eli turkiksi Otogar:ista. Asema on Kleopatran puolella, l\u00e4hell\u00e4 rannan l\u00e4nsip\u00e4\u00e4t\u00e4, korttelin p\u00e4\u00e4ss\u00e4 rannasta. Liput voi ostaa terminaalista ja pitk\u00e4tkin matkat ovat todella edullisia. Kaukobussit ovat laadultaan Suomen tasoa; moderneja ja ilmastoituja. Lis\u00e4ksi mukana on usein matkaem\u00e4nt\u00e4 jolta voi ostaa virvokkeita ja sy\u00f6t\u00e4v\u00e4\u00e4.<br \/>\n[\/vc_column_text][\/vc_column][\/vc_row]<\/p>\n","protected":false},"excerpt":{"rendered":"<p>[vc_row][vc_column][vc_column_text]Julkinen liikenne Alanyassa Liikkuminen kaupungissa k\u00e4ytt\u00e4en julkista liikennett\u00e4 on helppoa. Kaupungin paikallisbussit, ovat numeroituja ja ilmastoituja, sek\u00e4 uudemmat ovat ns. matalalattiamalleja joihin k\u00e4ynti on huomattavasti helpompaa varsinkin liikuntarajoitteisille. Syyskuusta 2012 alkaen busseissa on siirrytty elektronisiin matkakortteihin, jotka ovat tuttuja my\u00f6s Suomen paikallisliikenteest\u00e4. Lippujen hinnat ovat hyvinkin maltillisia, matkakorttia k\u00e4ytt\u00e4en 1,5 TL ja k\u00e4teisell\u00e4 ostettuna 2 TL per kaupungin sis\u00e4inen matka \/henkil\u00f6. Ostettaessa k\u00e4teisell\u00e4 kuljettaja myy lipun kuten Suomessakin. Busseja on my\u00f6s l\u00e4hivuosina modernisoitu muutenkin, on LCD-n\u00e4yt\u00f6t joista n\u00e4kyy bussin sijainti kartalla &#038; muita tietoja, sek\u00e4 automatisoidut kuulutukset jotka ilmoittavat pys\u00e4kkien nimet. Matkakortin hankinta kannattaa mik\u00e4li Alanyassa on kauemmin ja k\u00e4ytt\u00e4\u00e4 julkista liikennett\u00e4 runsaasti. Matkakortteja myyd\u00e4\u00e4n oheisessa kuvassa esitetyiss\u00e4 toimipisteess\u00e4. Kortti itsess\u00e4\u00e4n maksaa 5TL ja siihen ladataan arvoa prepaid-periaatteella. Turisteille t\u00e4rkeimm\u00e4t ja k\u00e4ytetyimm\u00e4t linjat ovat 1 (tai 101) ja 2, jotka kulkevat rantatiet\u00e4 pitkin p\u00e4\u00e4katu Ataturk bulevardia, ja \u201cpaikallisten p\u00e4\u00e4katua\u201d, eli ns. 25 metrin katua. Linja 4 vie yl\u00f6s linnakukkulalle. Kaukobussit muihin kaupunkeihin menev\u00e4t linja-autoasemalta, eli turkiksi Otogar:ista. Asema on Kleopatran puolella, l\u00e4hell\u00e4 rannan l\u00e4nsip\u00e4\u00e4t\u00e4, korttelin p\u00e4\u00e4ss\u00e4 rannasta. Liput voi ostaa terminaalista ja pitk\u00e4tkin matkat ovat todella edullisia. Kaukobussit ovat laadultaan Suomen tasoa; moderneja ja ilmastoituja. Lis\u00e4ksi mukana on usein matkaem\u00e4nt\u00e4 jolta voi ostaa virvokkeita ja sy\u00f6t\u00e4v\u00e4\u00e4. [\/vc_column_text][\/vc_column][\/vc_row]<\/p>\n","protected":false},"author":1,"featured_media":5031,"parent":0,"menu_order":3,"comment_status":"open","ping_status":"open","template":"","meta":{"_mi_skip_tracking":false,"_exactmetrics_sitenote_active":false,"_exactmetrics_sitenote_note":"","_exactmetrics_sitenote_category":0},"tags":[],"yoast_head":"<!-- This site is optimized with the Yoast SEO plugin v19.8 - https:\/\/yoast.com\/wordpress\/plugins\/seo\/ -->\n<title>Julkinen liikenne Alanyassa - Visit Alanya - Alanya is calling<\/title>\n<meta name=\"description\" content=\"Alanya Public transport by Visit alanya.\" \/>\n<meta name=\"robots\" content=\"index, follow, max-snippet:-1, max-image-preview:large, max-video-preview:-1\" \/>\n<link rel=\"canonical\" href=\"https:\/\/www.visitalanya.com\/fi\/alanya-public-transport\/\" \/>\n<meta property=\"og:locale\" content=\"fi_FI\" \/>\n<meta property=\"og:type\" content=\"article\" \/>\n<meta property=\"og:title\" content=\"Julkinen liikenne Alanyassa - Visit Alanya - Alanya is calling\" \/>\n<meta property=\"og:description\" content=\"Alanya Public transport by Visit alanya.\" \/>\n<meta property=\"og:url\" content=\"https:\/\/www.visitalanya.com\/fi\/alanya-public-transport\/\" \/>\n<meta property=\"og:site_name\" content=\"Visit Alanya - Alanya is calling\" \/>\n<meta property=\"article:publisher\" content=\"https:\/\/www.facebook.com\/VisitAlanya\/\" \/>\n<meta property=\"article:modified_time\" content=\"2016-05-20T19:26:41+00:00\" \/>\n<meta property=\"og:image\" content=\"https:\/\/www.visitalanya.com\/wp-content\/uploads\/2015\/02\/ulasimda-para-donemi-bitiyor-e1446906564879.jpg\" \/>\n\t<meta property=\"og:image:width\" content=\"299\" \/>\n\t<meta property=\"og:image:height\" content=\"213\" \/>\n\t<meta property=\"og:image:type\" content=\"image\/jpeg\" \/>\n<meta name=\"twitter:card\" content=\"summary_large_image\" \/>\n<meta name=\"twitter:site\" content=\"@visitalanyacom\" \/>\n<meta name=\"twitter:label1\" content=\"Arvioitu lukuaika\" \/>\n\t<meta name=\"twitter:data1\" content=\"1 minuutti\" \/>\n<script type=\"application\/ld+json\" class=\"yoast-schema-graph\">{\"@context\":\"https:\/\/schema.org\",\"@graph\":[{\"@type\":\"WebPage\",\"@id\":\"https:\/\/www.visitalanya.com\/fi\/alanya-public-transport\/\",\"url\":\"https:\/\/www.visitalanya.com\/fi\/alanya-public-transport\/\",\"name\":\"Julkinen liikenne Alanyassa - Visit Alanya - Alanya is calling\",\"isPartOf\":{\"@id\":\"https:\/\/www.visitalanya.com\/fi\/#website\"},\"datePublished\":\"2016-05-20T19:18:12+00:00\",\"dateModified\":\"2016-05-20T19:26:41+00:00\",\"description\":\"Alanya Public transport by Visit alanya.\",\"breadcrumb\":{\"@id\":\"https:\/\/www.visitalanya.com\/fi\/alanya-public-transport\/#breadcrumb\"},\"inLanguage\":\"fi\",\"potentialAction\":[{\"@type\":\"ReadAction\",\"target\":[\"https:\/\/www.visitalanya.com\/fi\/alanya-public-transport\/\"]}]},{\"@type\":\"BreadcrumbList\",\"@id\":\"https:\/\/www.visitalanya.com\/fi\/alanya-public-transport\/#breadcrumb\",\"itemListElement\":[{\"@type\":\"ListItem\",\"position\":1,\"name\":\"Home\",\"item\":\"https:\/\/www.visitalanya.com\/fi\/\"},{\"@type\":\"ListItem\",\"position\":2,\"name\":\"Julkinen liikenne Alanyassa\"}]},{\"@type\":\"WebSite\",\"@id\":\"https:\/\/www.visitalanya.com\/fi\/#website\",\"url\":\"https:\/\/www.visitalanya.com\/fi\/\",\"name\":\"Visit Alanya - Alanya is calling\",\"description\":\"Alanya Calling \u2014 Your Mediterranean Escape\",\"publisher\":{\"@id\":\"https:\/\/www.visitalanya.com\/fi\/#organization\"},\"potentialAction\":[{\"@type\":\"SearchAction\",\"target\":{\"@type\":\"EntryPoint\",\"urlTemplate\":\"https:\/\/www.visitalanya.com\/fi\/?s={search_term_string}\"},\"query-input\":\"required name=search_term_string\"}],\"inLanguage\":\"fi\"},{\"@type\":\"Organization\",\"@id\":\"https:\/\/www.visitalanya.com\/fi\/#organization\",\"name\":\"Visit Alanya - Alanya is calling\",\"url\":\"https:\/\/www.visitalanya.com\/fi\/\",\"sameAs\":[\"https:\/\/www.instagram.com\/visit_alanya\/\",\"https:\/\/www.facebook.com\/VisitAlanya\/\",\"https:\/\/twitter.com\/visitalanyacom\"],\"logo\":{\"@type\":\"ImageObject\",\"inLanguage\":\"fi\",\"@id\":\"https:\/\/www.visitalanya.com\/fi\/#\/schema\/logo\/image\/\",\"url\":\"https:\/\/www.visitalanya.com\/wp-content\/uploads\/2015\/09\/logo-smll.png\",\"contentUrl\":\"https:\/\/www.visitalanya.com\/wp-content\/uploads\/2015\/09\/logo-smll.png\",\"width\":160,\"height\":108,\"caption\":\"Visit Alanya - Alanya is calling\"},\"image\":{\"@id\":\"https:\/\/www.visitalanya.com\/fi\/#\/schema\/logo\/image\/\"}}]}<\/script>\n<!-- \/ Yoast SEO plugin. -->","yoast_head_json":{"title":"Julkinen liikenne Alanyassa - Visit Alanya - Alanya is calling","description":"Alanya Public transport by Visit alanya.","robots":{"index":"index","follow":"follow","max-snippet":"max-snippet:-1","max-image-preview":"max-image-preview:large","max-video-preview":"max-video-preview:-1"},"canonical":"https:\/\/www.visitalanya.com\/fi\/alanya-public-transport\/","og_locale":"fi_FI","og_type":"article","og_title":"Julkinen liikenne Alanyassa - Visit Alanya - Alanya is calling","og_description":"Alanya Public transport by Visit alanya.","og_url":"https:\/\/www.visitalanya.com\/fi\/alanya-public-transport\/","og_site_name":"Visit Alanya - Alanya is calling","article_publisher":"https:\/\/www.facebook.com\/VisitAlanya\/","article_modified_time":"2016-05-20T19:26:41+00:00","og_image":[{"width":299,"height":213,"url":"https:\/\/www.visitalanya.com\/wp-content\/uploads\/2015\/02\/ulasimda-para-donemi-bitiyor-e1446906564879.jpg","type":"image\/jpeg"}],"twitter_card":"summary_large_image","twitter_site":"@visitalanyacom","twitter_misc":{"Arvioitu lukuaika":"1 minuutti"},"schema":{"@context":"https:\/\/schema.org","@graph":[{"@type":"WebPage","@id":"https:\/\/www.visitalanya.com\/fi\/alanya-public-transport\/","url":"https:\/\/www.visitalanya.com\/fi\/alanya-public-transport\/","name":"Julkinen liikenne Alanyassa - Visit Alanya - Alanya is calling","isPartOf":{"@id":"https:\/\/www.visitalanya.com\/fi\/#website"},"datePublished":"2016-05-20T19:18:12+00:00","dateModified":"2016-05-20T19:26:41+00:00","description":"Alanya Public transport by Visit alanya.","breadcrumb":{"@id":"https:\/\/www.visitalanya.com\/fi\/alanya-public-transport\/#breadcrumb"},"inLanguage":"fi","potentialAction":[{"@type":"ReadAction","target":["https:\/\/www.visitalanya.com\/fi\/alanya-public-transport\/"]}]},{"@type":"BreadcrumbList","@id":"https:\/\/www.visitalanya.com\/fi\/alanya-public-transport\/#breadcrumb","itemListElement":[{"@type":"ListItem","position":1,"name":"Home","item":"https:\/\/www.visitalanya.com\/fi\/"},{"@type":"ListItem","position":2,"name":"Julkinen liikenne Alanyassa"}]},{"@type":"WebSite","@id":"https:\/\/www.visitalanya.com\/fi\/#website","url":"https:\/\/www.visitalanya.com\/fi\/","name":"Visit Alanya - Alanya is calling","description":"Alanya Calling \u2014 Your Mediterranean Escape","publisher":{"@id":"https:\/\/www.visitalanya.com\/fi\/#organization"},"potentialAction":[{"@type":"SearchAction","target":{"@type":"EntryPoint","urlTemplate":"https:\/\/www.visitalanya.com\/fi\/?s={search_term_string}"},"query-input":"required name=search_term_string"}],"inLanguage":"fi"},{"@type":"Organization","@id":"https:\/\/www.visitalanya.com\/fi\/#organization","name":"Visit Alanya - Alanya is calling","url":"https:\/\/www.visitalanya.com\/fi\/","sameAs":["https:\/\/www.instagram.com\/visit_alanya\/","https:\/\/www.facebook.com\/VisitAlanya\/","https:\/\/twitter.com\/visitalanyacom"],"logo":{"@type":"ImageObject","inLanguage":"fi","@id":"https:\/\/www.visitalanya.com\/fi\/#\/schema\/logo\/image\/","url":"https:\/\/www.visitalanya.com\/wp-content\/uploads\/2015\/09\/logo-smll.png","contentUrl":"https:\/\/www.visitalanya.com\/wp-content\/uploads\/2015\/09\/logo-smll.png","width":160,"height":108,"caption":"Visit Alanya - Alanya is calling"},"image":{"@id":"https:\/\/www.visitalanya.com\/fi\/#\/schema\/logo\/image\/"}}]}},"_links":{"self":[{"href":"https:\/\/www.visitalanya.com\/fi\/wp-json\/wp\/v2\/pages\/6050"}],"collection":[{"href":"https:\/\/www.visitalanya.com\/fi\/wp-json\/wp\/v2\/pages"}],"about":[{"href":"https:\/\/www.visitalanya.com\/fi\/wp-json\/wp\/v2\/types\/page"}],"author":[{"embeddable":true,"href":"https:\/\/www.visitalanya.com\/fi\/wp-json\/wp\/v2\/users\/1"}],"replies":[{"embeddable":true,"href":"https:\/\/www.visitalanya.com\/fi\/wp-json\/wp\/v2\/comments?post=6050"}],"version-history":[{"count":1,"href":"https:\/\/www.visitalanya.com\/fi\/wp-json\/wp\/v2\/pages\/6050\/revisions"}],"predecessor-version":[{"id":6051,"href":"https:\/\/www.visitalanya.com\/fi\/wp-json\/wp\/v2\/pages\/6050\/revisions\/6051"}],"wp:featuredmedia":[{"embeddable":true,"href":"https:\/\/www.visitalanya.com\/fi\/wp-json\/wp\/v2\/media\/5031"}],"wp:attachment":[{"href":"https:\/\/www.visitalanya.com\/fi\/wp-json\/wp\/v2\/media?parent=6050"}],"wp:term":[{"taxonomy":"post_tag","embeddable":true,"href":"https:\/\/www.visitalanya.com\/fi\/wp-json\/wp\/v2\/tags?post=6050"}],"curies":[{"name":"wp","href":"https:\/\/api.w.org\/{rel}","templated":true}]}}