{"id":6085,"date":"2015-03-03T15:00:25","date_gmt":"2015-03-03T15:00:25","guid":{"rendered":"http:\/\/www.visitalanya.com\/fi\/restaurants-in-alanya\/"},"modified":"2016-06-05T16:25:45","modified_gmt":"2016-06-05T16:25:45","slug":"ravintolat_alanyassa","status":"publish","type":"page","link":"https:\/\/www.visitalanya.com\/fi\/ravintolat_alanyassa\/","title":{"rendered":"Ravintolat Alanyassa"},"content":{"rendered":"<p>[vc_row][vc_column][vc_column_text]<\/p>\n<p style=\"text-align: justify;\"><strong>Ravintolat Alanyassa<br \/>\n<\/strong>Turkkilainen ruoka ei ole vain kebabia mihin suomessa olemme tottuneet.\u00a0 Alanyassa onkin hyv\u00e4 mahdollisuus tutustua oikeaan turkkilaiseen keitti\u00f6\u00f6n ja sen tarjoamiin herkkuihin.<\/p>\n<p>Paikallliset kalat, lihat ja kasvikset \u2013 n\u00e4ist\u00e4 on pitk\u00e4lti turkkilainen ruoka tehty. Suomesta tuttu d\u00f6ner kebab, joka kypsennet\u00e4\u00e4n pystyvartaassa ja tarjoillaan ohuiksi siivuiksi leikeltyn\u00e4 on Turkissa l\u00e4hinn\u00e4 pika\/katuruokaa ja hyvin edullista. Erona suomalaiseen valmistustapaan on, ett\u00e4 liha on kokolihaa ja kypsennys tehd\u00e4\u00e4n avotulella. Perinteinen kebab tarjoillaan ravintolassa vartaassa, joka on avotulella grillattu ja samalla v\u00e4h\u00e4n savustunut herkku. Samalla grillill\u00e4 paistuvat V\u00e4limerest\u00e4 nostetut tuoreet kalat ja muut merenel\u00e4v\u00e4t sek\u00e4 kasvikset, mm. paprikat, tomaatit ja sipulit. Lisukkeena tarjoillaan yleens\u00e4 riisi\u00e4 ja ohutta leip\u00e4\u00e4 joka tuodaan aina p\u00f6yt\u00e4\u00e4n kuumana suoraan uunista. Leip\u00e4 on herkullisimmillaan dipattuna Kreikan matkoilta tuttuun, tsatsiki -tyyppiseen valkosipuli\/jugurttikastiikkeeseen tai salsamaiseen paprikakastikkeeseen. Yhtym\u00e4kohtia muihin v\u00e4limeren keitti\u00f6ihin l\u00f6ytyy runsaasti. Esim. meze-tyylinen brunssi on ehdottomasti kokeilemisen arvoinen, koostuen useista eri ruokalajeista espanjalaisen tapaksen kaltaisesti. Meze\u00e4 kutsutaankin Turkin tapakseksi.<\/p>\n<p>Alanyassa on lukuisia hyvi\u00e4 ravintoloita jotka tarjoilevat turkkilaisen keitti\u00f6n ruokia, mutta l\u00e4hes kaikista l\u00f6ytyv\u00e4t my\u00f6s kansainv\u00e4liset suosikit pizzojen, pastojen ja pihvien muodossa. Kaupungista l\u00f6ytyy my\u00f6s etnisi\u00e4 ruokapaikkoja, kuten meksikolaisia, kiinalaisia, japanilaisia, ven\u00e4l\u00e4isi\u00e4 ja espanjalaisia ravintoloita. Keskustan alueella ravintolat usein tarjoavat noudon majoitukselta autolla. N\u00e4it\u00e4 tarjouksia kannattaakin hy\u00f6dynt\u00e4\u00e4 soittamalla ravintolaan ennen vierailua ja pyyt\u00e4m\u00e4ll\u00e4 ravintolaa j\u00e4rjest\u00e4m\u00e4\u00e4n kuljetus.<\/p>\n<p>[\/vc_column_text][\/vc_column][\/vc_row]<\/p>\n","protected":false},"excerpt":{"rendered":"<p>[vc_row][vc_column][vc_column_text] Ravintolat Alanyassa Turkkilainen ruoka ei ole vain kebabia mihin suomessa olemme tottuneet.\u00a0 Alanyassa onkin hyv\u00e4 mahdollisuus tutustua oikeaan turkkilaiseen keitti\u00f6\u00f6n ja sen tarjoamiin herkkuihin. Paikallliset kalat, lihat ja kasvikset \u2013 n\u00e4ist\u00e4 on pitk\u00e4lti turkkilainen ruoka tehty. Suomesta tuttu d\u00f6ner kebab, joka kypsennet\u00e4\u00e4n pystyvartaassa ja tarjoillaan ohuiksi siivuiksi leikeltyn\u00e4 on Turkissa l\u00e4hinn\u00e4 pika\/katuruokaa ja hyvin edullista. Erona suomalaiseen valmistustapaan on, ett\u00e4 liha on kokolihaa ja kypsennys tehd\u00e4\u00e4n avotulella. Perinteinen kebab tarjoillaan ravintolassa vartaassa, joka on avotulella grillattu ja samalla v\u00e4h\u00e4n savustunut herkku. Samalla grillill\u00e4 paistuvat V\u00e4limerest\u00e4 nostetut tuoreet kalat ja muut merenel\u00e4v\u00e4t sek\u00e4 kasvikset, mm. paprikat, tomaatit ja sipulit. Lisukkeena tarjoillaan yleens\u00e4 riisi\u00e4 ja ohutta leip\u00e4\u00e4 joka tuodaan aina p\u00f6yt\u00e4\u00e4n kuumana suoraan uunista. Leip\u00e4 on herkullisimmillaan dipattuna Kreikan matkoilta tuttuun, tsatsiki -tyyppiseen valkosipuli\/jugurttikastiikkeeseen tai salsamaiseen paprikakastikkeeseen. Yhtym\u00e4kohtia muihin v\u00e4limeren keitti\u00f6ihin l\u00f6ytyy runsaasti. Esim. meze-tyylinen brunssi on ehdottomasti kokeilemisen arvoinen, koostuen useista eri ruokalajeista espanjalaisen tapaksen kaltaisesti. Meze\u00e4 kutsutaankin Turkin tapakseksi. Alanyassa on lukuisia hyvi\u00e4 ravintoloita jotka tarjoilevat turkkilaisen keitti\u00f6n ruokia, mutta l\u00e4hes kaikista l\u00f6ytyv\u00e4t my\u00f6s kansainv\u00e4liset suosikit pizzojen, pastojen ja pihvien muodossa. Kaupungista l\u00f6ytyy my\u00f6s etnisi\u00e4 ruokapaikkoja, kuten meksikolaisia, kiinalaisia, japanilaisia, ven\u00e4l\u00e4isi\u00e4 ja espanjalaisia ravintoloita. Keskustan alueella ravintolat usein tarjoavat noudon majoitukselta autolla. N\u00e4it\u00e4 tarjouksia kannattaakin hy\u00f6dynt\u00e4\u00e4 soittamalla ravintolaan ennen vierailua ja pyyt\u00e4m\u00e4ll\u00e4 ravintolaa j\u00e4rjest\u00e4m\u00e4\u00e4n kuljetus. [\/vc_column_text][\/vc_column][\/vc_row]<\/p>\n","protected":false},"author":1,"featured_media":5215,"parent":0,"menu_order":0,"comment_status":"closed","ping_status":"open","template":"review-template.php","meta":{"_mi_skip_tracking":false,"_exactmetrics_sitenote_active":false,"_exactmetrics_sitenote_note":"","_exactmetrics_sitenote_category":0},"tags":[],"yoast_head":"<!-- This site is optimized with the Yoast SEO plugin v19.8 - https:\/\/yoast.com\/wordpress\/plugins\/seo\/ -->\n<title>Ravintolat Alanyassa - Visit Alanya - Alanya is calling<\/title>\n<meta name=\"description\" content=\"Search restaurants in Alanya by Visit Alanya.There are several restaurants which serves to tourists and local people. Ocakba\u015f\u0131, tex mex, mexican, and ect.\" \/>\n<meta name=\"robots\" content=\"index, follow, max-snippet:-1, max-image-preview:large, max-video-preview:-1\" \/>\n<link rel=\"canonical\" href=\"https:\/\/www.visitalanya.com\/fi\/ravintolat_alanyassa\/\" \/>\n<meta property=\"og:locale\" content=\"fi_FI\" \/>\n<meta property=\"og:type\" content=\"article\" \/>\n<meta property=\"og:title\" content=\"Ravintolat Alanyassa - Visit Alanya - Alanya is calling\" \/>\n<meta property=\"og:description\" content=\"Search restaurants in Alanya by Visit Alanya.There are several restaurants which serves to tourists and local people. Ocakba\u015f\u0131, tex mex, mexican, and ect.\" \/>\n<meta property=\"og:url\" content=\"https:\/\/www.visitalanya.com\/fi\/ravintolat_alanyassa\/\" \/>\n<meta property=\"og:site_name\" content=\"Visit Alanya - Alanya is calling\" \/>\n<meta property=\"article:publisher\" content=\"https:\/\/www.facebook.com\/VisitAlanya\/\" \/>\n<meta property=\"article:modified_time\" content=\"2016-06-05T16:25:45+00:00\" \/>\n<meta property=\"og:image\" content=\"https:\/\/www.visitalanya.com\/wp-content\/uploads\/2015\/03\/turkis-food-in-Alanya.jpg\" \/>\n\t<meta property=\"og:image:width\" content=\"800\" \/>\n\t<meta property=\"og:image:height\" content=\"526\" \/>\n\t<meta property=\"og:image:type\" content=\"image\/jpeg\" \/>\n<meta name=\"twitter:card\" content=\"summary_large_image\" \/>\n<meta name=\"twitter:site\" content=\"@visitalanyacom\" \/>\n<meta name=\"twitter:label1\" content=\"Arvioitu lukuaika\" \/>\n\t<meta name=\"twitter:data1\" content=\"1 minuutti\" \/>\n<script type=\"application\/ld+json\" class=\"yoast-schema-graph\">{\"@context\":\"https:\/\/schema.org\",\"@graph\":[{\"@type\":\"WebPage\",\"@id\":\"https:\/\/www.visitalanya.com\/fi\/ravintolat_alanyassa\/\",\"url\":\"https:\/\/www.visitalanya.com\/fi\/ravintolat_alanyassa\/\",\"name\":\"Ravintolat Alanyassa - Visit Alanya - Alanya is calling\",\"isPartOf\":{\"@id\":\"https:\/\/www.visitalanya.com\/fi\/#website\"},\"datePublished\":\"2015-03-03T15:00:25+00:00\",\"dateModified\":\"2016-06-05T16:25:45+00:00\",\"description\":\"Search restaurants in Alanya by Visit Alanya.There are several restaurants which serves to tourists and local people. Ocakba\u015f\u0131, tex mex, mexican, and ect.\",\"breadcrumb\":{\"@id\":\"https:\/\/www.visitalanya.com\/fi\/ravintolat_alanyassa\/#breadcrumb\"},\"inLanguage\":\"fi\",\"potentialAction\":[{\"@type\":\"ReadAction\",\"target\":[\"https:\/\/www.visitalanya.com\/fi\/ravintolat_alanyassa\/\"]}]},{\"@type\":\"BreadcrumbList\",\"@id\":\"https:\/\/www.visitalanya.com\/fi\/ravintolat_alanyassa\/#breadcrumb\",\"itemListElement\":[{\"@type\":\"ListItem\",\"position\":1,\"name\":\"Home\",\"item\":\"https:\/\/www.visitalanya.com\/fi\/\"},{\"@type\":\"ListItem\",\"position\":2,\"name\":\"Ravintolat Alanyassa\"}]},{\"@type\":\"WebSite\",\"@id\":\"https:\/\/www.visitalanya.com\/fi\/#website\",\"url\":\"https:\/\/www.visitalanya.com\/fi\/\",\"name\":\"Visit Alanya - Alanya is calling\",\"description\":\"Alanya Calling \u2014 Your Mediterranean Escape\",\"publisher\":{\"@id\":\"https:\/\/www.visitalanya.com\/fi\/#organization\"},\"potentialAction\":[{\"@type\":\"SearchAction\",\"target\":{\"@type\":\"EntryPoint\",\"urlTemplate\":\"https:\/\/www.visitalanya.com\/fi\/?s={search_term_string}\"},\"query-input\":\"required name=search_term_string\"}],\"inLanguage\":\"fi\"},{\"@type\":\"Organization\",\"@id\":\"https:\/\/www.visitalanya.com\/fi\/#organization\",\"name\":\"Visit Alanya - Alanya is calling\",\"url\":\"https:\/\/www.visitalanya.com\/fi\/\",\"sameAs\":[\"https:\/\/www.instagram.com\/visit_alanya\/\",\"https:\/\/www.facebook.com\/VisitAlanya\/\",\"https:\/\/twitter.com\/visitalanyacom\"],\"logo\":{\"@type\":\"ImageObject\",\"inLanguage\":\"fi\",\"@id\":\"https:\/\/www.visitalanya.com\/fi\/#\/schema\/logo\/image\/\",\"url\":\"https:\/\/www.visitalanya.com\/wp-content\/uploads\/2015\/09\/logo-smll.png\",\"contentUrl\":\"https:\/\/www.visitalanya.com\/wp-content\/uploads\/2015\/09\/logo-smll.png\",\"width\":160,\"height\":108,\"caption\":\"Visit Alanya - Alanya is calling\"},\"image\":{\"@id\":\"https:\/\/www.visitalanya.com\/fi\/#\/schema\/logo\/image\/\"}}]}<\/script>\n<!-- \/ Yoast SEO plugin. -->","yoast_head_json":{"title":"Ravintolat Alanyassa - Visit Alanya - Alanya is calling","description":"Search restaurants in Alanya by Visit Alanya.There are several restaurants which serves to tourists and local people. Ocakba\u015f\u0131, tex mex, mexican, and ect.","robots":{"index":"index","follow":"follow","max-snippet":"max-snippet:-1","max-image-preview":"max-image-preview:large","max-video-preview":"max-video-preview:-1"},"canonical":"https:\/\/www.visitalanya.com\/fi\/ravintolat_alanyassa\/","og_locale":"fi_FI","og_type":"article","og_title":"Ravintolat Alanyassa - Visit Alanya - Alanya is calling","og_description":"Search restaurants in Alanya by Visit Alanya.There are several restaurants which serves to tourists and local people. Ocakba\u015f\u0131, tex mex, mexican, and ect.","og_url":"https:\/\/www.visitalanya.com\/fi\/ravintolat_alanyassa\/","og_site_name":"Visit Alanya - Alanya is calling","article_publisher":"https:\/\/www.facebook.com\/VisitAlanya\/","article_modified_time":"2016-06-05T16:25:45+00:00","og_image":[{"width":800,"height":526,"url":"https:\/\/www.visitalanya.com\/wp-content\/uploads\/2015\/03\/turkis-food-in-Alanya.jpg","type":"image\/jpeg"}],"twitter_card":"summary_large_image","twitter_site":"@visitalanyacom","twitter_misc":{"Arvioitu lukuaika":"1 minuutti"},"schema":{"@context":"https:\/\/schema.org","@graph":[{"@type":"WebPage","@id":"https:\/\/www.visitalanya.com\/fi\/ravintolat_alanyassa\/","url":"https:\/\/www.visitalanya.com\/fi\/ravintolat_alanyassa\/","name":"Ravintolat Alanyassa - Visit Alanya - Alanya is calling","isPartOf":{"@id":"https:\/\/www.visitalanya.com\/fi\/#website"},"datePublished":"2015-03-03T15:00:25+00:00","dateModified":"2016-06-05T16:25:45+00:00","description":"Search restaurants in Alanya by Visit Alanya.There are several restaurants which serves to tourists and local people. Ocakba\u015f\u0131, tex mex, mexican, and ect.","breadcrumb":{"@id":"https:\/\/www.visitalanya.com\/fi\/ravintolat_alanyassa\/#breadcrumb"},"inLanguage":"fi","potentialAction":[{"@type":"ReadAction","target":["https:\/\/www.visitalanya.com\/fi\/ravintolat_alanyassa\/"]}]},{"@type":"BreadcrumbList","@id":"https:\/\/www.visitalanya.com\/fi\/ravintolat_alanyassa\/#breadcrumb","itemListElement":[{"@type":"ListItem","position":1,"name":"Home","item":"https:\/\/www.visitalanya.com\/fi\/"},{"@type":"ListItem","position":2,"name":"Ravintolat Alanyassa"}]},{"@type":"WebSite","@id":"https:\/\/www.visitalanya.com\/fi\/#website","url":"https:\/\/www.visitalanya.com\/fi\/","name":"Visit Alanya - Alanya is calling","description":"Alanya Calling \u2014 Your Mediterranean Escape","publisher":{"@id":"https:\/\/www.visitalanya.com\/fi\/#organization"},"potentialAction":[{"@type":"SearchAction","target":{"@type":"EntryPoint","urlTemplate":"https:\/\/www.visitalanya.com\/fi\/?s={search_term_string}"},"query-input":"required name=search_term_string"}],"inLanguage":"fi"},{"@type":"Organization","@id":"https:\/\/www.visitalanya.com\/fi\/#organization","name":"Visit Alanya - Alanya is calling","url":"https:\/\/www.visitalanya.com\/fi\/","sameAs":["https:\/\/www.instagram.com\/visit_alanya\/","https:\/\/www.facebook.com\/VisitAlanya\/","https:\/\/twitter.com\/visitalanyacom"],"logo":{"@type":"ImageObject","inLanguage":"fi","@id":"https:\/\/www.visitalanya.com\/fi\/#\/schema\/logo\/image\/","url":"https:\/\/www.visitalanya.com\/wp-content\/uploads\/2015\/09\/logo-smll.png","contentUrl":"https:\/\/www.visitalanya.com\/wp-content\/uploads\/2015\/09\/logo-smll.png","width":160,"height":108,"caption":"Visit Alanya - Alanya is calling"},"image":{"@id":"https:\/\/www.visitalanya.com\/fi\/#\/schema\/logo\/image\/"}}]}},"_links":{"self":[{"href":"https:\/\/www.visitalanya.com\/fi\/wp-json\/wp\/v2\/pages\/6085"}],"collection":[{"href":"https:\/\/www.visitalanya.com\/fi\/wp-json\/wp\/v2\/pages"}],"about":[{"href":"https:\/\/www.visitalanya.com\/fi\/wp-json\/wp\/v2\/types\/page"}],"author":[{"embeddable":true,"href":"https:\/\/www.visitalanya.com\/fi\/wp-json\/wp\/v2\/users\/1"}],"replies":[{"embeddable":true,"href":"https:\/\/www.visitalanya.com\/fi\/wp-json\/wp\/v2\/comments?post=6085"}],"version-history":[{"count":4,"href":"https:\/\/www.visitalanya.com\/fi\/wp-json\/wp\/v2\/pages\/6085\/revisions"}],"predecessor-version":[{"id":6100,"href":"https:\/\/www.visitalanya.com\/fi\/wp-json\/wp\/v2\/pages\/6085\/revisions\/6100"}],"wp:featuredmedia":[{"embeddable":true,"href":"https:\/\/www.visitalanya.com\/fi\/wp-json\/wp\/v2\/media\/5215"}],"wp:attachment":[{"href":"https:\/\/www.visitalanya.com\/fi\/wp-json\/wp\/v2\/media?parent=6085"}],"wp:term":[{"taxonomy":"post_tag","embeddable":true,"href":"https:\/\/www.visitalanya.com\/fi\/wp-json\/wp\/v2\/tags?post=6085"}],"curies":[{"name":"wp","href":"https:\/\/api.w.org\/{rel}","templated":true}]}}