{"id":6148,"date":"2016-06-18T10:23:11","date_gmt":"2016-06-18T10:23:11","guid":{"rendered":"http:\/\/www.visitalanya.com\/fi\/?page_id=6148"},"modified":"2016-06-18T10:30:28","modified_gmt":"2016-06-18T10:30:28","slug":"vuokra-asunnot-alanyassa","status":"publish","type":"page","link":"https:\/\/www.visitalanya.com\/fi\/vuokra-asunnot-alanyassa\/","title":{"rendered":"Vuokra-asunnot Alanyassa"},"content":{"rendered":"<p>[vc_row][vc_column][vc_column_text]<\/p>\n<p style=\"text-align: justify;\"><strong>Vuokra-asunnot Alanyassa<\/strong><br \/>\nHaluatko enemm\u00e4n tilaa, paremman varustelun ja oman, kunnon keitti\u00f6n lomasi ajaksi? Miellytt\u00e4\u00e4k\u00f6 hotellia rauhallisempi lomanviettoymp\u00e4rist\u00f6?<\/p>\n<p style=\"text-align: justify;\">Loma-asuntojen taso on Alanyassa todella korkea. P\u00e4\u00e4osin asunnot ovat eurooppalaisten omistuksessa ja suomalaisiakin joukossa on merkitt\u00e4v\u00e4 m\u00e4\u00e4r\u00e4. Moni asunnon omistaja on laittanut loma-asuntonsa vuokrak\u00e4ytt\u00f6\u00f6n muidenkin lomanviett\u00e4jien iloksi, sill\u00e4 monet loma-asuntokomplksit tarjoavan saman tai usein enemm\u00e4nkin kuin hotelli. On uima-altaita, kylpyl\u00e4\u00e4, keilahallia ja tenniskentt\u00e4\u00e4 jotka ovat kaikkien asukkaiden k\u00e4yt\u00f6ss\u00e4! Tilaa on vaan runsaasti enemm\u00e4n kuin hotelleissa sek\u00e4 alueet ovat usein rauhallisempia. Jos asuntoa halajaa ihan keskustasta niin niit\u00e4kin on tarjolla, tilaa vain on hotellihuonetta runsaasti enemm\u00e4n!<\/p>\n<p style=\"text-align: justify;\">Muutamia pointteja joita kannattaa ottaa huomioon kun miettii vuokraamista hotellin sijaan:<\/p>\n<p><strong>Plussat:<\/strong><\/p>\n<ul>\n<li>Enemm\u00e4n tilaa ja laatua samalla rahalla<\/li>\n<li>Varustelutaso usein parempi kuin hotellihuoneessa tai huoneistohotellissa<\/li>\n<li>Rauhallisempi lomanviettoymp\u00e4rist\u00f6 kuin hotelleissa<\/li>\n<li>Oma laadukas ja kunnon keitti\u00f6 jossa voi tehd\u00e4 hyvin aamiaista ja muitakin ruokia<\/li>\n<\/ul>\n<p style=\"text-align: justify;\">Miinukset:<\/p>\n<ul>\n<li>Omatoimimatkailua &#8211; Lennot ja lentokentt\u00e4kuljetukset ostettava itse<\/li>\n<li>Ei aamiaistarjoilua<\/li>\n<li>Ei siivousta loman aikana (vain loppusiivous)<\/li>\n<\/ul>\n<p style=\"text-align: justify;\">Listaamme hyvi\u00e4 ja hyvin varusteltuja loma-asuntoja sivuillemme. Pysy kuulolla!<\/p>\n<p>[\/vc_column_text][\/vc_column][\/vc_row]<\/p>\n","protected":false},"excerpt":{"rendered":"<p>Completely pontificate clicks-and-mortar innovation without synergistic web services. Seamlessly create extensive niche markets vis-a-vis cross-media partnerships. Energistically predominate bleeding-edge markets before leveraged innovation. Dramatically initiate cost effective infrastructures without premium action items. Dramatically leverage other&#8217;s multifunctional potentialities whereas ubiquitous e-tailers.<\/p>\n<p>Credibly create transparent mindshare without effective processes. Distinctively fabricate robust methods of empowerment rather than cross-platform portals. Competently procrastinate superior technologies vis-a-vis market-driven partnerships. Holisticly reinvent compelling human capital via enterprise experiences. Phosfluorescently supply plug-and-play e-services vis-a-vis backend best practices.<\/p>\n<p>Appropriately restore optimal leadership skills whereas optimal process improvements. Dramatically matrix multimedia based meta-services and sustainable information. Progressively transform inexpensive core competencies whereas fully tested solutions. Holisticly plagiarize performance based &#8221;outside the box&#8221; thinking whereas flexible benefits. Synergistically transform economically sound niches after superior architectures.<\/p>\n<p>Completely actualize unique deliverables whereas 24\/7 functionalities. Professionally utilize enterprise-wide outsourcing whereas revolutionary opportunities. Competently grow web-enabled leadership skills through premier scenarios. Progressively evolve highly efficient models after alternative processes. Professionally negotiate prospective channels vis-a-vis client-centered manufactured products.<\/p>\n<p>Synergistically leverage existing leveraged products whereas accurate models. Phosfluorescently reconceptualize maintainable leadership and future-proof action items. Competently redefine turnkey leadership via focused technologies. Assertively reconceptualize scalable products with e-business best practices. Professionally orchestrate e-business core competencies whereas extensive meta-services.<\/p>\n<p>Objectively target 2.0.<\/p>\n","protected":false},"author":63,"featured_media":5191,"parent":0,"menu_order":0,"comment_status":"open","ping_status":"closed","template":"hub-template.php","meta":{"_mi_skip_tracking":false,"_exactmetrics_sitenote_active":false,"_exactmetrics_sitenote_note":"","_exactmetrics_sitenote_category":0},"tags":[],"yoast_head":"<!-- This site is optimized with the Yoast SEO plugin v19.8 - https:\/\/yoast.com\/wordpress\/plugins\/seo\/ -->\n<title>Vuokra-asunnot Alanyassa - Visit Alanya - Alanya is calling<\/title>\n<meta name=\"robots\" content=\"index, follow, max-snippet:-1, max-image-preview:large, max-video-preview:-1\" \/>\n<link rel=\"canonical\" href=\"https:\/\/www.visitalanya.com\/fi\/vuokra-asunnot-alanyassa\/\" \/>\n<meta property=\"og:locale\" content=\"fi_FI\" \/>\n<meta property=\"og:type\" content=\"article\" \/>\n<meta property=\"og:title\" content=\"Vuokra-asunnot Alanyassa - Visit Alanya - Alanya is calling\" \/>\n<meta property=\"og:description\" content=\"Completely pontificate clicks-and-mortar innovation without synergistic web services. Seamlessly create extensive niche markets vis-a-vis cross-media partnerships. Energistically predominate bleeding-edge markets before leveraged innovation. Dramatically initiate cost effective infrastructures without premium action items. Dramatically leverage other&#039;s multifunctional potentialities whereas ubiquitous e-tailers.        Credibly create transparent mindshare without effective processes. Distinctively fabricate robust methods of empowerment rather than cross-platform portals. Competently procrastinate superior technologies vis-a-vis market-driven partnerships. Holisticly reinvent compelling human capital via enterprise experiences. Phosfluorescently supply plug-and-play e-services vis-a-vis backend best practices.        Appropriately restore optimal leadership skills whereas optimal process improvements. Dramatically matrix multimedia based meta-services and sustainable information. Progressively transform inexpensive core competencies whereas fully tested solutions. Holisticly plagiarize performance based &quot;outside the box&quot; thinking whereas flexible benefits. Synergistically transform economically sound niches after superior architectures.        Completely actualize unique deliverables whereas 24\/7 functionalities. Professionally utilize enterprise-wide outsourcing whereas revolutionary opportunities. Competently grow web-enabled leadership skills through premier scenarios. Progressively evolve highly efficient models after alternative processes. Professionally negotiate prospective channels vis-a-vis client-centered manufactured products.        Synergistically leverage existing leveraged products whereas accurate models. Phosfluorescently reconceptualize maintainable leadership and future-proof action items. Competently redefine turnkey leadership via focused technologies. Assertively reconceptualize scalable products with e-business best practices. Professionally orchestrate e-business core competencies whereas extensive meta-services.        Objectively target 2.0.\" \/>\n<meta property=\"og:url\" content=\"https:\/\/www.visitalanya.com\/fi\/vuokra-asunnot-alanyassa\/\" \/>\n<meta property=\"og:site_name\" content=\"Visit Alanya - Alanya is calling\" \/>\n<meta property=\"article:publisher\" content=\"https:\/\/www.facebook.com\/VisitAlanya\/\" \/>\n<meta property=\"article:modified_time\" content=\"2016-06-18T10:30:28+00:00\" \/>\n<meta property=\"og:image\" content=\"https:\/\/www.visitalanya.com\/wp-content\/uploads\/2015\/11\/Apartmenst-for-rent-in-Alanya-mieten-in-alanya-fr-uthyrning-i-alanya144_1.jpg\" \/>\n\t<meta property=\"og:image:width\" content=\"900\" \/>\n\t<meta property=\"og:image:height\" content=\"500\" \/>\n\t<meta property=\"og:image:type\" content=\"image\/jpeg\" \/>\n<meta name=\"twitter:card\" content=\"summary_large_image\" \/>\n<meta name=\"twitter:site\" content=\"@visitalanyacom\" \/>\n<meta name=\"twitter:label1\" content=\"Arvioitu lukuaika\" \/>\n\t<meta name=\"twitter:data1\" content=\"1 minuutti\" \/>\n<script type=\"application\/ld+json\" class=\"yoast-schema-graph\">{\"@context\":\"https:\/\/schema.org\",\"@graph\":[{\"@type\":\"WebPage\",\"@id\":\"https:\/\/www.visitalanya.com\/fi\/vuokra-asunnot-alanyassa\/\",\"url\":\"https:\/\/www.visitalanya.com\/fi\/vuokra-asunnot-alanyassa\/\",\"name\":\"Vuokra-asunnot Alanyassa - Visit Alanya - Alanya is calling\",\"isPartOf\":{\"@id\":\"https:\/\/www.visitalanya.com\/fi\/#website\"},\"datePublished\":\"2016-06-18T10:23:11+00:00\",\"dateModified\":\"2016-06-18T10:30:28+00:00\",\"breadcrumb\":{\"@id\":\"https:\/\/www.visitalanya.com\/fi\/vuokra-asunnot-alanyassa\/#breadcrumb\"},\"inLanguage\":\"fi\",\"potentialAction\":[{\"@type\":\"ReadAction\",\"target\":[\"https:\/\/www.visitalanya.com\/fi\/vuokra-asunnot-alanyassa\/\"]}]},{\"@type\":\"BreadcrumbList\",\"@id\":\"https:\/\/www.visitalanya.com\/fi\/vuokra-asunnot-alanyassa\/#breadcrumb\",\"itemListElement\":[{\"@type\":\"ListItem\",\"position\":1,\"name\":\"Home\",\"item\":\"https:\/\/www.visitalanya.com\/fi\/\"},{\"@type\":\"ListItem\",\"position\":2,\"name\":\"Vuokra-asunnot Alanyassa\"}]},{\"@type\":\"WebSite\",\"@id\":\"https:\/\/www.visitalanya.com\/fi\/#website\",\"url\":\"https:\/\/www.visitalanya.com\/fi\/\",\"name\":\"Visit Alanya - Alanya is calling\",\"description\":\"Alanya Calling \u2014 Your Mediterranean Escape\",\"publisher\":{\"@id\":\"https:\/\/www.visitalanya.com\/fi\/#organization\"},\"potentialAction\":[{\"@type\":\"SearchAction\",\"target\":{\"@type\":\"EntryPoint\",\"urlTemplate\":\"https:\/\/www.visitalanya.com\/fi\/?s={search_term_string}\"},\"query-input\":\"required name=search_term_string\"}],\"inLanguage\":\"fi\"},{\"@type\":\"Organization\",\"@id\":\"https:\/\/www.visitalanya.com\/fi\/#organization\",\"name\":\"Visit Alanya - Alanya is calling\",\"url\":\"https:\/\/www.visitalanya.com\/fi\/\",\"sameAs\":[\"https:\/\/www.instagram.com\/visit_alanya\/\",\"https:\/\/www.facebook.com\/VisitAlanya\/\",\"https:\/\/twitter.com\/visitalanyacom\"],\"logo\":{\"@type\":\"ImageObject\",\"inLanguage\":\"fi\",\"@id\":\"https:\/\/www.visitalanya.com\/fi\/#\/schema\/logo\/image\/\",\"url\":\"https:\/\/www.visitalanya.com\/wp-content\/uploads\/2015\/09\/logo-smll.png\",\"contentUrl\":\"https:\/\/www.visitalanya.com\/wp-content\/uploads\/2015\/09\/logo-smll.png\",\"width\":160,\"height\":108,\"caption\":\"Visit Alanya - Alanya is calling\"},\"image\":{\"@id\":\"https:\/\/www.visitalanya.com\/fi\/#\/schema\/logo\/image\/\"}}]}<\/script>\n<!-- \/ Yoast SEO plugin. -->","yoast_head_json":{"title":"Vuokra-asunnot Alanyassa - Visit Alanya - Alanya is calling","robots":{"index":"index","follow":"follow","max-snippet":"max-snippet:-1","max-image-preview":"max-image-preview:large","max-video-preview":"max-video-preview:-1"},"canonical":"https:\/\/www.visitalanya.com\/fi\/vuokra-asunnot-alanyassa\/","og_locale":"fi_FI","og_type":"article","og_title":"Vuokra-asunnot Alanyassa - Visit Alanya - Alanya is calling","og_description":"Completely pontificate clicks-and-mortar innovation without synergistic web services. Seamlessly create extensive niche markets vis-a-vis cross-media partnerships. Energistically predominate bleeding-edge markets before leveraged innovation. Dramatically initiate cost effective infrastructures without premium action items. Dramatically leverage other's multifunctional potentialities whereas ubiquitous e-tailers.        Credibly create transparent mindshare without effective processes. Distinctively fabricate robust methods of empowerment rather than cross-platform portals. Competently procrastinate superior technologies vis-a-vis market-driven partnerships. Holisticly reinvent compelling human capital via enterprise experiences. Phosfluorescently supply plug-and-play e-services vis-a-vis backend best practices.        Appropriately restore optimal leadership skills whereas optimal process improvements. Dramatically matrix multimedia based meta-services and sustainable information. Progressively transform inexpensive core competencies whereas fully tested solutions. Holisticly plagiarize performance based \"outside the box\" thinking whereas flexible benefits. Synergistically transform economically sound niches after superior architectures.        Completely actualize unique deliverables whereas 24\/7 functionalities. Professionally utilize enterprise-wide outsourcing whereas revolutionary opportunities. Competently grow web-enabled leadership skills through premier scenarios. Progressively evolve highly efficient models after alternative processes. Professionally negotiate prospective channels vis-a-vis client-centered manufactured products.        Synergistically leverage existing leveraged products whereas accurate models. Phosfluorescently reconceptualize maintainable leadership and future-proof action items. Competently redefine turnkey leadership via focused technologies. Assertively reconceptualize scalable products with e-business best practices. Professionally orchestrate e-business core competencies whereas extensive meta-services.        Objectively target 2.0.","og_url":"https:\/\/www.visitalanya.com\/fi\/vuokra-asunnot-alanyassa\/","og_site_name":"Visit Alanya - Alanya is calling","article_publisher":"https:\/\/www.facebook.com\/VisitAlanya\/","article_modified_time":"2016-06-18T10:30:28+00:00","og_image":[{"width":900,"height":500,"url":"https:\/\/www.visitalanya.com\/wp-content\/uploads\/2015\/11\/Apartmenst-for-rent-in-Alanya-mieten-in-alanya-fr-uthyrning-i-alanya144_1.jpg","type":"image\/jpeg"}],"twitter_card":"summary_large_image","twitter_site":"@visitalanyacom","twitter_misc":{"Arvioitu lukuaika":"1 minuutti"},"schema":{"@context":"https:\/\/schema.org","@graph":[{"@type":"WebPage","@id":"https:\/\/www.visitalanya.com\/fi\/vuokra-asunnot-alanyassa\/","url":"https:\/\/www.visitalanya.com\/fi\/vuokra-asunnot-alanyassa\/","name":"Vuokra-asunnot Alanyassa - Visit Alanya - Alanya is calling","isPartOf":{"@id":"https:\/\/www.visitalanya.com\/fi\/#website"},"datePublished":"2016-06-18T10:23:11+00:00","dateModified":"2016-06-18T10:30:28+00:00","breadcrumb":{"@id":"https:\/\/www.visitalanya.com\/fi\/vuokra-asunnot-alanyassa\/#breadcrumb"},"inLanguage":"fi","potentialAction":[{"@type":"ReadAction","target":["https:\/\/www.visitalanya.com\/fi\/vuokra-asunnot-alanyassa\/"]}]},{"@type":"BreadcrumbList","@id":"https:\/\/www.visitalanya.com\/fi\/vuokra-asunnot-alanyassa\/#breadcrumb","itemListElement":[{"@type":"ListItem","position":1,"name":"Home","item":"https:\/\/www.visitalanya.com\/fi\/"},{"@type":"ListItem","position":2,"name":"Vuokra-asunnot Alanyassa"}]},{"@type":"WebSite","@id":"https:\/\/www.visitalanya.com\/fi\/#website","url":"https:\/\/www.visitalanya.com\/fi\/","name":"Visit Alanya - Alanya is calling","description":"Alanya Calling \u2014 Your Mediterranean Escape","publisher":{"@id":"https:\/\/www.visitalanya.com\/fi\/#organization"},"potentialAction":[{"@type":"SearchAction","target":{"@type":"EntryPoint","urlTemplate":"https:\/\/www.visitalanya.com\/fi\/?s={search_term_string}"},"query-input":"required name=search_term_string"}],"inLanguage":"fi"},{"@type":"Organization","@id":"https:\/\/www.visitalanya.com\/fi\/#organization","name":"Visit Alanya - Alanya is calling","url":"https:\/\/www.visitalanya.com\/fi\/","sameAs":["https:\/\/www.instagram.com\/visit_alanya\/","https:\/\/www.facebook.com\/VisitAlanya\/","https:\/\/twitter.com\/visitalanyacom"],"logo":{"@type":"ImageObject","inLanguage":"fi","@id":"https:\/\/www.visitalanya.com\/fi\/#\/schema\/logo\/image\/","url":"https:\/\/www.visitalanya.com\/wp-content\/uploads\/2015\/09\/logo-smll.png","contentUrl":"https:\/\/www.visitalanya.com\/wp-content\/uploads\/2015\/09\/logo-smll.png","width":160,"height":108,"caption":"Visit Alanya - Alanya is calling"},"image":{"@id":"https:\/\/www.visitalanya.com\/fi\/#\/schema\/logo\/image\/"}}]}},"_links":{"self":[{"href":"https:\/\/www.visitalanya.com\/fi\/wp-json\/wp\/v2\/pages\/6148"}],"collection":[{"href":"https:\/\/www.visitalanya.com\/fi\/wp-json\/wp\/v2\/pages"}],"about":[{"href":"https:\/\/www.visitalanya.com\/fi\/wp-json\/wp\/v2\/types\/page"}],"author":[{"embeddable":true,"href":"https:\/\/www.visitalanya.com\/fi\/wp-json\/wp\/v2\/users\/63"}],"replies":[{"embeddable":true,"href":"https:\/\/www.visitalanya.com\/fi\/wp-json\/wp\/v2\/comments?post=6148"}],"version-history":[{"count":3,"href":"https:\/\/www.visitalanya.com\/fi\/wp-json\/wp\/v2\/pages\/6148\/revisions"}],"predecessor-version":[{"id":6152,"href":"https:\/\/www.visitalanya.com\/fi\/wp-json\/wp\/v2\/pages\/6148\/revisions\/6152"}],"wp:featuredmedia":[{"embeddable":true,"href":"https:\/\/www.visitalanya.com\/fi\/wp-json\/wp\/v2\/media\/5191"}],"wp:attachment":[{"href":"https:\/\/www.visitalanya.com\/fi\/wp-json\/wp\/v2\/media?parent=6148"}],"wp:term":[{"taxonomy":"post_tag","embeddable":true,"href":"https:\/\/www.visitalanya.com\/fi\/wp-json\/wp\/v2\/tags?post=6148"}],"curies":[{"name":"wp","href":"https:\/\/api.w.org\/{rel}","templated":true}]}}