{"id":6153,"date":"2016-06-18T10:38:37","date_gmt":"2016-06-18T10:38:37","guid":{"rendered":"http:\/\/www.visitalanya.com\/fi\/?page_id=6153"},"modified":"2016-06-18T10:39:47","modified_gmt":"2016-06-18T10:39:47","slug":"alanya-hotellit","status":"publish","type":"page","link":"https:\/\/www.visitalanya.com\/fi\/alanya-hotellit\/","title":{"rendered":"Hotellit Alanyassa"},"content":{"rendered":"<p>[vc_row][vc_column][vc_column_text]<\/p>\n<p style=\"text-align: justify;\"><strong>Hotellit Alanyassa<\/strong><\/p>\n<p style=\"text-align: justify;\">Mik\u00e4 olisi sinulle sopiva hotelli Alanyassa? Edullinen ja toimiva huoneistohotelli vai luksushotelli? Vai jotakin silt\u00e4 v\u00e4lilt\u00e4? Alanyasta l\u00f6ytyy majoitusvaihtoehtoja joka makuun ja budjettiin. On isoja ja pieni\u00e4, jopa hostellityyppisi\u00e4 joita Turkissa kutsutaan Pansyon:eiksi. Isot, usein t\u00e4yden yll\u00e4pidon (All-Inclusive) lomakeskusmaiset hotellit sijaitsevat p\u00e4\u00e4osin v\u00e4h\u00e4n kaupungista pois p\u00e4in, kun pienemm\u00e4t peristeisemm\u00e4t hotellit sijoittuvat keskusta-alueelle.<\/p>\n<p style=\"text-align: justify;\">L\u00f6y\u00e4\u00e4ksesi oman hotellisi, olemme liitt\u00e4neet alle hotellihaun yhteisty\u00f6kumppanimme Booking.com:in kautta. Kokeile eri hakukriteerej\u00e4 ja saat paljon eri vaihtoehtohja. Hyv\u00e4 loma alkaa jo kotona sill\u00e4 suunnittelu on osa loman hauskuutta!<\/p>\n<p style=\"text-align: justify;\"><a href=\"http:\/\/www.booking.com\/city\/tr\/alanya.html?aid=368075;label=AccommodationLink\"><strong>Klikkaa t\u00e4st\u00e4 Booking.comiin katsomaan hotelleja!<\/strong><\/a><\/p>\n<p>[\/vc_column_text][\/vc_column][\/vc_row]<\/p>\n","protected":false},"excerpt":{"rendered":"<p>Completely pontificate clicks-and-mortar innovation without synergistic web services. Seamlessly create extensive niche markets vis-a-vis cross-media partnerships. Energistically predominate bleeding-edge markets before leveraged innovation. Dramatically initiate cost effective infrastructures without premium action items. Dramatically leverage other&#8217;s multifunctional potentialities whereas ubiquitous e-tailers.<\/p>\n<p>Credibly create transparent mindshare without effective processes. Distinctively fabricate robust methods of empowerment rather than cross-platform portals. Competently procrastinate superior technologies vis-a-vis market-driven partnerships. Holisticly reinvent compelling human capital via enterprise experiences. Phosfluorescently supply plug-and-play e-services vis-a-vis backend best practices.<\/p>\n<p>Appropriately restore optimal leadership skills whereas optimal process improvements. Dramatically matrix multimedia based meta-services and sustainable information. Progressively transform inexpensive core competencies whereas fully tested solutions. Holisticly plagiarize performance based &#8221;outside the box&#8221; thinking whereas flexible benefits. Synergistically transform economically sound niches after superior architectures.<\/p>\n<p>Completely actualize unique deliverables whereas 24\/7 functionalities. Professionally utilize enterprise-wide outsourcing whereas revolutionary opportunities. Competently grow web-enabled leadership skills through premier scenarios. Progressively evolve highly efficient models after alternative processes. Professionally negotiate prospective channels vis-a-vis client-centered manufactured products.<\/p>\n<p>Synergistically leverage existing leveraged products whereas accurate models. Phosfluorescently reconceptualize maintainable leadership and future-proof action items. Competently redefine turnkey leadership via focused technologies. Assertively reconceptualize scalable products with e-business best practices. Professionally orchestrate e-business core competencies whereas extensive meta-services.<\/p>\n<p>Objectively target 2.0.<\/p>\n","protected":false},"author":63,"featured_media":5193,"parent":0,"menu_order":0,"comment_status":"open","ping_status":"closed","template":"hub-template.php","meta":{"_mi_skip_tracking":false,"_exactmetrics_sitenote_active":false,"_exactmetrics_sitenote_note":"","_exactmetrics_sitenote_category":0},"tags":[],"yoast_head":"<!-- This site is optimized with the Yoast SEO plugin v19.8 - https:\/\/yoast.com\/wordpress\/plugins\/seo\/ -->\n<title>Hotellit Alanyassa - Visit Alanya - Alanya is calling<\/title>\n<meta name=\"robots\" content=\"index, follow, max-snippet:-1, max-image-preview:large, max-video-preview:-1\" \/>\n<link rel=\"canonical\" href=\"https:\/\/www.visitalanya.com\/fi\/alanya-hotellit\/\" \/>\n<meta property=\"og:locale\" content=\"fi_FI\" \/>\n<meta property=\"og:type\" content=\"article\" \/>\n<meta property=\"og:title\" content=\"Hotellit Alanyassa - Visit Alanya - Alanya is calling\" \/>\n<meta property=\"og:description\" content=\"Completely pontificate clicks-and-mortar innovation without synergistic web services. Seamlessly create extensive niche markets vis-a-vis cross-media partnerships. Energistically predominate bleeding-edge markets before leveraged innovation. Dramatically initiate cost effective infrastructures without premium action items. Dramatically leverage other&#039;s multifunctional potentialities whereas ubiquitous e-tailers.        Credibly create transparent mindshare without effective processes. Distinctively fabricate robust methods of empowerment rather than cross-platform portals. Competently procrastinate superior technologies vis-a-vis market-driven partnerships. Holisticly reinvent compelling human capital via enterprise experiences. Phosfluorescently supply plug-and-play e-services vis-a-vis backend best practices.        Appropriately restore optimal leadership skills whereas optimal process improvements. Dramatically matrix multimedia based meta-services and sustainable information. Progressively transform inexpensive core competencies whereas fully tested solutions. Holisticly plagiarize performance based &quot;outside the box&quot; thinking whereas flexible benefits. Synergistically transform economically sound niches after superior architectures.        Completely actualize unique deliverables whereas 24\/7 functionalities. Professionally utilize enterprise-wide outsourcing whereas revolutionary opportunities. Competently grow web-enabled leadership skills through premier scenarios. Progressively evolve highly efficient models after alternative processes. Professionally negotiate prospective channels vis-a-vis client-centered manufactured products.        Synergistically leverage existing leveraged products whereas accurate models. Phosfluorescently reconceptualize maintainable leadership and future-proof action items. Competently redefine turnkey leadership via focused technologies. Assertively reconceptualize scalable products with e-business best practices. Professionally orchestrate e-business core competencies whereas extensive meta-services.        Objectively target 2.0.\" \/>\n<meta property=\"og:url\" content=\"https:\/\/www.visitalanya.com\/fi\/alanya-hotellit\/\" \/>\n<meta property=\"og:site_name\" content=\"Visit Alanya - Alanya is calling\" \/>\n<meta property=\"article:publisher\" content=\"https:\/\/www.facebook.com\/VisitAlanya\/\" \/>\n<meta property=\"article:modified_time\" content=\"2016-06-18T10:39:47+00:00\" \/>\n<meta property=\"og:image\" content=\"https:\/\/www.visitalanya.com\/wp-content\/uploads\/2015\/03\/Hotel-in-Alanya.jpg\" \/>\n\t<meta property=\"og:image:width\" content=\"2048\" \/>\n\t<meta property=\"og:image:height\" content=\"1152\" \/>\n\t<meta property=\"og:image:type\" content=\"image\/jpeg\" \/>\n<meta name=\"twitter:card\" content=\"summary_large_image\" \/>\n<meta name=\"twitter:site\" content=\"@visitalanyacom\" \/>\n<meta name=\"twitter:label1\" content=\"Arvioitu lukuaika\" \/>\n\t<meta name=\"twitter:data1\" content=\"1 minuutti\" \/>\n<script type=\"application\/ld+json\" class=\"yoast-schema-graph\">{\"@context\":\"https:\/\/schema.org\",\"@graph\":[{\"@type\":\"WebPage\",\"@id\":\"https:\/\/www.visitalanya.com\/fi\/alanya-hotellit\/\",\"url\":\"https:\/\/www.visitalanya.com\/fi\/alanya-hotellit\/\",\"name\":\"Hotellit Alanyassa - Visit Alanya - Alanya is calling\",\"isPartOf\":{\"@id\":\"https:\/\/www.visitalanya.com\/fi\/#website\"},\"datePublished\":\"2016-06-18T10:38:37+00:00\",\"dateModified\":\"2016-06-18T10:39:47+00:00\",\"breadcrumb\":{\"@id\":\"https:\/\/www.visitalanya.com\/fi\/alanya-hotellit\/#breadcrumb\"},\"inLanguage\":\"fi\",\"potentialAction\":[{\"@type\":\"ReadAction\",\"target\":[\"https:\/\/www.visitalanya.com\/fi\/alanya-hotellit\/\"]}]},{\"@type\":\"BreadcrumbList\",\"@id\":\"https:\/\/www.visitalanya.com\/fi\/alanya-hotellit\/#breadcrumb\",\"itemListElement\":[{\"@type\":\"ListItem\",\"position\":1,\"name\":\"Home\",\"item\":\"https:\/\/www.visitalanya.com\/fi\/\"},{\"@type\":\"ListItem\",\"position\":2,\"name\":\"Hotellit Alanyassa\"}]},{\"@type\":\"WebSite\",\"@id\":\"https:\/\/www.visitalanya.com\/fi\/#website\",\"url\":\"https:\/\/www.visitalanya.com\/fi\/\",\"name\":\"Visit Alanya - Alanya is calling\",\"description\":\"Alanya Calling \u2014 Your Mediterranean Escape\",\"publisher\":{\"@id\":\"https:\/\/www.visitalanya.com\/fi\/#organization\"},\"potentialAction\":[{\"@type\":\"SearchAction\",\"target\":{\"@type\":\"EntryPoint\",\"urlTemplate\":\"https:\/\/www.visitalanya.com\/fi\/?s={search_term_string}\"},\"query-input\":\"required name=search_term_string\"}],\"inLanguage\":\"fi\"},{\"@type\":\"Organization\",\"@id\":\"https:\/\/www.visitalanya.com\/fi\/#organization\",\"name\":\"Visit Alanya - Alanya is calling\",\"url\":\"https:\/\/www.visitalanya.com\/fi\/\",\"sameAs\":[\"https:\/\/www.instagram.com\/visit_alanya\/\",\"https:\/\/www.facebook.com\/VisitAlanya\/\",\"https:\/\/twitter.com\/visitalanyacom\"],\"logo\":{\"@type\":\"ImageObject\",\"inLanguage\":\"fi\",\"@id\":\"https:\/\/www.visitalanya.com\/fi\/#\/schema\/logo\/image\/\",\"url\":\"https:\/\/www.visitalanya.com\/wp-content\/uploads\/2015\/09\/logo-smll.png\",\"contentUrl\":\"https:\/\/www.visitalanya.com\/wp-content\/uploads\/2015\/09\/logo-smll.png\",\"width\":160,\"height\":108,\"caption\":\"Visit Alanya - Alanya is calling\"},\"image\":{\"@id\":\"https:\/\/www.visitalanya.com\/fi\/#\/schema\/logo\/image\/\"}}]}<\/script>\n<!-- \/ Yoast SEO plugin. -->","yoast_head_json":{"title":"Hotellit Alanyassa - Visit Alanya - Alanya is calling","robots":{"index":"index","follow":"follow","max-snippet":"max-snippet:-1","max-image-preview":"max-image-preview:large","max-video-preview":"max-video-preview:-1"},"canonical":"https:\/\/www.visitalanya.com\/fi\/alanya-hotellit\/","og_locale":"fi_FI","og_type":"article","og_title":"Hotellit Alanyassa - Visit Alanya - Alanya is calling","og_description":"Completely pontificate clicks-and-mortar innovation without synergistic web services. Seamlessly create extensive niche markets vis-a-vis cross-media partnerships. Energistically predominate bleeding-edge markets before leveraged innovation. Dramatically initiate cost effective infrastructures without premium action items. Dramatically leverage other's multifunctional potentialities whereas ubiquitous e-tailers.        Credibly create transparent mindshare without effective processes. Distinctively fabricate robust methods of empowerment rather than cross-platform portals. Competently procrastinate superior technologies vis-a-vis market-driven partnerships. Holisticly reinvent compelling human capital via enterprise experiences. Phosfluorescently supply plug-and-play e-services vis-a-vis backend best practices.        Appropriately restore optimal leadership skills whereas optimal process improvements. Dramatically matrix multimedia based meta-services and sustainable information. Progressively transform inexpensive core competencies whereas fully tested solutions. Holisticly plagiarize performance based \"outside the box\" thinking whereas flexible benefits. Synergistically transform economically sound niches after superior architectures.        Completely actualize unique deliverables whereas 24\/7 functionalities. Professionally utilize enterprise-wide outsourcing whereas revolutionary opportunities. Competently grow web-enabled leadership skills through premier scenarios. Progressively evolve highly efficient models after alternative processes. Professionally negotiate prospective channels vis-a-vis client-centered manufactured products.        Synergistically leverage existing leveraged products whereas accurate models. Phosfluorescently reconceptualize maintainable leadership and future-proof action items. Competently redefine turnkey leadership via focused technologies. Assertively reconceptualize scalable products with e-business best practices. Professionally orchestrate e-business core competencies whereas extensive meta-services.        Objectively target 2.0.","og_url":"https:\/\/www.visitalanya.com\/fi\/alanya-hotellit\/","og_site_name":"Visit Alanya - Alanya is calling","article_publisher":"https:\/\/www.facebook.com\/VisitAlanya\/","article_modified_time":"2016-06-18T10:39:47+00:00","og_image":[{"width":2048,"height":1152,"url":"https:\/\/www.visitalanya.com\/wp-content\/uploads\/2015\/03\/Hotel-in-Alanya.jpg","type":"image\/jpeg"}],"twitter_card":"summary_large_image","twitter_site":"@visitalanyacom","twitter_misc":{"Arvioitu lukuaika":"1 minuutti"},"schema":{"@context":"https:\/\/schema.org","@graph":[{"@type":"WebPage","@id":"https:\/\/www.visitalanya.com\/fi\/alanya-hotellit\/","url":"https:\/\/www.visitalanya.com\/fi\/alanya-hotellit\/","name":"Hotellit Alanyassa - Visit Alanya - Alanya is calling","isPartOf":{"@id":"https:\/\/www.visitalanya.com\/fi\/#website"},"datePublished":"2016-06-18T10:38:37+00:00","dateModified":"2016-06-18T10:39:47+00:00","breadcrumb":{"@id":"https:\/\/www.visitalanya.com\/fi\/alanya-hotellit\/#breadcrumb"},"inLanguage":"fi","potentialAction":[{"@type":"ReadAction","target":["https:\/\/www.visitalanya.com\/fi\/alanya-hotellit\/"]}]},{"@type":"BreadcrumbList","@id":"https:\/\/www.visitalanya.com\/fi\/alanya-hotellit\/#breadcrumb","itemListElement":[{"@type":"ListItem","position":1,"name":"Home","item":"https:\/\/www.visitalanya.com\/fi\/"},{"@type":"ListItem","position":2,"name":"Hotellit Alanyassa"}]},{"@type":"WebSite","@id":"https:\/\/www.visitalanya.com\/fi\/#website","url":"https:\/\/www.visitalanya.com\/fi\/","name":"Visit Alanya - Alanya is calling","description":"Alanya Calling \u2014 Your Mediterranean Escape","publisher":{"@id":"https:\/\/www.visitalanya.com\/fi\/#organization"},"potentialAction":[{"@type":"SearchAction","target":{"@type":"EntryPoint","urlTemplate":"https:\/\/www.visitalanya.com\/fi\/?s={search_term_string}"},"query-input":"required name=search_term_string"}],"inLanguage":"fi"},{"@type":"Organization","@id":"https:\/\/www.visitalanya.com\/fi\/#organization","name":"Visit Alanya - Alanya is calling","url":"https:\/\/www.visitalanya.com\/fi\/","sameAs":["https:\/\/www.instagram.com\/visit_alanya\/","https:\/\/www.facebook.com\/VisitAlanya\/","https:\/\/twitter.com\/visitalanyacom"],"logo":{"@type":"ImageObject","inLanguage":"fi","@id":"https:\/\/www.visitalanya.com\/fi\/#\/schema\/logo\/image\/","url":"https:\/\/www.visitalanya.com\/wp-content\/uploads\/2015\/09\/logo-smll.png","contentUrl":"https:\/\/www.visitalanya.com\/wp-content\/uploads\/2015\/09\/logo-smll.png","width":160,"height":108,"caption":"Visit Alanya - Alanya is calling"},"image":{"@id":"https:\/\/www.visitalanya.com\/fi\/#\/schema\/logo\/image\/"}}]}},"_links":{"self":[{"href":"https:\/\/www.visitalanya.com\/fi\/wp-json\/wp\/v2\/pages\/6153"}],"collection":[{"href":"https:\/\/www.visitalanya.com\/fi\/wp-json\/wp\/v2\/pages"}],"about":[{"href":"https:\/\/www.visitalanya.com\/fi\/wp-json\/wp\/v2\/types\/page"}],"author":[{"embeddable":true,"href":"https:\/\/www.visitalanya.com\/fi\/wp-json\/wp\/v2\/users\/63"}],"replies":[{"embeddable":true,"href":"https:\/\/www.visitalanya.com\/fi\/wp-json\/wp\/v2\/comments?post=6153"}],"version-history":[{"count":2,"href":"https:\/\/www.visitalanya.com\/fi\/wp-json\/wp\/v2\/pages\/6153\/revisions"}],"predecessor-version":[{"id":6155,"href":"https:\/\/www.visitalanya.com\/fi\/wp-json\/wp\/v2\/pages\/6153\/revisions\/6155"}],"wp:featuredmedia":[{"embeddable":true,"href":"https:\/\/www.visitalanya.com\/fi\/wp-json\/wp\/v2\/media\/5193"}],"wp:attachment":[{"href":"https:\/\/www.visitalanya.com\/fi\/wp-json\/wp\/v2\/media?parent=6153"}],"wp:term":[{"taxonomy":"post_tag","embeddable":true,"href":"https:\/\/www.visitalanya.com\/fi\/wp-json\/wp\/v2\/tags?post=6153"}],"curies":[{"name":"wp","href":"https:\/\/api.w.org\/{rel}","templated":true}]}}