{"id":6156,"date":"2016-06-18T10:45:07","date_gmt":"2016-06-18T10:45:07","guid":{"rendered":"http:\/\/www.visitalanya.com\/fi\/?page_id=6156"},"modified":"2016-06-18T10:45:07","modified_gmt":"2016-06-18T10:45:07","slug":"leirinta-alueet","status":"publish","type":"page","link":"https:\/\/www.visitalanya.com\/fi\/leirinta-alueet\/","title":{"rendered":"Leirint\u00e4-alueet Alanyassa"},"content":{"rendered":"<p>[vc_row][vc_column][vc_column_text]<\/p>\n<p style=\"text-align: justify;\"><strong>Leirint\u00e4-alueet Alanyassa<\/strong><br \/>\nOletko matkaamassa kohti Alanyaa asuntoautolla? Kaupungissa piipahtaminen ja meren rannalle majoittuminen omalla liikkuvalla kodilla on hyvin mahdollista!<\/p>\n<p style=\"text-align: justify;\">Suositeltava leirint\u00e4-alue Alanyassa on Kargicakin alueella rannassa oleva Perle Camping. Valtatien vieress\u00e4 sijaitseva alue on parhaiten varusteltu ja aivan Kargicakin hienon hiekkarannan \u00e4\u00e4rell\u00e4. Suihkut, vessat, internet ja makea vesi on saatavilla, sek\u00e4 alueen yhteydess\u00e4 oleva rantaravintola tarjoaa ruoat ja juomat sopuhintaan.<\/p>\n<p style=\"text-align: justify;\">Alanyan alueen l\u00e4nsipuolella, Incekumissa, on l\u00e4hin leirint\u00e4-alue kaupungista pois p\u00e4in &#8211; Incekum Forest Camp.<\/p>\n<p style=\"text-align: justify;\"><strong>Perle Camping<\/strong><\/p>\n<p style=\"text-align: justify;\">Osoite: Antalya \u2013 Mersin Yolu, 07407 Alanya \/ Kargicak, Turkey<br \/>\nPuh: 0090 242-5262066 \/ 0090 242-5262037<\/p>\n<p style=\"text-align: justify;\"><strong>Incekum Forest Camp<\/strong><\/p>\n<p style=\"text-align: justify;\">Osoite: Incekum \u2013 Alanya Yolu<br \/>\nPuh: 0090 242-5171704 \/ 0090 242-5172715\/p><br \/>\n[\/vc_column_text][\/vc_column][\/vc_row]<\/p>\n","protected":false},"excerpt":{"rendered":"<p>Completely pontificate clicks-and-mortar innovation without synergistic web services. Seamlessly create extensive niche markets vis-a-vis cross-media partnerships. Energistically predominate bleeding-edge markets before leveraged innovation. Dramatically initiate cost effective infrastructures without premium action items. Dramatically leverage other&#8217;s multifunctional potentialities whereas ubiquitous e-tailers.<\/p>\n<p>Credibly create transparent mindshare without effective processes. Distinctively fabricate robust methods of empowerment rather than cross-platform portals. Competently procrastinate superior technologies vis-a-vis market-driven partnerships. Holisticly reinvent compelling human capital via enterprise experiences. Phosfluorescently supply plug-and-play e-services vis-a-vis backend best practices.<\/p>\n<p>Appropriately restore optimal leadership skills whereas optimal process improvements. Dramatically matrix multimedia based meta-services and sustainable information. Progressively transform inexpensive core competencies whereas fully tested solutions. Holisticly plagiarize performance based &#8221;outside the box&#8221; thinking whereas flexible benefits. Synergistically transform economically sound niches after superior architectures.<\/p>\n<p>Completely actualize unique deliverables whereas 24\/7 functionalities. Professionally utilize enterprise-wide outsourcing whereas revolutionary opportunities. Competently grow web-enabled leadership skills through premier scenarios. Progressively evolve highly efficient models after alternative processes. Professionally negotiate prospective channels vis-a-vis client-centered manufactured products.<\/p>\n<p>Synergistically leverage existing leveraged products whereas accurate models. Phosfluorescently reconceptualize maintainable leadership and future-proof action items. Competently redefine turnkey leadership via focused technologies. Assertively reconceptualize scalable products with e-business best practices. Professionally orchestrate e-business core competencies whereas extensive meta-services.<\/p>\n<p>Objectively target 2.0.<\/p>\n","protected":false},"author":63,"featured_media":5199,"parent":0,"menu_order":0,"comment_status":"open","ping_status":"closed","template":"hub-template.php","meta":{"_mi_skip_tracking":false,"_exactmetrics_sitenote_active":false,"_exactmetrics_sitenote_note":"","_exactmetrics_sitenote_category":0},"tags":[],"yoast_head":"<!-- This site is optimized with the Yoast SEO plugin v19.8 - https:\/\/yoast.com\/wordpress\/plugins\/seo\/ -->\n<title>Leirint\u00e4-alueet Alanyassa - Visit Alanya - Alanya is calling<\/title>\n<meta name=\"robots\" content=\"index, follow, max-snippet:-1, max-image-preview:large, max-video-preview:-1\" \/>\n<link rel=\"canonical\" href=\"https:\/\/www.visitalanya.com\/fi\/leirinta-alueet\/\" \/>\n<meta property=\"og:locale\" content=\"fi_FI\" \/>\n<meta property=\"og:type\" content=\"article\" \/>\n<meta property=\"og:title\" content=\"Leirint\u00e4-alueet Alanyassa - Visit Alanya - Alanya is calling\" \/>\n<meta property=\"og:description\" content=\"Completely pontificate clicks-and-mortar innovation without synergistic web services. Seamlessly create extensive niche markets vis-a-vis cross-media partnerships. Energistically predominate bleeding-edge markets before leveraged innovation. Dramatically initiate cost effective infrastructures without premium action items. Dramatically leverage other&#039;s multifunctional potentialities whereas ubiquitous e-tailers.        Credibly create transparent mindshare without effective processes. Distinctively fabricate robust methods of empowerment rather than cross-platform portals. Competently procrastinate superior technologies vis-a-vis market-driven partnerships. Holisticly reinvent compelling human capital via enterprise experiences. Phosfluorescently supply plug-and-play e-services vis-a-vis backend best practices.        Appropriately restore optimal leadership skills whereas optimal process improvements. Dramatically matrix multimedia based meta-services and sustainable information. Progressively transform inexpensive core competencies whereas fully tested solutions. Holisticly plagiarize performance based &quot;outside the box&quot; thinking whereas flexible benefits. Synergistically transform economically sound niches after superior architectures.        Completely actualize unique deliverables whereas 24\/7 functionalities. Professionally utilize enterprise-wide outsourcing whereas revolutionary opportunities. Competently grow web-enabled leadership skills through premier scenarios. Progressively evolve highly efficient models after alternative processes. Professionally negotiate prospective channels vis-a-vis client-centered manufactured products.        Synergistically leverage existing leveraged products whereas accurate models. Phosfluorescently reconceptualize maintainable leadership and future-proof action items. Competently redefine turnkey leadership via focused technologies. Assertively reconceptualize scalable products with e-business best practices. Professionally orchestrate e-business core competencies whereas extensive meta-services.        Objectively target 2.0.\" \/>\n<meta property=\"og:url\" content=\"https:\/\/www.visitalanya.com\/fi\/leirinta-alueet\/\" \/>\n<meta property=\"og:site_name\" content=\"Visit Alanya - Alanya is calling\" \/>\n<meta property=\"article:publisher\" content=\"https:\/\/www.facebook.com\/VisitAlanya\/\" \/>\n<meta property=\"og:image\" content=\"https:\/\/www.visitalanya.com\/wp-content\/uploads\/2015\/03\/camping1.jpg\" \/>\n\t<meta property=\"og:image:width\" content=\"680\" \/>\n\t<meta property=\"og:image:height\" content=\"486\" \/>\n\t<meta property=\"og:image:type\" content=\"image\/jpeg\" \/>\n<meta name=\"twitter:card\" content=\"summary_large_image\" \/>\n<meta name=\"twitter:site\" content=\"@visitalanyacom\" \/>\n<meta name=\"twitter:label1\" content=\"Arvioitu lukuaika\" \/>\n\t<meta name=\"twitter:data1\" content=\"1 minuutti\" \/>\n<script type=\"application\/ld+json\" class=\"yoast-schema-graph\">{\"@context\":\"https:\/\/schema.org\",\"@graph\":[{\"@type\":\"WebPage\",\"@id\":\"https:\/\/www.visitalanya.com\/fi\/leirinta-alueet\/\",\"url\":\"https:\/\/www.visitalanya.com\/fi\/leirinta-alueet\/\",\"name\":\"Leirint\u00e4-alueet Alanyassa - Visit Alanya - Alanya is calling\",\"isPartOf\":{\"@id\":\"https:\/\/www.visitalanya.com\/fi\/#website\"},\"datePublished\":\"2016-06-18T10:45:07+00:00\",\"dateModified\":\"2016-06-18T10:45:07+00:00\",\"breadcrumb\":{\"@id\":\"https:\/\/www.visitalanya.com\/fi\/leirinta-alueet\/#breadcrumb\"},\"inLanguage\":\"fi\",\"potentialAction\":[{\"@type\":\"ReadAction\",\"target\":[\"https:\/\/www.visitalanya.com\/fi\/leirinta-alueet\/\"]}]},{\"@type\":\"BreadcrumbList\",\"@id\":\"https:\/\/www.visitalanya.com\/fi\/leirinta-alueet\/#breadcrumb\",\"itemListElement\":[{\"@type\":\"ListItem\",\"position\":1,\"name\":\"Home\",\"item\":\"https:\/\/www.visitalanya.com\/fi\/\"},{\"@type\":\"ListItem\",\"position\":2,\"name\":\"Leirint\u00e4-alueet Alanyassa\"}]},{\"@type\":\"WebSite\",\"@id\":\"https:\/\/www.visitalanya.com\/fi\/#website\",\"url\":\"https:\/\/www.visitalanya.com\/fi\/\",\"name\":\"Visit Alanya - Alanya is calling\",\"description\":\"Alanya Calling \u2014 Your Mediterranean Escape\",\"publisher\":{\"@id\":\"https:\/\/www.visitalanya.com\/fi\/#organization\"},\"potentialAction\":[{\"@type\":\"SearchAction\",\"target\":{\"@type\":\"EntryPoint\",\"urlTemplate\":\"https:\/\/www.visitalanya.com\/fi\/?s={search_term_string}\"},\"query-input\":\"required name=search_term_string\"}],\"inLanguage\":\"fi\"},{\"@type\":\"Organization\",\"@id\":\"https:\/\/www.visitalanya.com\/fi\/#organization\",\"name\":\"Visit Alanya - Alanya is calling\",\"url\":\"https:\/\/www.visitalanya.com\/fi\/\",\"sameAs\":[\"https:\/\/www.instagram.com\/visit_alanya\/\",\"https:\/\/www.facebook.com\/VisitAlanya\/\",\"https:\/\/twitter.com\/visitalanyacom\"],\"logo\":{\"@type\":\"ImageObject\",\"inLanguage\":\"fi\",\"@id\":\"https:\/\/www.visitalanya.com\/fi\/#\/schema\/logo\/image\/\",\"url\":\"https:\/\/www.visitalanya.com\/wp-content\/uploads\/2015\/09\/logo-smll.png\",\"contentUrl\":\"https:\/\/www.visitalanya.com\/wp-content\/uploads\/2015\/09\/logo-smll.png\",\"width\":160,\"height\":108,\"caption\":\"Visit Alanya - Alanya is calling\"},\"image\":{\"@id\":\"https:\/\/www.visitalanya.com\/fi\/#\/schema\/logo\/image\/\"}}]}<\/script>\n<!-- \/ Yoast SEO plugin. -->","yoast_head_json":{"title":"Leirint\u00e4-alueet Alanyassa - Visit Alanya - Alanya is calling","robots":{"index":"index","follow":"follow","max-snippet":"max-snippet:-1","max-image-preview":"max-image-preview:large","max-video-preview":"max-video-preview:-1"},"canonical":"https:\/\/www.visitalanya.com\/fi\/leirinta-alueet\/","og_locale":"fi_FI","og_type":"article","og_title":"Leirint\u00e4-alueet Alanyassa - Visit Alanya - Alanya is calling","og_description":"Completely pontificate clicks-and-mortar innovation without synergistic web services. Seamlessly create extensive niche markets vis-a-vis cross-media partnerships. Energistically predominate bleeding-edge markets before leveraged innovation. Dramatically initiate cost effective infrastructures without premium action items. Dramatically leverage other's multifunctional potentialities whereas ubiquitous e-tailers.        Credibly create transparent mindshare without effective processes. Distinctively fabricate robust methods of empowerment rather than cross-platform portals. Competently procrastinate superior technologies vis-a-vis market-driven partnerships. Holisticly reinvent compelling human capital via enterprise experiences. Phosfluorescently supply plug-and-play e-services vis-a-vis backend best practices.        Appropriately restore optimal leadership skills whereas optimal process improvements. Dramatically matrix multimedia based meta-services and sustainable information. Progressively transform inexpensive core competencies whereas fully tested solutions. Holisticly plagiarize performance based \"outside the box\" thinking whereas flexible benefits. Synergistically transform economically sound niches after superior architectures.        Completely actualize unique deliverables whereas 24\/7 functionalities. Professionally utilize enterprise-wide outsourcing whereas revolutionary opportunities. Competently grow web-enabled leadership skills through premier scenarios. Progressively evolve highly efficient models after alternative processes. Professionally negotiate prospective channels vis-a-vis client-centered manufactured products.        Synergistically leverage existing leveraged products whereas accurate models. Phosfluorescently reconceptualize maintainable leadership and future-proof action items. Competently redefine turnkey leadership via focused technologies. Assertively reconceptualize scalable products with e-business best practices. Professionally orchestrate e-business core competencies whereas extensive meta-services.        Objectively target 2.0.","og_url":"https:\/\/www.visitalanya.com\/fi\/leirinta-alueet\/","og_site_name":"Visit Alanya - Alanya is calling","article_publisher":"https:\/\/www.facebook.com\/VisitAlanya\/","og_image":[{"width":680,"height":486,"url":"https:\/\/www.visitalanya.com\/wp-content\/uploads\/2015\/03\/camping1.jpg","type":"image\/jpeg"}],"twitter_card":"summary_large_image","twitter_site":"@visitalanyacom","twitter_misc":{"Arvioitu lukuaika":"1 minuutti"},"schema":{"@context":"https:\/\/schema.org","@graph":[{"@type":"WebPage","@id":"https:\/\/www.visitalanya.com\/fi\/leirinta-alueet\/","url":"https:\/\/www.visitalanya.com\/fi\/leirinta-alueet\/","name":"Leirint\u00e4-alueet Alanyassa - Visit Alanya - Alanya is calling","isPartOf":{"@id":"https:\/\/www.visitalanya.com\/fi\/#website"},"datePublished":"2016-06-18T10:45:07+00:00","dateModified":"2016-06-18T10:45:07+00:00","breadcrumb":{"@id":"https:\/\/www.visitalanya.com\/fi\/leirinta-alueet\/#breadcrumb"},"inLanguage":"fi","potentialAction":[{"@type":"ReadAction","target":["https:\/\/www.visitalanya.com\/fi\/leirinta-alueet\/"]}]},{"@type":"BreadcrumbList","@id":"https:\/\/www.visitalanya.com\/fi\/leirinta-alueet\/#breadcrumb","itemListElement":[{"@type":"ListItem","position":1,"name":"Home","item":"https:\/\/www.visitalanya.com\/fi\/"},{"@type":"ListItem","position":2,"name":"Leirint\u00e4-alueet Alanyassa"}]},{"@type":"WebSite","@id":"https:\/\/www.visitalanya.com\/fi\/#website","url":"https:\/\/www.visitalanya.com\/fi\/","name":"Visit Alanya - Alanya is calling","description":"Alanya Calling \u2014 Your Mediterranean Escape","publisher":{"@id":"https:\/\/www.visitalanya.com\/fi\/#organization"},"potentialAction":[{"@type":"SearchAction","target":{"@type":"EntryPoint","urlTemplate":"https:\/\/www.visitalanya.com\/fi\/?s={search_term_string}"},"query-input":"required name=search_term_string"}],"inLanguage":"fi"},{"@type":"Organization","@id":"https:\/\/www.visitalanya.com\/fi\/#organization","name":"Visit Alanya - Alanya is calling","url":"https:\/\/www.visitalanya.com\/fi\/","sameAs":["https:\/\/www.instagram.com\/visit_alanya\/","https:\/\/www.facebook.com\/VisitAlanya\/","https:\/\/twitter.com\/visitalanyacom"],"logo":{"@type":"ImageObject","inLanguage":"fi","@id":"https:\/\/www.visitalanya.com\/fi\/#\/schema\/logo\/image\/","url":"https:\/\/www.visitalanya.com\/wp-content\/uploads\/2015\/09\/logo-smll.png","contentUrl":"https:\/\/www.visitalanya.com\/wp-content\/uploads\/2015\/09\/logo-smll.png","width":160,"height":108,"caption":"Visit Alanya - Alanya is calling"},"image":{"@id":"https:\/\/www.visitalanya.com\/fi\/#\/schema\/logo\/image\/"}}]}},"_links":{"self":[{"href":"https:\/\/www.visitalanya.com\/fi\/wp-json\/wp\/v2\/pages\/6156"}],"collection":[{"href":"https:\/\/www.visitalanya.com\/fi\/wp-json\/wp\/v2\/pages"}],"about":[{"href":"https:\/\/www.visitalanya.com\/fi\/wp-json\/wp\/v2\/types\/page"}],"author":[{"embeddable":true,"href":"https:\/\/www.visitalanya.com\/fi\/wp-json\/wp\/v2\/users\/63"}],"replies":[{"embeddable":true,"href":"https:\/\/www.visitalanya.com\/fi\/wp-json\/wp\/v2\/comments?post=6156"}],"version-history":[{"count":1,"href":"https:\/\/www.visitalanya.com\/fi\/wp-json\/wp\/v2\/pages\/6156\/revisions"}],"predecessor-version":[{"id":6157,"href":"https:\/\/www.visitalanya.com\/fi\/wp-json\/wp\/v2\/pages\/6156\/revisions\/6157"}],"wp:featuredmedia":[{"embeddable":true,"href":"https:\/\/www.visitalanya.com\/fi\/wp-json\/wp\/v2\/media\/5199"}],"wp:attachment":[{"href":"https:\/\/www.visitalanya.com\/fi\/wp-json\/wp\/v2\/media?parent=6156"}],"wp:term":[{"taxonomy":"post_tag","embeddable":true,"href":"https:\/\/www.visitalanya.com\/fi\/wp-json\/wp\/v2\/tags?post=6156"}],"curies":[{"name":"wp","href":"https:\/\/api.w.org\/{rel}","templated":true}]}}