{"id":6501,"date":"2016-08-25T08:07:50","date_gmt":"2016-08-25T08:07:50","guid":{"rendered":"http:\/\/www.visitalanya.com\/fi\/?page_id=6501"},"modified":"2016-11-01T18:49:45","modified_gmt":"2016-11-01T18:49:45","slug":"basaari_ja_markkinat","status":"publish","type":"page","link":"https:\/\/www.visitalanya.com\/fi\/basaari_ja_markkinat\/","title":{"rendered":"Basaari ja markkinat"},"content":{"rendered":"<p style=\"text-align: justify;\">V\u00e4rikk\u00e4it\u00e4 tekstiilej\u00e4, eksoottisia mausteita ja hedelmi\u00e4.. Alanyan basaarialue on yksi Turkin etel\u00e4rannikon isoimpia ja kattavampia. Basaarialue levittyy kauppoineen ja kahviloineen satamasta aina paikallibussiasemalle, jakaantuen p\u00e4\u00e4katu Atat\u00fcrkin etel\u00e4- ja pohjoispuolelle.<\/p>\n<p style=\"text-align: justify;\">Paikallinen kaupank\u00e4yntikulttuuri tulee tutuksi basaarissa. L\u00f6yd\u00e4t niin matkamuistot kotiin viet\u00e4v\u00e4ksi, kuin k\u00e4yt\u00e4nn\u00f6lliset hy\u00f6dykkeet kelloista ja koruista aina nahkatakkeihin ja it\u00e4maisiin mattoihin. Hinnoista keskustelu ostamisen lomassa kuuluu kulttuuriin. \u00c4l\u00e4 siis ep\u00e4r\u00f6i ehdottaa myyj\u00e4lle itsest\u00e4si sopivaa hintaa! Myyj\u00e4 tulee hinnassa vastaan ja peli on valmis alkamaan. Nyrkkis\u00e4\u00e4nt\u00f6n\u00e4 on ettei ostajan koskaan tarvitse maksaa t\u00e4ytt\u00e4 hintaa, vaan tinkiminen kuuluu asiaan. Jos tinkiminen ei ole sinun juttusi, niin ostokset kannattaa tehd\u00e4 p\u00e4\u00e4katujen tai ostoskeskusten kaupoissa.<\/p>\n<p style=\"text-align: justify;\"><strong>Bussilla basaariin<\/strong><\/p>\n<p style=\"text-align: justify;\">Helpoin tapa siirty\u00e4 basaarialueelle paikallisbussilla on ottaa linja numero 1, joka kulkee rantaa pitkin ja keskustan kohdalla p\u00e4\u00e4katu Atat\u00fcrkia. Sano kuljettajalle \u201cBazar\u201d niin useimmat kuljettajat tiedottavat turisteja kun bussi on oikealla pys\u00e4kill\u00e4.<\/p>\n<p style=\"text-align: justify;\"><strong>Hedelm\u00e4- ja vihannesmarkkinat<\/strong><\/p>\n<p>Joka p\u00e4iv\u00e4 Alanyassa pidet\u00e4\u00e4n hedelm\u00e4 ja vihannesmarkkinat, joissa paikalliset tuottajat myyv\u00e4t vastapoimittuja luonnon antimia. Sitrushedelm\u00e4t ja banaanit myyd\u00e4\u00e4n ilman lis\u00e4aineita ja niit\u00e4 ei ole poimittu raakana, kuten Suomessa kauppojen valikoimista l\u00f6ytyv\u00e4t hedelm\u00e4t. Todellisten vitamiinipommien yst\u00e4ville suosittelemme markkinoiden mehukojuja joissa puristetaan sekoituksia erilaisista hedelmist\u00e4, kuten granaattiomenoista, porkkanasta, appelsiinista ja kiivist\u00e4. Todellista superfoodia! Vihannesmarkkinoilla ei ole tinkimisen kulttuuria, vaan ilmoitetut hinnat p\u00e4tev\u00e4t niin paikallisille kuin turisteille.<\/p>\n<p>Hedelm\u00e4- ja vihannesmarkkinat l\u00f6yd\u00e4t seuraavasti:<\/p>\n<ul>\n<li>Maanantaisin: Oba<\/li>\n<li>Tiistaisin: Mahmutlar<\/li>\n<li>Keskiviikkoisin: Avsallar ja Konakli<\/li>\n<li>Torstaisin: Tosmur<\/li>\n<li>Perjantaisin: Keskusta, basaarialue<\/li>\n<li>Lauantaisin: Mahmutlar, Cikcilli<\/li>\n<li>Sunnuntaisin: Keskusta, Hacet Mahallesin alue<\/li>\n<\/ul>\n","protected":false},"excerpt":{"rendered":"<p>V\u00e4rikk\u00e4it\u00e4 tekstiilej\u00e4, eksoottisia mausteita ja hedelmi\u00e4.. Alanyan basaarialue on yksi Turkin etel\u00e4rannikon isoimpia ja kattavampia. Basaarialue levittyy kauppoineen ja kahviloineen satamasta aina paikallibussiasemalle, jakaantuen p\u00e4\u00e4katu Atat\u00fcrkin etel\u00e4- ja pohjoispuolelle. Paikallinen kaupank\u00e4yntikulttuuri tulee tutuksi basaarissa. L\u00f6yd\u00e4t niin matkamuistot kotiin viet\u00e4v\u00e4ksi, kuin k\u00e4yt\u00e4nn\u00f6lliset hy\u00f6dykkeet kelloista ja koruista aina nahkatakkeihin ja it\u00e4maisiin mattoihin. Hinnoista keskustelu ostamisen lomassa kuuluu kulttuuriin. \u00c4l\u00e4 siis ep\u00e4r\u00f6i ehdottaa myyj\u00e4lle itsest\u00e4si sopivaa hintaa! Myyj\u00e4 tulee hinnassa vastaan ja peli on valmis alkamaan. Nyrkkis\u00e4\u00e4nt\u00f6n\u00e4 on ettei ostajan koskaan tarvitse maksaa t\u00e4ytt\u00e4 hintaa, vaan tinkiminen kuuluu asiaan. Jos tinkiminen ei ole sinun juttusi, niin ostokset kannattaa tehd\u00e4 p\u00e4\u00e4katujen tai ostoskeskusten kaupoissa. Bussilla basaariin Helpoin tapa siirty\u00e4 basaarialueelle paikallisbussilla on ottaa linja numero 1, joka kulkee rantaa pitkin ja keskustan kohdalla p\u00e4\u00e4katu Atat\u00fcrkia. Sano kuljettajalle \u201cBazar\u201d niin useimmat kuljettajat tiedottavat turisteja kun bussi on oikealla pys\u00e4kill\u00e4. Hedelm\u00e4- ja vihannesmarkkinat Joka p\u00e4iv\u00e4 Alanyassa pidet\u00e4\u00e4n hedelm\u00e4 ja vihannesmarkkinat, joissa paikalliset tuottajat myyv\u00e4t vastapoimittuja luonnon antimia. Sitrushedelm\u00e4t ja banaanit myyd\u00e4\u00e4n ilman lis\u00e4aineita ja niit\u00e4 ei ole poimittu raakana, kuten Suomessa kauppojen valikoimista l\u00f6ytyv\u00e4t hedelm\u00e4t. Todellisten vitamiinipommien yst\u00e4ville suosittelemme markkinoiden mehukojuja joissa puristetaan sekoituksia erilaisista hedelmist\u00e4, kuten granaattiomenoista, porkkanasta, appelsiinista ja kiivist\u00e4. Todellista superfoodia! Vihannesmarkkinoilla ei ole tinkimisen kulttuuria, vaan ilmoitetut hinnat p\u00e4tev\u00e4t niin paikallisille kuin turisteille. Hedelm\u00e4- ja vihannesmarkkinat l\u00f6yd\u00e4t seuraavasti: Maanantaisin: Oba Tiistaisin: Mahmutlar Keskiviikkoisin: Avsallar ja Konakli Torstaisin: Tosmur Perjantaisin: Keskusta, basaarialue Lauantaisin: Mahmutlar, Cikcilli Sunnuntaisin: Keskusta, Hacet Mahallesin alue<\/p>\n","protected":false},"author":63,"featured_media":5967,"parent":0,"menu_order":0,"comment_status":"open","ping_status":"closed","template":"hub-review-template.php","meta":{"_mi_skip_tracking":false,"_exactmetrics_sitenote_active":false,"_exactmetrics_sitenote_note":"","_exactmetrics_sitenote_category":0},"tags":[],"yoast_head":"<!-- This site is optimized with the Yoast SEO plugin v19.8 - https:\/\/yoast.com\/wordpress\/plugins\/seo\/ -->\n<title>Basaari ja markkinat - Visit Alanya - Alanya is calling<\/title>\n<meta name=\"robots\" content=\"index, follow, max-snippet:-1, max-image-preview:large, max-video-preview:-1\" \/>\n<link rel=\"canonical\" href=\"https:\/\/www.visitalanya.com\/fi\/basaari_ja_markkinat\/\" \/>\n<meta property=\"og:locale\" content=\"fi_FI\" \/>\n<meta property=\"og:type\" content=\"article\" \/>\n<meta property=\"og:title\" content=\"Basaari ja markkinat - Visit Alanya - Alanya is calling\" \/>\n<meta property=\"og:description\" content=\"V\u00e4rikk\u00e4it\u00e4 tekstiilej\u00e4, eksoottisia mausteita ja hedelmi\u00e4.. Alanyan basaarialue on yksi Turkin etel\u00e4rannikon isoimpia ja kattavampia. Basaarialue levittyy kauppoineen ja kahviloineen satamasta aina paikallibussiasemalle, jakaantuen p\u00e4\u00e4katu Atat\u00fcrkin etel\u00e4- ja pohjoispuolelle. Paikallinen kaupank\u00e4yntikulttuuri tulee tutuksi basaarissa. L\u00f6yd\u00e4t niin matkamuistot kotiin viet\u00e4v\u00e4ksi, kuin k\u00e4yt\u00e4nn\u00f6lliset hy\u00f6dykkeet kelloista ja koruista aina nahkatakkeihin ja it\u00e4maisiin mattoihin. Hinnoista keskustelu ostamisen lomassa kuuluu kulttuuriin. \u00c4l\u00e4 siis ep\u00e4r\u00f6i ehdottaa myyj\u00e4lle itsest\u00e4si sopivaa hintaa! Myyj\u00e4 tulee hinnassa vastaan ja peli on valmis alkamaan. Nyrkkis\u00e4\u00e4nt\u00f6n\u00e4 on ettei ostajan koskaan tarvitse maksaa t\u00e4ytt\u00e4 hintaa, vaan tinkiminen kuuluu asiaan. Jos tinkiminen ei ole sinun juttusi, niin ostokset kannattaa tehd\u00e4 p\u00e4\u00e4katujen tai ostoskeskusten kaupoissa. Bussilla basaariin Helpoin tapa siirty\u00e4 basaarialueelle paikallisbussilla on ottaa linja numero 1, joka kulkee rantaa pitkin ja keskustan kohdalla p\u00e4\u00e4katu Atat\u00fcrkia. Sano kuljettajalle \u201cBazar\u201d niin useimmat kuljettajat tiedottavat turisteja kun bussi on oikealla pys\u00e4kill\u00e4. Hedelm\u00e4- ja vihannesmarkkinat Joka p\u00e4iv\u00e4 Alanyassa pidet\u00e4\u00e4n hedelm\u00e4 ja vihannesmarkkinat, joissa paikalliset tuottajat myyv\u00e4t vastapoimittuja luonnon antimia. Sitrushedelm\u00e4t ja banaanit myyd\u00e4\u00e4n ilman lis\u00e4aineita ja niit\u00e4 ei ole poimittu raakana, kuten Suomessa kauppojen valikoimista l\u00f6ytyv\u00e4t hedelm\u00e4t. Todellisten vitamiinipommien yst\u00e4ville suosittelemme markkinoiden mehukojuja joissa puristetaan sekoituksia erilaisista hedelmist\u00e4, kuten granaattiomenoista, porkkanasta, appelsiinista ja kiivist\u00e4. Todellista superfoodia! Vihannesmarkkinoilla ei ole tinkimisen kulttuuria, vaan ilmoitetut hinnat p\u00e4tev\u00e4t niin paikallisille kuin turisteille. Hedelm\u00e4- ja vihannesmarkkinat l\u00f6yd\u00e4t seuraavasti: Maanantaisin: Oba Tiistaisin: Mahmutlar Keskiviikkoisin: Avsallar ja Konakli Torstaisin: Tosmur Perjantaisin: Keskusta, basaarialue Lauantaisin: Mahmutlar, Cikcilli Sunnuntaisin: Keskusta, Hacet Mahallesin alue\" \/>\n<meta property=\"og:url\" content=\"https:\/\/www.visitalanya.com\/fi\/basaari_ja_markkinat\/\" \/>\n<meta property=\"og:site_name\" content=\"Visit Alanya - Alanya is calling\" \/>\n<meta property=\"article:publisher\" content=\"https:\/\/www.facebook.com\/VisitAlanya\/\" \/>\n<meta property=\"article:modified_time\" content=\"2016-11-01T18:49:45+00:00\" \/>\n<meta property=\"og:image\" content=\"https:\/\/www.visitalanya.com\/wp-content\/uploads\/2016\/05\/alanya-cuma-pazar\u0131-2.jpg\" \/>\n\t<meta property=\"og:image:width\" content=\"800\" \/>\n\t<meta property=\"og:image:height\" content=\"600\" \/>\n\t<meta property=\"og:image:type\" content=\"image\/jpeg\" \/>\n<meta name=\"twitter:card\" content=\"summary_large_image\" \/>\n<meta name=\"twitter:site\" content=\"@visitalanyacom\" \/>\n<meta name=\"twitter:label1\" content=\"Arvioitu lukuaika\" \/>\n\t<meta name=\"twitter:data1\" content=\"1 minuutti\" \/>\n<script type=\"application\/ld+json\" class=\"yoast-schema-graph\">{\"@context\":\"https:\/\/schema.org\",\"@graph\":[{\"@type\":\"WebPage\",\"@id\":\"https:\/\/www.visitalanya.com\/fi\/basaari_ja_markkinat\/\",\"url\":\"https:\/\/www.visitalanya.com\/fi\/basaari_ja_markkinat\/\",\"name\":\"Basaari ja markkinat - Visit Alanya - Alanya is calling\",\"isPartOf\":{\"@id\":\"https:\/\/www.visitalanya.com\/fi\/#website\"},\"datePublished\":\"2016-08-25T08:07:50+00:00\",\"dateModified\":\"2016-11-01T18:49:45+00:00\",\"breadcrumb\":{\"@id\":\"https:\/\/www.visitalanya.com\/fi\/basaari_ja_markkinat\/#breadcrumb\"},\"inLanguage\":\"fi\",\"potentialAction\":[{\"@type\":\"ReadAction\",\"target\":[\"https:\/\/www.visitalanya.com\/fi\/basaari_ja_markkinat\/\"]}]},{\"@type\":\"BreadcrumbList\",\"@id\":\"https:\/\/www.visitalanya.com\/fi\/basaari_ja_markkinat\/#breadcrumb\",\"itemListElement\":[{\"@type\":\"ListItem\",\"position\":1,\"name\":\"Home\",\"item\":\"https:\/\/www.visitalanya.com\/fi\/\"},{\"@type\":\"ListItem\",\"position\":2,\"name\":\"Basaari ja markkinat\"}]},{\"@type\":\"WebSite\",\"@id\":\"https:\/\/www.visitalanya.com\/fi\/#website\",\"url\":\"https:\/\/www.visitalanya.com\/fi\/\",\"name\":\"Visit Alanya - Alanya is calling\",\"description\":\"Alanya Calling \u2014 Your Mediterranean Escape\",\"publisher\":{\"@id\":\"https:\/\/www.visitalanya.com\/fi\/#organization\"},\"potentialAction\":[{\"@type\":\"SearchAction\",\"target\":{\"@type\":\"EntryPoint\",\"urlTemplate\":\"https:\/\/www.visitalanya.com\/fi\/?s={search_term_string}\"},\"query-input\":\"required name=search_term_string\"}],\"inLanguage\":\"fi\"},{\"@type\":\"Organization\",\"@id\":\"https:\/\/www.visitalanya.com\/fi\/#organization\",\"name\":\"Visit Alanya - Alanya is calling\",\"url\":\"https:\/\/www.visitalanya.com\/fi\/\",\"sameAs\":[\"https:\/\/www.instagram.com\/visit_alanya\/\",\"https:\/\/www.facebook.com\/VisitAlanya\/\",\"https:\/\/twitter.com\/visitalanyacom\"],\"logo\":{\"@type\":\"ImageObject\",\"inLanguage\":\"fi\",\"@id\":\"https:\/\/www.visitalanya.com\/fi\/#\/schema\/logo\/image\/\",\"url\":\"https:\/\/www.visitalanya.com\/wp-content\/uploads\/2015\/09\/logo-smll.png\",\"contentUrl\":\"https:\/\/www.visitalanya.com\/wp-content\/uploads\/2015\/09\/logo-smll.png\",\"width\":160,\"height\":108,\"caption\":\"Visit Alanya - Alanya is calling\"},\"image\":{\"@id\":\"https:\/\/www.visitalanya.com\/fi\/#\/schema\/logo\/image\/\"}}]}<\/script>\n<!-- \/ Yoast SEO plugin. -->","yoast_head_json":{"title":"Basaari ja markkinat - Visit Alanya - Alanya is calling","robots":{"index":"index","follow":"follow","max-snippet":"max-snippet:-1","max-image-preview":"max-image-preview:large","max-video-preview":"max-video-preview:-1"},"canonical":"https:\/\/www.visitalanya.com\/fi\/basaari_ja_markkinat\/","og_locale":"fi_FI","og_type":"article","og_title":"Basaari ja markkinat - Visit Alanya - Alanya is calling","og_description":"V\u00e4rikk\u00e4it\u00e4 tekstiilej\u00e4, eksoottisia mausteita ja hedelmi\u00e4.. Alanyan basaarialue on yksi Turkin etel\u00e4rannikon isoimpia ja kattavampia. Basaarialue levittyy kauppoineen ja kahviloineen satamasta aina paikallibussiasemalle, jakaantuen p\u00e4\u00e4katu Atat\u00fcrkin etel\u00e4- ja pohjoispuolelle. Paikallinen kaupank\u00e4yntikulttuuri tulee tutuksi basaarissa. L\u00f6yd\u00e4t niin matkamuistot kotiin viet\u00e4v\u00e4ksi, kuin k\u00e4yt\u00e4nn\u00f6lliset hy\u00f6dykkeet kelloista ja koruista aina nahkatakkeihin ja it\u00e4maisiin mattoihin. Hinnoista keskustelu ostamisen lomassa kuuluu kulttuuriin. \u00c4l\u00e4 siis ep\u00e4r\u00f6i ehdottaa myyj\u00e4lle itsest\u00e4si sopivaa hintaa! Myyj\u00e4 tulee hinnassa vastaan ja peli on valmis alkamaan. Nyrkkis\u00e4\u00e4nt\u00f6n\u00e4 on ettei ostajan koskaan tarvitse maksaa t\u00e4ytt\u00e4 hintaa, vaan tinkiminen kuuluu asiaan. Jos tinkiminen ei ole sinun juttusi, niin ostokset kannattaa tehd\u00e4 p\u00e4\u00e4katujen tai ostoskeskusten kaupoissa. Bussilla basaariin Helpoin tapa siirty\u00e4 basaarialueelle paikallisbussilla on ottaa linja numero 1, joka kulkee rantaa pitkin ja keskustan kohdalla p\u00e4\u00e4katu Atat\u00fcrkia. Sano kuljettajalle \u201cBazar\u201d niin useimmat kuljettajat tiedottavat turisteja kun bussi on oikealla pys\u00e4kill\u00e4. Hedelm\u00e4- ja vihannesmarkkinat Joka p\u00e4iv\u00e4 Alanyassa pidet\u00e4\u00e4n hedelm\u00e4 ja vihannesmarkkinat, joissa paikalliset tuottajat myyv\u00e4t vastapoimittuja luonnon antimia. Sitrushedelm\u00e4t ja banaanit myyd\u00e4\u00e4n ilman lis\u00e4aineita ja niit\u00e4 ei ole poimittu raakana, kuten Suomessa kauppojen valikoimista l\u00f6ytyv\u00e4t hedelm\u00e4t. Todellisten vitamiinipommien yst\u00e4ville suosittelemme markkinoiden mehukojuja joissa puristetaan sekoituksia erilaisista hedelmist\u00e4, kuten granaattiomenoista, porkkanasta, appelsiinista ja kiivist\u00e4. Todellista superfoodia! Vihannesmarkkinoilla ei ole tinkimisen kulttuuria, vaan ilmoitetut hinnat p\u00e4tev\u00e4t niin paikallisille kuin turisteille. Hedelm\u00e4- ja vihannesmarkkinat l\u00f6yd\u00e4t seuraavasti: Maanantaisin: Oba Tiistaisin: Mahmutlar Keskiviikkoisin: Avsallar ja Konakli Torstaisin: Tosmur Perjantaisin: Keskusta, basaarialue Lauantaisin: Mahmutlar, Cikcilli Sunnuntaisin: Keskusta, Hacet Mahallesin alue","og_url":"https:\/\/www.visitalanya.com\/fi\/basaari_ja_markkinat\/","og_site_name":"Visit Alanya - Alanya is calling","article_publisher":"https:\/\/www.facebook.com\/VisitAlanya\/","article_modified_time":"2016-11-01T18:49:45+00:00","og_image":[{"width":800,"height":600,"url":"https:\/\/www.visitalanya.com\/wp-content\/uploads\/2016\/05\/alanya-cuma-pazar\u0131-2.jpg","type":"image\/jpeg"}],"twitter_card":"summary_large_image","twitter_site":"@visitalanyacom","twitter_misc":{"Arvioitu lukuaika":"1 minuutti"},"schema":{"@context":"https:\/\/schema.org","@graph":[{"@type":"WebPage","@id":"https:\/\/www.visitalanya.com\/fi\/basaari_ja_markkinat\/","url":"https:\/\/www.visitalanya.com\/fi\/basaari_ja_markkinat\/","name":"Basaari ja markkinat - Visit Alanya - Alanya is calling","isPartOf":{"@id":"https:\/\/www.visitalanya.com\/fi\/#website"},"datePublished":"2016-08-25T08:07:50+00:00","dateModified":"2016-11-01T18:49:45+00:00","breadcrumb":{"@id":"https:\/\/www.visitalanya.com\/fi\/basaari_ja_markkinat\/#breadcrumb"},"inLanguage":"fi","potentialAction":[{"@type":"ReadAction","target":["https:\/\/www.visitalanya.com\/fi\/basaari_ja_markkinat\/"]}]},{"@type":"BreadcrumbList","@id":"https:\/\/www.visitalanya.com\/fi\/basaari_ja_markkinat\/#breadcrumb","itemListElement":[{"@type":"ListItem","position":1,"name":"Home","item":"https:\/\/www.visitalanya.com\/fi\/"},{"@type":"ListItem","position":2,"name":"Basaari ja markkinat"}]},{"@type":"WebSite","@id":"https:\/\/www.visitalanya.com\/fi\/#website","url":"https:\/\/www.visitalanya.com\/fi\/","name":"Visit Alanya - Alanya is calling","description":"Alanya Calling \u2014 Your Mediterranean Escape","publisher":{"@id":"https:\/\/www.visitalanya.com\/fi\/#organization"},"potentialAction":[{"@type":"SearchAction","target":{"@type":"EntryPoint","urlTemplate":"https:\/\/www.visitalanya.com\/fi\/?s={search_term_string}"},"query-input":"required name=search_term_string"}],"inLanguage":"fi"},{"@type":"Organization","@id":"https:\/\/www.visitalanya.com\/fi\/#organization","name":"Visit Alanya - Alanya is calling","url":"https:\/\/www.visitalanya.com\/fi\/","sameAs":["https:\/\/www.instagram.com\/visit_alanya\/","https:\/\/www.facebook.com\/VisitAlanya\/","https:\/\/twitter.com\/visitalanyacom"],"logo":{"@type":"ImageObject","inLanguage":"fi","@id":"https:\/\/www.visitalanya.com\/fi\/#\/schema\/logo\/image\/","url":"https:\/\/www.visitalanya.com\/wp-content\/uploads\/2015\/09\/logo-smll.png","contentUrl":"https:\/\/www.visitalanya.com\/wp-content\/uploads\/2015\/09\/logo-smll.png","width":160,"height":108,"caption":"Visit Alanya - Alanya is calling"},"image":{"@id":"https:\/\/www.visitalanya.com\/fi\/#\/schema\/logo\/image\/"}}]}},"_links":{"self":[{"href":"https:\/\/www.visitalanya.com\/fi\/wp-json\/wp\/v2\/pages\/6501"}],"collection":[{"href":"https:\/\/www.visitalanya.com\/fi\/wp-json\/wp\/v2\/pages"}],"about":[{"href":"https:\/\/www.visitalanya.com\/fi\/wp-json\/wp\/v2\/types\/page"}],"author":[{"embeddable":true,"href":"https:\/\/www.visitalanya.com\/fi\/wp-json\/wp\/v2\/users\/63"}],"replies":[{"embeddable":true,"href":"https:\/\/www.visitalanya.com\/fi\/wp-json\/wp\/v2\/comments?post=6501"}],"version-history":[{"count":6,"href":"https:\/\/www.visitalanya.com\/fi\/wp-json\/wp\/v2\/pages\/6501\/revisions"}],"predecessor-version":[{"id":6507,"href":"https:\/\/www.visitalanya.com\/fi\/wp-json\/wp\/v2\/pages\/6501\/revisions\/6507"}],"wp:featuredmedia":[{"embeddable":true,"href":"https:\/\/www.visitalanya.com\/fi\/wp-json\/wp\/v2\/media\/5967"}],"wp:attachment":[{"href":"https:\/\/www.visitalanya.com\/fi\/wp-json\/wp\/v2\/media?parent=6501"}],"wp:term":[{"taxonomy":"post_tag","embeddable":true,"href":"https:\/\/www.visitalanya.com\/fi\/wp-json\/wp\/v2\/tags?post=6501"}],"curies":[{"name":"wp","href":"https:\/\/api.w.org\/{rel}","templated":true}]}}