{"id":6588,"date":"2016-08-28T15:57:29","date_gmt":"2016-08-28T15:57:29","guid":{"rendered":"http:\/\/www.visitalanya.com\/fi\/?page_id=6588"},"modified":"2016-11-01T18:47:30","modified_gmt":"2016-11-01T18:47:30","slug":"refresh-dim-cay-river","status":"publish","type":"page","link":"https:\/\/www.visitalanya.com\/fi\/refresh-dim-cay-river\/","title":{"rendered":"Dimjoki"},"content":{"rendered":"<div id=\"content-wrapper\" class=\"gp-container\">\n<div id=\"content\">\n<article class=\"post-content post-5124 page type-page status-publish has-post-thumbnail gp_hubs-relax-and-spa-in-alanya gp_hubs-top-ten-things-to-do-in-alanya\">\n<div class=\"entry-content\">\n<p>Dimcay eli Dimjoki laskee korkealta Taurusvuorilta laskien mereen Tosmurin kyl\u00e4n kohdalla Alanyassa. Joki on ollut perinteisesti t\u00e4rke\u00e4 makean veden l\u00e4hde paikallisille, ja on sit\u00e4 edelleen sek\u00e4 tuottaen tasaisesti s\u00e4hk\u00f6\u00e4 Alanyan alueelle. Nyttemmin joen uomasta on tullut suosittu vapaa-ajanviettopaikka paikallisille, sek\u00e4 suosittu turistien retkikohde.<\/p>\n<p>Joen ravintolat ovat tuttuja postikorteista ja lomakuvista. Usein ravintoloiden p\u00f6yd\u00e4t on tehty lauttojen p\u00e4\u00e4lle jotka kelluvat joessa. Varsinkin kuumimpaan kes\u00e4aikaan Dim on suosittu, sill\u00e4 joen viile\u00e4 vesi j\u00e4\u00e4hdytt\u00e4\u00e4 koko uomaa, eik\u00e4 kuuminkaan aika p\u00e4iv\u00e4st\u00e4 tunnu t\u00e4\u00e4ll\u00e4 tukahduttavalta. Paikallisia n\u00e4kyy paljon turistien seassa, grillaten, uiden ja torkkuja ottaen. Lapsille on vesiliukureita ja leikkipuisto.<\/p>\n<p>K\u00e4yt\u00e4nn\u00f6n vinkkej\u00e4:<\/p>\n<ul>\n<li>Dimjoen ravintolat ovat melko t\u00e4ynn\u00e4 sunnuntaisin, kun paikallisia on alueella kaikista viikonp\u00e4ivist\u00e4 eniten. Jos pid\u00e4t rauhallisemmasta menosta, suosittelemme k\u00e4ynti\u00e4 jonakin muuna viikonp\u00e4iv\u00e4n\u00e4.<\/li>\n<li>Dimjoelle p\u00e4\u00e4see taksilla, mutta my\u00f6s julkisen liikenteen bussilla. Linja 10 bussi kulkee Dimjoelle paikallisbussiasemalta. My\u00f6s Tosmurin kyl\u00e4aukealta kulkee busseja alueelle.<\/li>\n<li>Pinarbasi Dimcay Restaurant j\u00e4rjest\u00e4\u00e4 ilmasta kuljetusta asiakkaileen Alanyasta. Bussi l\u00e4htee Kleopatra rannan Palm Beachista klo 10:30 ja 12:30, sataman Bistro Bellmanista klo 11:00 ja 13:00 ja Atat\u00fcrkin patsaalta keskustasta 11:05 ja 13:05. Paluukyydityksi\u00e4 tulee tarpeen mukaan, viimeinen kuitenkin aina klo 17:00<\/li>\n<li>Yksi vaihtoehto j\u00e4rjest\u00e4\u00e4 k\u00e4ynti Dimjoelle on yhdist\u00e4\u00e4 se Jeeppisafariin. Jotkut safarien j\u00e4rjest\u00e4j\u00e4t tekev\u00e4t retken lounalla Dimjoella. Keskustele asiasta tarkemmin retkenj\u00e4rjest\u00e4j\u00e4si kanssa.<\/li>\n<li>Mukaan Dimjoelle kannattaa pakata uima-asut, pyyhkeet, aurinkovoiteet ja vesipullo.<\/li>\n<\/ul>\n<p>T\u00e4ss\u00e4 <a href=\"http:\/\/www.laulunisadepaivanvaralle.com\/2014\/07\/dim-joki-dimcay.html\" target=\"_blank\">blogikirjoitus<\/a> Dimjoesta turistin n\u00e4k\u00f6kulmasta hyvill\u00e4 kuvilla.<\/p>\n<\/div>\n<\/article>\n<\/div>\n<div class=\"clear\"><\/div>\n<\/div>\n<footer id=\"footer\">\n<div id=\"footer-widgets\"><\/div>\n<\/footer>\n","protected":false},"excerpt":{"rendered":"<p>Dimcay eli Dimjoki laskee korkealta Taurusvuorilta laskien mereen Tosmurin kyl\u00e4n kohdalla Alanyassa. Joki on ollut perinteisesti t\u00e4rke\u00e4 makean veden l\u00e4hde paikallisille, ja on sit\u00e4 edelleen sek\u00e4 tuottaen tasaisesti s\u00e4hk\u00f6\u00e4 Alanyan alueelle. Nyttemmin joen uomasta on tullut suosittu vapaa-ajanviettopaikka paikallisille, sek\u00e4 suosittu turistien retkikohde. Joen ravintolat ovat tuttuja postikorteista ja lomakuvista. Usein ravintoloiden p\u00f6yd\u00e4t on tehty lauttojen p\u00e4\u00e4lle jotka kelluvat joessa. Varsinkin kuumimpaan kes\u00e4aikaan Dim on suosittu, sill\u00e4 joen viile\u00e4 vesi j\u00e4\u00e4hdytt\u00e4\u00e4 koko uomaa, eik\u00e4 kuuminkaan aika p\u00e4iv\u00e4st\u00e4 tunnu t\u00e4\u00e4ll\u00e4 tukahduttavalta. Paikallisia n\u00e4kyy paljon turistien seassa, grillaten, uiden ja torkkuja ottaen. Lapsille on vesiliukureita ja leikkipuisto. K\u00e4yt\u00e4nn\u00f6n vinkkej\u00e4: Dimjoen ravintolat ovat melko t\u00e4ynn\u00e4 sunnuntaisin, kun paikallisia on alueella kaikista viikonp\u00e4ivist\u00e4 eniten. Jos pid\u00e4t rauhallisemmasta menosta, suosittelemme k\u00e4ynti\u00e4 jonakin muuna viikonp\u00e4iv\u00e4n\u00e4. Dimjoelle p\u00e4\u00e4see taksilla, mutta my\u00f6s julkisen liikenteen bussilla. Linja 10 bussi kulkee Dimjoelle paikallisbussiasemalta. My\u00f6s Tosmurin kyl\u00e4aukealta kulkee busseja alueelle. Pinarbasi Dimcay Restaurant j\u00e4rjest\u00e4\u00e4 ilmasta kuljetusta asiakkaileen Alanyasta. Bussi l\u00e4htee Kleopatra rannan Palm Beachista klo 10:30 ja 12:30, sataman Bistro Bellmanista klo 11:00 ja 13:00 ja Atat\u00fcrkin patsaalta keskustasta 11:05 ja 13:05. Paluukyydityksi\u00e4 tulee tarpeen mukaan, viimeinen kuitenkin aina klo 17:00 Yksi vaihtoehto j\u00e4rjest\u00e4\u00e4 k\u00e4ynti Dimjoelle on yhdist\u00e4\u00e4 se Jeeppisafariin. Jotkut safarien j\u00e4rjest\u00e4j\u00e4t tekev\u00e4t retken lounalla Dimjoella. Keskustele asiasta tarkemmin retkenj\u00e4rjest\u00e4j\u00e4si kanssa. Mukaan Dimjoelle kannattaa pakata uima-asut, pyyhkeet, aurinkovoiteet ja vesipullo. T\u00e4ss\u00e4 blogikirjoitus Dimjoesta turistin n\u00e4k\u00f6kulmasta hyvill\u00e4 kuvilla.<\/p>\n","protected":false},"author":63,"featured_media":5459,"parent":0,"menu_order":0,"comment_status":"open","ping_status":"closed","template":"hub-template.php","meta":{"_mi_skip_tracking":false,"_exactmetrics_sitenote_active":false,"_exactmetrics_sitenote_note":"","_exactmetrics_sitenote_category":0},"tags":[],"yoast_head":"<!-- This site is optimized with the Yoast SEO plugin v19.8 - https:\/\/yoast.com\/wordpress\/plugins\/seo\/ -->\n<title>Dimjoki - Visit Alanya - Alanya is calling<\/title>\n<meta name=\"robots\" content=\"index, follow, max-snippet:-1, max-image-preview:large, max-video-preview:-1\" \/>\n<link rel=\"canonical\" href=\"https:\/\/www.visitalanya.com\/fi\/refresh-dim-cay-river\/\" \/>\n<meta property=\"og:locale\" content=\"fi_FI\" \/>\n<meta property=\"og:type\" content=\"article\" \/>\n<meta property=\"og:title\" content=\"Dimjoki - Visit Alanya - Alanya is calling\" \/>\n<meta property=\"og:description\" content=\"Dimcay eli Dimjoki laskee korkealta Taurusvuorilta laskien mereen Tosmurin kyl\u00e4n kohdalla Alanyassa. Joki on ollut perinteisesti t\u00e4rke\u00e4 makean veden l\u00e4hde paikallisille, ja on sit\u00e4 edelleen sek\u00e4 tuottaen tasaisesti s\u00e4hk\u00f6\u00e4 Alanyan alueelle. Nyttemmin joen uomasta on tullut suosittu vapaa-ajanviettopaikka paikallisille, sek\u00e4 suosittu turistien retkikohde. Joen ravintolat ovat tuttuja postikorteista ja lomakuvista. Usein ravintoloiden p\u00f6yd\u00e4t on tehty lauttojen p\u00e4\u00e4lle jotka kelluvat joessa. Varsinkin kuumimpaan kes\u00e4aikaan Dim on suosittu, sill\u00e4 joen viile\u00e4 vesi j\u00e4\u00e4hdytt\u00e4\u00e4 koko uomaa, eik\u00e4 kuuminkaan aika p\u00e4iv\u00e4st\u00e4 tunnu t\u00e4\u00e4ll\u00e4 tukahduttavalta. Paikallisia n\u00e4kyy paljon turistien seassa, grillaten, uiden ja torkkuja ottaen. Lapsille on vesiliukureita ja leikkipuisto. K\u00e4yt\u00e4nn\u00f6n vinkkej\u00e4: Dimjoen ravintolat ovat melko t\u00e4ynn\u00e4 sunnuntaisin, kun paikallisia on alueella kaikista viikonp\u00e4ivist\u00e4 eniten. Jos pid\u00e4t rauhallisemmasta menosta, suosittelemme k\u00e4ynti\u00e4 jonakin muuna viikonp\u00e4iv\u00e4n\u00e4. Dimjoelle p\u00e4\u00e4see taksilla, mutta my\u00f6s julkisen liikenteen bussilla. Linja 10 bussi kulkee Dimjoelle paikallisbussiasemalta. My\u00f6s Tosmurin kyl\u00e4aukealta kulkee busseja alueelle. Pinarbasi Dimcay Restaurant j\u00e4rjest\u00e4\u00e4 ilmasta kuljetusta asiakkaileen Alanyasta. Bussi l\u00e4htee Kleopatra rannan Palm Beachista klo 10:30 ja 12:30, sataman Bistro Bellmanista klo 11:00 ja 13:00 ja Atat\u00fcrkin patsaalta keskustasta 11:05 ja 13:05. Paluukyydityksi\u00e4 tulee tarpeen mukaan, viimeinen kuitenkin aina klo 17:00 Yksi vaihtoehto j\u00e4rjest\u00e4\u00e4 k\u00e4ynti Dimjoelle on yhdist\u00e4\u00e4 se Jeeppisafariin. Jotkut safarien j\u00e4rjest\u00e4j\u00e4t tekev\u00e4t retken lounalla Dimjoella. Keskustele asiasta tarkemmin retkenj\u00e4rjest\u00e4j\u00e4si kanssa. Mukaan Dimjoelle kannattaa pakata uima-asut, pyyhkeet, aurinkovoiteet ja vesipullo. T\u00e4ss\u00e4 blogikirjoitus Dimjoesta turistin n\u00e4k\u00f6kulmasta hyvill\u00e4 kuvilla.\" \/>\n<meta property=\"og:url\" content=\"https:\/\/www.visitalanya.com\/fi\/refresh-dim-cay-river\/\" \/>\n<meta property=\"og:site_name\" content=\"Visit Alanya - Alanya is calling\" \/>\n<meta property=\"article:publisher\" content=\"https:\/\/www.facebook.com\/VisitAlanya\/\" \/>\n<meta property=\"article:modified_time\" content=\"2016-11-01T18:47:30+00:00\" \/>\n<meta property=\"og:image\" content=\"https:\/\/www.visitalanya.com\/wp-content\/uploads\/2016\/01\/Dim-\u00e7ay-river-alanya-3.jpg\" \/>\n\t<meta property=\"og:image:width\" content=\"1024\" \/>\n\t<meta property=\"og:image:height\" content=\"768\" \/>\n\t<meta property=\"og:image:type\" content=\"image\/jpeg\" \/>\n<meta name=\"twitter:card\" content=\"summary_large_image\" \/>\n<meta name=\"twitter:site\" content=\"@visitalanyacom\" \/>\n<meta name=\"twitter:label1\" content=\"Arvioitu lukuaika\" \/>\n\t<meta name=\"twitter:data1\" content=\"1 minuutti\" \/>\n<script type=\"application\/ld+json\" class=\"yoast-schema-graph\">{\"@context\":\"https:\/\/schema.org\",\"@graph\":[{\"@type\":\"WebPage\",\"@id\":\"https:\/\/www.visitalanya.com\/fi\/refresh-dim-cay-river\/\",\"url\":\"https:\/\/www.visitalanya.com\/fi\/refresh-dim-cay-river\/\",\"name\":\"Dimjoki - Visit Alanya - Alanya is calling\",\"isPartOf\":{\"@id\":\"https:\/\/www.visitalanya.com\/fi\/#website\"},\"datePublished\":\"2016-08-28T15:57:29+00:00\",\"dateModified\":\"2016-11-01T18:47:30+00:00\",\"breadcrumb\":{\"@id\":\"https:\/\/www.visitalanya.com\/fi\/refresh-dim-cay-river\/#breadcrumb\"},\"inLanguage\":\"fi\",\"potentialAction\":[{\"@type\":\"ReadAction\",\"target\":[\"https:\/\/www.visitalanya.com\/fi\/refresh-dim-cay-river\/\"]}]},{\"@type\":\"BreadcrumbList\",\"@id\":\"https:\/\/www.visitalanya.com\/fi\/refresh-dim-cay-river\/#breadcrumb\",\"itemListElement\":[{\"@type\":\"ListItem\",\"position\":1,\"name\":\"Home\",\"item\":\"https:\/\/www.visitalanya.com\/fi\/\"},{\"@type\":\"ListItem\",\"position\":2,\"name\":\"Dimjoki\"}]},{\"@type\":\"WebSite\",\"@id\":\"https:\/\/www.visitalanya.com\/fi\/#website\",\"url\":\"https:\/\/www.visitalanya.com\/fi\/\",\"name\":\"Visit Alanya - Alanya is calling\",\"description\":\"Alanya Calling \u2014 Your Mediterranean Escape\",\"publisher\":{\"@id\":\"https:\/\/www.visitalanya.com\/fi\/#organization\"},\"potentialAction\":[{\"@type\":\"SearchAction\",\"target\":{\"@type\":\"EntryPoint\",\"urlTemplate\":\"https:\/\/www.visitalanya.com\/fi\/?s={search_term_string}\"},\"query-input\":\"required name=search_term_string\"}],\"inLanguage\":\"fi\"},{\"@type\":\"Organization\",\"@id\":\"https:\/\/www.visitalanya.com\/fi\/#organization\",\"name\":\"Visit Alanya - Alanya is calling\",\"url\":\"https:\/\/www.visitalanya.com\/fi\/\",\"sameAs\":[\"https:\/\/www.instagram.com\/visit_alanya\/\",\"https:\/\/www.facebook.com\/VisitAlanya\/\",\"https:\/\/twitter.com\/visitalanyacom\"],\"logo\":{\"@type\":\"ImageObject\",\"inLanguage\":\"fi\",\"@id\":\"https:\/\/www.visitalanya.com\/fi\/#\/schema\/logo\/image\/\",\"url\":\"https:\/\/www.visitalanya.com\/wp-content\/uploads\/2015\/09\/logo-smll.png\",\"contentUrl\":\"https:\/\/www.visitalanya.com\/wp-content\/uploads\/2015\/09\/logo-smll.png\",\"width\":160,\"height\":108,\"caption\":\"Visit Alanya - Alanya is calling\"},\"image\":{\"@id\":\"https:\/\/www.visitalanya.com\/fi\/#\/schema\/logo\/image\/\"}}]}<\/script>\n<!-- \/ Yoast SEO plugin. -->","yoast_head_json":{"title":"Dimjoki - Visit Alanya - Alanya is calling","robots":{"index":"index","follow":"follow","max-snippet":"max-snippet:-1","max-image-preview":"max-image-preview:large","max-video-preview":"max-video-preview:-1"},"canonical":"https:\/\/www.visitalanya.com\/fi\/refresh-dim-cay-river\/","og_locale":"fi_FI","og_type":"article","og_title":"Dimjoki - Visit Alanya - Alanya is calling","og_description":"Dimcay eli Dimjoki laskee korkealta Taurusvuorilta laskien mereen Tosmurin kyl\u00e4n kohdalla Alanyassa. Joki on ollut perinteisesti t\u00e4rke\u00e4 makean veden l\u00e4hde paikallisille, ja on sit\u00e4 edelleen sek\u00e4 tuottaen tasaisesti s\u00e4hk\u00f6\u00e4 Alanyan alueelle. Nyttemmin joen uomasta on tullut suosittu vapaa-ajanviettopaikka paikallisille, sek\u00e4 suosittu turistien retkikohde. Joen ravintolat ovat tuttuja postikorteista ja lomakuvista. Usein ravintoloiden p\u00f6yd\u00e4t on tehty lauttojen p\u00e4\u00e4lle jotka kelluvat joessa. Varsinkin kuumimpaan kes\u00e4aikaan Dim on suosittu, sill\u00e4 joen viile\u00e4 vesi j\u00e4\u00e4hdytt\u00e4\u00e4 koko uomaa, eik\u00e4 kuuminkaan aika p\u00e4iv\u00e4st\u00e4 tunnu t\u00e4\u00e4ll\u00e4 tukahduttavalta. Paikallisia n\u00e4kyy paljon turistien seassa, grillaten, uiden ja torkkuja ottaen. Lapsille on vesiliukureita ja leikkipuisto. K\u00e4yt\u00e4nn\u00f6n vinkkej\u00e4: Dimjoen ravintolat ovat melko t\u00e4ynn\u00e4 sunnuntaisin, kun paikallisia on alueella kaikista viikonp\u00e4ivist\u00e4 eniten. Jos pid\u00e4t rauhallisemmasta menosta, suosittelemme k\u00e4ynti\u00e4 jonakin muuna viikonp\u00e4iv\u00e4n\u00e4. Dimjoelle p\u00e4\u00e4see taksilla, mutta my\u00f6s julkisen liikenteen bussilla. Linja 10 bussi kulkee Dimjoelle paikallisbussiasemalta. My\u00f6s Tosmurin kyl\u00e4aukealta kulkee busseja alueelle. Pinarbasi Dimcay Restaurant j\u00e4rjest\u00e4\u00e4 ilmasta kuljetusta asiakkaileen Alanyasta. Bussi l\u00e4htee Kleopatra rannan Palm Beachista klo 10:30 ja 12:30, sataman Bistro Bellmanista klo 11:00 ja 13:00 ja Atat\u00fcrkin patsaalta keskustasta 11:05 ja 13:05. Paluukyydityksi\u00e4 tulee tarpeen mukaan, viimeinen kuitenkin aina klo 17:00 Yksi vaihtoehto j\u00e4rjest\u00e4\u00e4 k\u00e4ynti Dimjoelle on yhdist\u00e4\u00e4 se Jeeppisafariin. Jotkut safarien j\u00e4rjest\u00e4j\u00e4t tekev\u00e4t retken lounalla Dimjoella. Keskustele asiasta tarkemmin retkenj\u00e4rjest\u00e4j\u00e4si kanssa. Mukaan Dimjoelle kannattaa pakata uima-asut, pyyhkeet, aurinkovoiteet ja vesipullo. T\u00e4ss\u00e4 blogikirjoitus Dimjoesta turistin n\u00e4k\u00f6kulmasta hyvill\u00e4 kuvilla.","og_url":"https:\/\/www.visitalanya.com\/fi\/refresh-dim-cay-river\/","og_site_name":"Visit Alanya - Alanya is calling","article_publisher":"https:\/\/www.facebook.com\/VisitAlanya\/","article_modified_time":"2016-11-01T18:47:30+00:00","og_image":[{"width":1024,"height":768,"url":"https:\/\/www.visitalanya.com\/wp-content\/uploads\/2016\/01\/Dim-\u00e7ay-river-alanya-3.jpg","type":"image\/jpeg"}],"twitter_card":"summary_large_image","twitter_site":"@visitalanyacom","twitter_misc":{"Arvioitu lukuaika":"1 minuutti"},"schema":{"@context":"https:\/\/schema.org","@graph":[{"@type":"WebPage","@id":"https:\/\/www.visitalanya.com\/fi\/refresh-dim-cay-river\/","url":"https:\/\/www.visitalanya.com\/fi\/refresh-dim-cay-river\/","name":"Dimjoki - Visit Alanya - Alanya is calling","isPartOf":{"@id":"https:\/\/www.visitalanya.com\/fi\/#website"},"datePublished":"2016-08-28T15:57:29+00:00","dateModified":"2016-11-01T18:47:30+00:00","breadcrumb":{"@id":"https:\/\/www.visitalanya.com\/fi\/refresh-dim-cay-river\/#breadcrumb"},"inLanguage":"fi","potentialAction":[{"@type":"ReadAction","target":["https:\/\/www.visitalanya.com\/fi\/refresh-dim-cay-river\/"]}]},{"@type":"BreadcrumbList","@id":"https:\/\/www.visitalanya.com\/fi\/refresh-dim-cay-river\/#breadcrumb","itemListElement":[{"@type":"ListItem","position":1,"name":"Home","item":"https:\/\/www.visitalanya.com\/fi\/"},{"@type":"ListItem","position":2,"name":"Dimjoki"}]},{"@type":"WebSite","@id":"https:\/\/www.visitalanya.com\/fi\/#website","url":"https:\/\/www.visitalanya.com\/fi\/","name":"Visit Alanya - Alanya is calling","description":"Alanya Calling \u2014 Your Mediterranean Escape","publisher":{"@id":"https:\/\/www.visitalanya.com\/fi\/#organization"},"potentialAction":[{"@type":"SearchAction","target":{"@type":"EntryPoint","urlTemplate":"https:\/\/www.visitalanya.com\/fi\/?s={search_term_string}"},"query-input":"required name=search_term_string"}],"inLanguage":"fi"},{"@type":"Organization","@id":"https:\/\/www.visitalanya.com\/fi\/#organization","name":"Visit Alanya - Alanya is calling","url":"https:\/\/www.visitalanya.com\/fi\/","sameAs":["https:\/\/www.instagram.com\/visit_alanya\/","https:\/\/www.facebook.com\/VisitAlanya\/","https:\/\/twitter.com\/visitalanyacom"],"logo":{"@type":"ImageObject","inLanguage":"fi","@id":"https:\/\/www.visitalanya.com\/fi\/#\/schema\/logo\/image\/","url":"https:\/\/www.visitalanya.com\/wp-content\/uploads\/2015\/09\/logo-smll.png","contentUrl":"https:\/\/www.visitalanya.com\/wp-content\/uploads\/2015\/09\/logo-smll.png","width":160,"height":108,"caption":"Visit Alanya - Alanya is calling"},"image":{"@id":"https:\/\/www.visitalanya.com\/fi\/#\/schema\/logo\/image\/"}}]}},"_links":{"self":[{"href":"https:\/\/www.visitalanya.com\/fi\/wp-json\/wp\/v2\/pages\/6588"}],"collection":[{"href":"https:\/\/www.visitalanya.com\/fi\/wp-json\/wp\/v2\/pages"}],"about":[{"href":"https:\/\/www.visitalanya.com\/fi\/wp-json\/wp\/v2\/types\/page"}],"author":[{"embeddable":true,"href":"https:\/\/www.visitalanya.com\/fi\/wp-json\/wp\/v2\/users\/63"}],"replies":[{"embeddable":true,"href":"https:\/\/www.visitalanya.com\/fi\/wp-json\/wp\/v2\/comments?post=6588"}],"version-history":[{"count":5,"href":"https:\/\/www.visitalanya.com\/fi\/wp-json\/wp\/v2\/pages\/6588\/revisions"}],"predecessor-version":[{"id":6593,"href":"https:\/\/www.visitalanya.com\/fi\/wp-json\/wp\/v2\/pages\/6588\/revisions\/6593"}],"wp:featuredmedia":[{"embeddable":true,"href":"https:\/\/www.visitalanya.com\/fi\/wp-json\/wp\/v2\/media\/5459"}],"wp:attachment":[{"href":"https:\/\/www.visitalanya.com\/fi\/wp-json\/wp\/v2\/media?parent=6588"}],"wp:term":[{"taxonomy":"post_tag","embeddable":true,"href":"https:\/\/www.visitalanya.com\/fi\/wp-json\/wp\/v2\/tags?post=6588"}],"curies":[{"name":"wp","href":"https:\/\/api.w.org\/{rel}","templated":true}]}}