{"id":6616,"date":"2016-01-21T20:02:18","date_gmt":"2016-01-21T20:02:18","guid":{"rendered":"http:\/\/www.visitalanya.com\/fi\/have-a-brunch-in-alanya\/"},"modified":"2016-08-29T10:04:12","modified_gmt":"2016-08-29T10:04:12","slug":"brunssi","status":"publish","type":"page","link":"https:\/\/www.visitalanya.com\/fi\/brunssi\/","title":{"rendered":"Turkkilainen brunssi"},"content":{"rendered":"<p>Alanyan paikalliseen ruokakultuuriin kuuluu vahvasti turkkilainen brunssi, joka ruoka-tarjoilultaan muistuttaa paljon espanjalaista Tapasta. Samankaltainen v\u00e4limerellinen tarjoilu tunnetaan Turkissa nimell\u00e4 Meze. Brunssi kuuluu monelle paikalliselle viikonlopun viettoon, jolloin perheen kanssa tullaan yhteen nauttimaan runsas brunssi valikoituun brunssiravintolaan.<\/p>\n<p>Jotta voit kokea autenttisen brunssin, on l\u00e4hdett\u00e4v\u00e4 turistikortteleiden ulkopuolelle. Keykubatin rannassa on muutamia paikkoja, mutta suosittelemme joko linnakukkulan ravintoloita, tai sit\u00e4kin enemm\u00e4n Taurusvuorten rinteilt\u00e4 l\u00f6ytyvi\u00e4 paikkoja. Turisti ei n\u00e4iss\u00e4 ravintoloissa ole kummajainen, mutta l\u00e4hes kaikki muut asiakkaat ovat paikallisia. Hinta\/laatu on siis kohdallaan. Samalla kun nautit ulkoilmaterassilla brunssin herkuista, avautuu vuorelta upea maisema v\u00e4limerelle.<\/p>\n<p>Brunssin antimet koostuvat pitk\u00e4lti kylm\u00e4n\u00e4 tarjoiltavista pikkupurtavista ja tuoreesta leiv\u00e4st\u00e4. P\u00f6yt\u00e4\u00e4si tuodaan kymmeni\u00e4 lautasia sis\u00e4lt\u00e4en juustoja, eri oliivilaatuja, munakasta, hilloja, p\u00e4hkin\u00f6it\u00e4, kasviksia, salaatti-aineksia, tuoreita mehuja, kahvia ja teet\u00e4, ja paljon muuta. Aina voi poimia omaan makuunsa sopivimmat ainekset, p\u00f6yd\u00e4n antimien ollessa koko seurueesi nautittavissa. My\u00f6s buffet -tyylisi\u00e4 brunsseja l\u00f6ytyy, joissa ruokia ei kateta p\u00f6yt\u00e4\u00e4n vaan ruoat noudetaan seisovasta p\u00f6yd\u00e4st\u00e4.<\/p>\n<p>Hyv\u00e4 tiet\u00e4\u00e4:<\/p>\n<ul>\n<li>Kaikilla paikallisilla on oma brunssi-suosikkipaikkansa. Kysy rohkeasti suosituksia<\/li>\n<li>Suosituin aika on yleens\u00e4 noin klo 11. Jos haluat menn\u00e4 brunssille t\u00e4h\u00e4n aikaan ja varsinkin sunnuntaina, on suositeltavaa tehd\u00e4 p\u00f6yt\u00e4varaus<\/li>\n<li>Brunssille kannattaa varustautua tyhj\u00e4ll\u00e4 vatsalla<img class=\"wp-smiley\" src=\"http:\/\/www.visitalanya.com\/wp-includes\/images\/smilies\/simple-smile.png\" alt=\":)\" \/><\/li>\n<\/ul>\n","protected":false},"excerpt":{"rendered":"<p>Alanyan paikalliseen ruokakultuuriin kuuluu vahvasti turkkilainen brunssi, joka ruoka-tarjoilultaan muistuttaa paljon espanjalaista Tapasta. Samankaltainen v\u00e4limerellinen tarjoilu tunnetaan Turkissa nimell\u00e4 Meze. Brunssi kuuluu monelle paikalliselle viikonlopun viettoon, jolloin perheen kanssa tullaan yhteen nauttimaan runsas brunssi valikoituun brunssiravintolaan. Jotta voit kokea autenttisen brunssin, on l\u00e4hdett\u00e4v\u00e4 turistikortteleiden ulkopuolelle. Keykubatin rannassa on muutamia paikkoja, mutta suosittelemme joko linnakukkulan ravintoloita, tai sit\u00e4kin enemm\u00e4n Taurusvuorten rinteilt\u00e4 l\u00f6ytyvi\u00e4 paikkoja. Turisti ei n\u00e4iss\u00e4 ravintoloissa ole kummajainen, mutta l\u00e4hes kaikki muut asiakkaat ovat paikallisia. Hinta\/laatu on siis kohdallaan. Samalla kun nautit ulkoilmaterassilla brunssin herkuista, avautuu vuorelta upea maisema v\u00e4limerelle. Brunssin antimet koostuvat pitk\u00e4lti kylm\u00e4n\u00e4 tarjoiltavista pikkupurtavista ja tuoreesta leiv\u00e4st\u00e4. P\u00f6yt\u00e4\u00e4si tuodaan kymmeni\u00e4 lautasia sis\u00e4lt\u00e4en juustoja, eri oliivilaatuja, munakasta, hilloja, p\u00e4hkin\u00f6it\u00e4, kasviksia, salaatti-aineksia, tuoreita mehuja, kahvia ja teet\u00e4, ja paljon muuta. Aina voi poimia omaan makuunsa sopivimmat ainekset, p\u00f6yd\u00e4n antimien ollessa koko seurueesi nautittavissa. My\u00f6s buffet -tyylisi\u00e4 brunsseja l\u00f6ytyy, joissa ruokia ei kateta p\u00f6yt\u00e4\u00e4n vaan ruoat noudetaan seisovasta p\u00f6yd\u00e4st\u00e4. Hyv\u00e4 tiet\u00e4\u00e4: Kaikilla paikallisilla on oma brunssi-suosikkipaikkansa. Kysy rohkeasti suosituksia Suosituin aika on yleens\u00e4 noin klo 11. Jos haluat menn\u00e4 brunssille t\u00e4h\u00e4n aikaan ja varsinkin sunnuntaina, on suositeltavaa tehd\u00e4 p\u00f6yt\u00e4varaus Brunssille kannattaa varustautua tyhj\u00e4ll\u00e4 vatsalla<\/p>\n","protected":false},"author":1,"featured_media":5215,"parent":0,"menu_order":0,"comment_status":"closed","ping_status":"closed","template":"hub-template.php","meta":{"_mi_skip_tracking":false,"_exactmetrics_sitenote_active":false,"_exactmetrics_sitenote_note":"","_exactmetrics_sitenote_category":0},"tags":[],"yoast_head":"<!-- This site is optimized with the Yoast SEO plugin v19.8 - https:\/\/yoast.com\/wordpress\/plugins\/seo\/ -->\n<title>Turkkilainen brunssi - Visit Alanya - Alanya is calling<\/title>\n<meta name=\"robots\" content=\"index, follow, max-snippet:-1, max-image-preview:large, max-video-preview:-1\" \/>\n<link rel=\"canonical\" href=\"https:\/\/www.visitalanya.com\/fi\/brunssi\/\" \/>\n<meta property=\"og:locale\" content=\"fi_FI\" \/>\n<meta property=\"og:type\" content=\"article\" \/>\n<meta property=\"og:title\" content=\"Turkkilainen brunssi - Visit Alanya - Alanya is calling\" \/>\n<meta property=\"og:description\" content=\"Alanyan paikalliseen ruokakultuuriin kuuluu vahvasti turkkilainen brunssi, joka ruoka-tarjoilultaan muistuttaa paljon espanjalaista Tapasta. Samankaltainen v\u00e4limerellinen tarjoilu tunnetaan Turkissa nimell\u00e4 Meze. Brunssi kuuluu monelle paikalliselle viikonlopun viettoon, jolloin perheen kanssa tullaan yhteen nauttimaan runsas brunssi valikoituun brunssiravintolaan. Jotta voit kokea autenttisen brunssin, on l\u00e4hdett\u00e4v\u00e4 turistikortteleiden ulkopuolelle. Keykubatin rannassa on muutamia paikkoja, mutta suosittelemme joko linnakukkulan ravintoloita, tai sit\u00e4kin enemm\u00e4n Taurusvuorten rinteilt\u00e4 l\u00f6ytyvi\u00e4 paikkoja. Turisti ei n\u00e4iss\u00e4 ravintoloissa ole kummajainen, mutta l\u00e4hes kaikki muut asiakkaat ovat paikallisia. Hinta\/laatu on siis kohdallaan. Samalla kun nautit ulkoilmaterassilla brunssin herkuista, avautuu vuorelta upea maisema v\u00e4limerelle. Brunssin antimet koostuvat pitk\u00e4lti kylm\u00e4n\u00e4 tarjoiltavista pikkupurtavista ja tuoreesta leiv\u00e4st\u00e4. P\u00f6yt\u00e4\u00e4si tuodaan kymmeni\u00e4 lautasia sis\u00e4lt\u00e4en juustoja, eri oliivilaatuja, munakasta, hilloja, p\u00e4hkin\u00f6it\u00e4, kasviksia, salaatti-aineksia, tuoreita mehuja, kahvia ja teet\u00e4, ja paljon muuta. Aina voi poimia omaan makuunsa sopivimmat ainekset, p\u00f6yd\u00e4n antimien ollessa koko seurueesi nautittavissa. My\u00f6s buffet -tyylisi\u00e4 brunsseja l\u00f6ytyy, joissa ruokia ei kateta p\u00f6yt\u00e4\u00e4n vaan ruoat noudetaan seisovasta p\u00f6yd\u00e4st\u00e4. Hyv\u00e4 tiet\u00e4\u00e4: Kaikilla paikallisilla on oma brunssi-suosikkipaikkansa. Kysy rohkeasti suosituksia Suosituin aika on yleens\u00e4 noin klo 11. Jos haluat menn\u00e4 brunssille t\u00e4h\u00e4n aikaan ja varsinkin sunnuntaina, on suositeltavaa tehd\u00e4 p\u00f6yt\u00e4varaus Brunssille kannattaa varustautua tyhj\u00e4ll\u00e4 vatsalla\" \/>\n<meta property=\"og:url\" content=\"https:\/\/www.visitalanya.com\/fi\/brunssi\/\" \/>\n<meta property=\"og:site_name\" content=\"Visit Alanya - Alanya is calling\" \/>\n<meta property=\"article:publisher\" content=\"https:\/\/www.facebook.com\/VisitAlanya\/\" \/>\n<meta property=\"article:modified_time\" content=\"2016-08-29T10:04:12+00:00\" \/>\n<meta property=\"og:image\" content=\"https:\/\/www.visitalanya.com\/wp-content\/uploads\/2015\/03\/turkis-food-in-Alanya.jpg\" \/>\n\t<meta property=\"og:image:width\" content=\"800\" \/>\n\t<meta property=\"og:image:height\" content=\"526\" \/>\n\t<meta property=\"og:image:type\" content=\"image\/jpeg\" \/>\n<meta name=\"twitter:card\" content=\"summary_large_image\" \/>\n<meta name=\"twitter:site\" content=\"@visitalanyacom\" \/>\n<meta name=\"twitter:label1\" content=\"Arvioitu lukuaika\" \/>\n\t<meta name=\"twitter:data1\" content=\"1 minuutti\" \/>\n<script type=\"application\/ld+json\" class=\"yoast-schema-graph\">{\"@context\":\"https:\/\/schema.org\",\"@graph\":[{\"@type\":\"WebPage\",\"@id\":\"https:\/\/www.visitalanya.com\/fi\/brunssi\/\",\"url\":\"https:\/\/www.visitalanya.com\/fi\/brunssi\/\",\"name\":\"Turkkilainen brunssi - Visit Alanya - Alanya is calling\",\"isPartOf\":{\"@id\":\"https:\/\/www.visitalanya.com\/fi\/#website\"},\"datePublished\":\"2016-01-21T20:02:18+00:00\",\"dateModified\":\"2016-08-29T10:04:12+00:00\",\"breadcrumb\":{\"@id\":\"https:\/\/www.visitalanya.com\/fi\/brunssi\/#breadcrumb\"},\"inLanguage\":\"fi\",\"potentialAction\":[{\"@type\":\"ReadAction\",\"target\":[\"https:\/\/www.visitalanya.com\/fi\/brunssi\/\"]}]},{\"@type\":\"BreadcrumbList\",\"@id\":\"https:\/\/www.visitalanya.com\/fi\/brunssi\/#breadcrumb\",\"itemListElement\":[{\"@type\":\"ListItem\",\"position\":1,\"name\":\"Home\",\"item\":\"https:\/\/www.visitalanya.com\/fi\/\"},{\"@type\":\"ListItem\",\"position\":2,\"name\":\"Turkkilainen brunssi\"}]},{\"@type\":\"WebSite\",\"@id\":\"https:\/\/www.visitalanya.com\/fi\/#website\",\"url\":\"https:\/\/www.visitalanya.com\/fi\/\",\"name\":\"Visit Alanya - Alanya is calling\",\"description\":\"Alanya Calling \u2014 Your Mediterranean Escape\",\"publisher\":{\"@id\":\"https:\/\/www.visitalanya.com\/fi\/#organization\"},\"potentialAction\":[{\"@type\":\"SearchAction\",\"target\":{\"@type\":\"EntryPoint\",\"urlTemplate\":\"https:\/\/www.visitalanya.com\/fi\/?s={search_term_string}\"},\"query-input\":\"required name=search_term_string\"}],\"inLanguage\":\"fi\"},{\"@type\":\"Organization\",\"@id\":\"https:\/\/www.visitalanya.com\/fi\/#organization\",\"name\":\"Visit Alanya - Alanya is calling\",\"url\":\"https:\/\/www.visitalanya.com\/fi\/\",\"sameAs\":[\"https:\/\/www.instagram.com\/visit_alanya\/\",\"https:\/\/www.facebook.com\/VisitAlanya\/\",\"https:\/\/twitter.com\/visitalanyacom\"],\"logo\":{\"@type\":\"ImageObject\",\"inLanguage\":\"fi\",\"@id\":\"https:\/\/www.visitalanya.com\/fi\/#\/schema\/logo\/image\/\",\"url\":\"https:\/\/www.visitalanya.com\/wp-content\/uploads\/2015\/09\/logo-smll.png\",\"contentUrl\":\"https:\/\/www.visitalanya.com\/wp-content\/uploads\/2015\/09\/logo-smll.png\",\"width\":160,\"height\":108,\"caption\":\"Visit Alanya - Alanya is calling\"},\"image\":{\"@id\":\"https:\/\/www.visitalanya.com\/fi\/#\/schema\/logo\/image\/\"}}]}<\/script>\n<!-- \/ Yoast SEO plugin. -->","yoast_head_json":{"title":"Turkkilainen brunssi - Visit Alanya - Alanya is calling","robots":{"index":"index","follow":"follow","max-snippet":"max-snippet:-1","max-image-preview":"max-image-preview:large","max-video-preview":"max-video-preview:-1"},"canonical":"https:\/\/www.visitalanya.com\/fi\/brunssi\/","og_locale":"fi_FI","og_type":"article","og_title":"Turkkilainen brunssi - Visit Alanya - Alanya is calling","og_description":"Alanyan paikalliseen ruokakultuuriin kuuluu vahvasti turkkilainen brunssi, joka ruoka-tarjoilultaan muistuttaa paljon espanjalaista Tapasta. Samankaltainen v\u00e4limerellinen tarjoilu tunnetaan Turkissa nimell\u00e4 Meze. Brunssi kuuluu monelle paikalliselle viikonlopun viettoon, jolloin perheen kanssa tullaan yhteen nauttimaan runsas brunssi valikoituun brunssiravintolaan. Jotta voit kokea autenttisen brunssin, on l\u00e4hdett\u00e4v\u00e4 turistikortteleiden ulkopuolelle. Keykubatin rannassa on muutamia paikkoja, mutta suosittelemme joko linnakukkulan ravintoloita, tai sit\u00e4kin enemm\u00e4n Taurusvuorten rinteilt\u00e4 l\u00f6ytyvi\u00e4 paikkoja. Turisti ei n\u00e4iss\u00e4 ravintoloissa ole kummajainen, mutta l\u00e4hes kaikki muut asiakkaat ovat paikallisia. Hinta\/laatu on siis kohdallaan. Samalla kun nautit ulkoilmaterassilla brunssin herkuista, avautuu vuorelta upea maisema v\u00e4limerelle. Brunssin antimet koostuvat pitk\u00e4lti kylm\u00e4n\u00e4 tarjoiltavista pikkupurtavista ja tuoreesta leiv\u00e4st\u00e4. P\u00f6yt\u00e4\u00e4si tuodaan kymmeni\u00e4 lautasia sis\u00e4lt\u00e4en juustoja, eri oliivilaatuja, munakasta, hilloja, p\u00e4hkin\u00f6it\u00e4, kasviksia, salaatti-aineksia, tuoreita mehuja, kahvia ja teet\u00e4, ja paljon muuta. Aina voi poimia omaan makuunsa sopivimmat ainekset, p\u00f6yd\u00e4n antimien ollessa koko seurueesi nautittavissa. My\u00f6s buffet -tyylisi\u00e4 brunsseja l\u00f6ytyy, joissa ruokia ei kateta p\u00f6yt\u00e4\u00e4n vaan ruoat noudetaan seisovasta p\u00f6yd\u00e4st\u00e4. Hyv\u00e4 tiet\u00e4\u00e4: Kaikilla paikallisilla on oma brunssi-suosikkipaikkansa. Kysy rohkeasti suosituksia Suosituin aika on yleens\u00e4 noin klo 11. Jos haluat menn\u00e4 brunssille t\u00e4h\u00e4n aikaan ja varsinkin sunnuntaina, on suositeltavaa tehd\u00e4 p\u00f6yt\u00e4varaus Brunssille kannattaa varustautua tyhj\u00e4ll\u00e4 vatsalla","og_url":"https:\/\/www.visitalanya.com\/fi\/brunssi\/","og_site_name":"Visit Alanya - Alanya is calling","article_publisher":"https:\/\/www.facebook.com\/VisitAlanya\/","article_modified_time":"2016-08-29T10:04:12+00:00","og_image":[{"width":800,"height":526,"url":"https:\/\/www.visitalanya.com\/wp-content\/uploads\/2015\/03\/turkis-food-in-Alanya.jpg","type":"image\/jpeg"}],"twitter_card":"summary_large_image","twitter_site":"@visitalanyacom","twitter_misc":{"Arvioitu lukuaika":"1 minuutti"},"schema":{"@context":"https:\/\/schema.org","@graph":[{"@type":"WebPage","@id":"https:\/\/www.visitalanya.com\/fi\/brunssi\/","url":"https:\/\/www.visitalanya.com\/fi\/brunssi\/","name":"Turkkilainen brunssi - Visit Alanya - Alanya is calling","isPartOf":{"@id":"https:\/\/www.visitalanya.com\/fi\/#website"},"datePublished":"2016-01-21T20:02:18+00:00","dateModified":"2016-08-29T10:04:12+00:00","breadcrumb":{"@id":"https:\/\/www.visitalanya.com\/fi\/brunssi\/#breadcrumb"},"inLanguage":"fi","potentialAction":[{"@type":"ReadAction","target":["https:\/\/www.visitalanya.com\/fi\/brunssi\/"]}]},{"@type":"BreadcrumbList","@id":"https:\/\/www.visitalanya.com\/fi\/brunssi\/#breadcrumb","itemListElement":[{"@type":"ListItem","position":1,"name":"Home","item":"https:\/\/www.visitalanya.com\/fi\/"},{"@type":"ListItem","position":2,"name":"Turkkilainen brunssi"}]},{"@type":"WebSite","@id":"https:\/\/www.visitalanya.com\/fi\/#website","url":"https:\/\/www.visitalanya.com\/fi\/","name":"Visit Alanya - Alanya is calling","description":"Alanya Calling \u2014 Your Mediterranean Escape","publisher":{"@id":"https:\/\/www.visitalanya.com\/fi\/#organization"},"potentialAction":[{"@type":"SearchAction","target":{"@type":"EntryPoint","urlTemplate":"https:\/\/www.visitalanya.com\/fi\/?s={search_term_string}"},"query-input":"required name=search_term_string"}],"inLanguage":"fi"},{"@type":"Organization","@id":"https:\/\/www.visitalanya.com\/fi\/#organization","name":"Visit Alanya - Alanya is calling","url":"https:\/\/www.visitalanya.com\/fi\/","sameAs":["https:\/\/www.instagram.com\/visit_alanya\/","https:\/\/www.facebook.com\/VisitAlanya\/","https:\/\/twitter.com\/visitalanyacom"],"logo":{"@type":"ImageObject","inLanguage":"fi","@id":"https:\/\/www.visitalanya.com\/fi\/#\/schema\/logo\/image\/","url":"https:\/\/www.visitalanya.com\/wp-content\/uploads\/2015\/09\/logo-smll.png","contentUrl":"https:\/\/www.visitalanya.com\/wp-content\/uploads\/2015\/09\/logo-smll.png","width":160,"height":108,"caption":"Visit Alanya - Alanya is calling"},"image":{"@id":"https:\/\/www.visitalanya.com\/fi\/#\/schema\/logo\/image\/"}}]}},"_links":{"self":[{"href":"https:\/\/www.visitalanya.com\/fi\/wp-json\/wp\/v2\/pages\/6616"}],"collection":[{"href":"https:\/\/www.visitalanya.com\/fi\/wp-json\/wp\/v2\/pages"}],"about":[{"href":"https:\/\/www.visitalanya.com\/fi\/wp-json\/wp\/v2\/types\/page"}],"author":[{"embeddable":true,"href":"https:\/\/www.visitalanya.com\/fi\/wp-json\/wp\/v2\/users\/1"}],"replies":[{"embeddable":true,"href":"https:\/\/www.visitalanya.com\/fi\/wp-json\/wp\/v2\/comments?post=6616"}],"version-history":[{"count":7,"href":"https:\/\/www.visitalanya.com\/fi\/wp-json\/wp\/v2\/pages\/6616\/revisions"}],"predecessor-version":[{"id":6623,"href":"https:\/\/www.visitalanya.com\/fi\/wp-json\/wp\/v2\/pages\/6616\/revisions\/6623"}],"wp:featuredmedia":[{"embeddable":true,"href":"https:\/\/www.visitalanya.com\/fi\/wp-json\/wp\/v2\/media\/5215"}],"wp:attachment":[{"href":"https:\/\/www.visitalanya.com\/fi\/wp-json\/wp\/v2\/media?parent=6616"}],"wp:term":[{"taxonomy":"post_tag","embeddable":true,"href":"https:\/\/www.visitalanya.com\/fi\/wp-json\/wp\/v2\/tags?post=6616"}],"curies":[{"name":"wp","href":"https:\/\/api.w.org\/{rel}","templated":true}]}}