{"id":6625,"date":"2016-01-06T20:47:05","date_gmt":"2016-01-06T20:47:05","guid":{"rendered":"http:\/\/www.visitalanya.com\/fi\/currency-and-banks\/"},"modified":"2016-08-29T10:53:23","modified_gmt":"2016-08-29T10:53:23","slug":"rahanvaihto","status":"publish","type":"page","link":"https:\/\/www.visitalanya.com\/fi\/rahanvaihto\/","title":{"rendered":"Rahanvaihto"},"content":{"rendered":"<p>Turkin virallinen valuutta on Turkin liira, lyhennettyn\u00e4 TL. Vaikka eurot k\u00e4yv\u00e4t maksuv\u00e4lineen\u00e4 melko laajasti, suosittelemme k\u00e4teisen hankkimista liiroissa.<\/p>\n<p>Rahanvaihto on l\u00e4hes poikkeuksetta halvempaa Alanyassa kuin Suomessa. Rahanvaihtopisteit\u00e4, eli change office:ja l\u00f6ytyy runsaasti keskustasta, varsinkin p\u00e4\u00e4katu Atat\u00fcrkin varrelta. Vaihtopisteet on br\u00e4nd\u00e4tty kirkkaan keltaisella v\u00e4rill\u00e4, ja t\u00e4st\u00e4 v\u00e4rist\u00e4 pisteet tunnistaa helposti. Yleens\u00e4 piste vaihtaa rahaa k\u00e4teisest\u00e4 k\u00e4teiseen, mutta jotkut pisteet hyv\u00e4ksyv\u00e4t my\u00f6s tiettyj\u00e4 luottokortteja.<br \/>\nRaha-automaateista voi nostaa liiroja suomalaisilla automaatti- ja maksukorteilla. Automaatteja on pankkien yhteydess\u00e4 keskustassa.<br \/>\nSuurien luottokorttiyhti\u00f6iden kortit, kuten Visa ja Mastercard k\u00e4yv\u00e4t Alanyassa yleisesti ravintoloissa ja kaupoissa. Jos pid\u00e4t tinkimisest\u00e4 ja erilaisten kojukauppiaiden kanssa kauppojen hieromisesta, kannattaa varata k\u00e4teist\u00e4 mukaan. Yleens\u00e4 hintoja pystyy my\u00f6s tinkim\u00e4\u00e4n paremmin jos myyj\u00e4 tiet\u00e4\u00e4 ett\u00e4 olet maksamassa k\u00e4teisell\u00e4.<\/p>\n","protected":false},"excerpt":{"rendered":"<p>Turkin virallinen valuutta on Turkin liira, lyhennettyn\u00e4 TL. Vaikka eurot k\u00e4yv\u00e4t maksuv\u00e4lineen\u00e4 melko laajasti, suosittelemme k\u00e4teisen hankkimista liiroissa. Rahanvaihto on l\u00e4hes poikkeuksetta halvempaa Alanyassa kuin Suomessa. Rahanvaihtopisteit\u00e4, eli change office:ja l\u00f6ytyy runsaasti keskustasta, varsinkin p\u00e4\u00e4katu Atat\u00fcrkin varrelta. Vaihtopisteet on br\u00e4nd\u00e4tty kirkkaan keltaisella v\u00e4rill\u00e4, ja t\u00e4st\u00e4 v\u00e4rist\u00e4 pisteet tunnistaa helposti. Yleens\u00e4 piste vaihtaa rahaa k\u00e4teisest\u00e4 k\u00e4teiseen, mutta jotkut pisteet hyv\u00e4ksyv\u00e4t my\u00f6s tiettyj\u00e4 luottokortteja. Raha-automaateista voi nostaa liiroja suomalaisilla automaatti- ja maksukorteilla. Automaatteja on pankkien yhteydess\u00e4 keskustassa. Suurien luottokorttiyhti\u00f6iden kortit, kuten Visa ja Mastercard k\u00e4yv\u00e4t Alanyassa yleisesti ravintoloissa ja kaupoissa. Jos pid\u00e4t tinkimisest\u00e4 ja erilaisten kojukauppiaiden kanssa kauppojen hieromisesta, kannattaa varata k\u00e4teist\u00e4 mukaan. Yleens\u00e4 hintoja pystyy my\u00f6s tinkim\u00e4\u00e4n paremmin jos myyj\u00e4 tiet\u00e4\u00e4 ett\u00e4 olet maksamassa k\u00e4teisell\u00e4.<\/p>\n","protected":false},"author":1,"featured_media":5350,"parent":0,"menu_order":0,"comment_status":"closed","ping_status":"closed","template":"hub-template.php","meta":{"_mi_skip_tracking":false,"_exactmetrics_sitenote_active":false,"_exactmetrics_sitenote_note":"","_exactmetrics_sitenote_category":0},"tags":[],"yoast_head":"<!-- This site is optimized with the Yoast SEO plugin v19.8 - https:\/\/yoast.com\/wordpress\/plugins\/seo\/ -->\n<title>Rahanvaihto - Visit Alanya - Alanya is calling<\/title>\n<meta name=\"description\" content=\"In Alanya all the money&#039;s are accepted. Besides, you mya use your credith card everywhere.\" \/>\n<meta name=\"robots\" content=\"index, follow, max-snippet:-1, max-image-preview:large, max-video-preview:-1\" \/>\n<link rel=\"canonical\" href=\"https:\/\/www.visitalanya.com\/fi\/rahanvaihto\/\" \/>\n<meta property=\"og:locale\" content=\"fi_FI\" \/>\n<meta property=\"og:type\" content=\"article\" \/>\n<meta property=\"og:title\" content=\"Rahanvaihto - Visit Alanya - Alanya is calling\" \/>\n<meta property=\"og:description\" content=\"In Alanya all the money&#039;s are accepted. Besides, you mya use your credith card everywhere.\" \/>\n<meta property=\"og:url\" content=\"https:\/\/www.visitalanya.com\/fi\/rahanvaihto\/\" \/>\n<meta property=\"og:site_name\" content=\"Visit Alanya - Alanya is calling\" \/>\n<meta property=\"article:publisher\" content=\"https:\/\/www.facebook.com\/VisitAlanya\/\" \/>\n<meta property=\"article:modified_time\" content=\"2016-08-29T10:53:23+00:00\" \/>\n<meta property=\"og:image\" content=\"https:\/\/www.visitalanya.com\/wp-content\/uploads\/2016\/01\/Turkish-lira-symbol.jpg\" \/>\n\t<meta property=\"og:image:width\" content=\"626\" \/>\n\t<meta property=\"og:image:height\" content=\"626\" \/>\n\t<meta property=\"og:image:type\" content=\"image\/jpeg\" \/>\n<meta name=\"twitter:card\" content=\"summary_large_image\" \/>\n<meta name=\"twitter:site\" content=\"@visitalanyacom\" \/>\n<meta name=\"twitter:label1\" content=\"Arvioitu lukuaika\" \/>\n\t<meta name=\"twitter:data1\" content=\"1 minuutti\" \/>\n<script type=\"application\/ld+json\" class=\"yoast-schema-graph\">{\"@context\":\"https:\/\/schema.org\",\"@graph\":[{\"@type\":\"WebPage\",\"@id\":\"https:\/\/www.visitalanya.com\/fi\/rahanvaihto\/\",\"url\":\"https:\/\/www.visitalanya.com\/fi\/rahanvaihto\/\",\"name\":\"Rahanvaihto - Visit Alanya - Alanya is calling\",\"isPartOf\":{\"@id\":\"https:\/\/www.visitalanya.com\/fi\/#website\"},\"datePublished\":\"2016-01-06T20:47:05+00:00\",\"dateModified\":\"2016-08-29T10:53:23+00:00\",\"description\":\"In Alanya all the money's are accepted. Besides, you mya use your credith card everywhere.\",\"breadcrumb\":{\"@id\":\"https:\/\/www.visitalanya.com\/fi\/rahanvaihto\/#breadcrumb\"},\"inLanguage\":\"fi\",\"potentialAction\":[{\"@type\":\"ReadAction\",\"target\":[\"https:\/\/www.visitalanya.com\/fi\/rahanvaihto\/\"]}]},{\"@type\":\"BreadcrumbList\",\"@id\":\"https:\/\/www.visitalanya.com\/fi\/rahanvaihto\/#breadcrumb\",\"itemListElement\":[{\"@type\":\"ListItem\",\"position\":1,\"name\":\"Home\",\"item\":\"https:\/\/www.visitalanya.com\/fi\/\"},{\"@type\":\"ListItem\",\"position\":2,\"name\":\"Rahanvaihto\"}]},{\"@type\":\"WebSite\",\"@id\":\"https:\/\/www.visitalanya.com\/fi\/#website\",\"url\":\"https:\/\/www.visitalanya.com\/fi\/\",\"name\":\"Visit Alanya - Alanya is calling\",\"description\":\"Alanya Calling \u2014 Your Mediterranean Escape\",\"publisher\":{\"@id\":\"https:\/\/www.visitalanya.com\/fi\/#organization\"},\"potentialAction\":[{\"@type\":\"SearchAction\",\"target\":{\"@type\":\"EntryPoint\",\"urlTemplate\":\"https:\/\/www.visitalanya.com\/fi\/?s={search_term_string}\"},\"query-input\":\"required name=search_term_string\"}],\"inLanguage\":\"fi\"},{\"@type\":\"Organization\",\"@id\":\"https:\/\/www.visitalanya.com\/fi\/#organization\",\"name\":\"Visit Alanya - Alanya is calling\",\"url\":\"https:\/\/www.visitalanya.com\/fi\/\",\"sameAs\":[\"https:\/\/www.instagram.com\/visit_alanya\/\",\"https:\/\/www.facebook.com\/VisitAlanya\/\",\"https:\/\/twitter.com\/visitalanyacom\"],\"logo\":{\"@type\":\"ImageObject\",\"inLanguage\":\"fi\",\"@id\":\"https:\/\/www.visitalanya.com\/fi\/#\/schema\/logo\/image\/\",\"url\":\"https:\/\/www.visitalanya.com\/wp-content\/uploads\/2015\/09\/logo-smll.png\",\"contentUrl\":\"https:\/\/www.visitalanya.com\/wp-content\/uploads\/2015\/09\/logo-smll.png\",\"width\":160,\"height\":108,\"caption\":\"Visit Alanya - Alanya is calling\"},\"image\":{\"@id\":\"https:\/\/www.visitalanya.com\/fi\/#\/schema\/logo\/image\/\"}}]}<\/script>\n<!-- \/ Yoast SEO plugin. -->","yoast_head_json":{"title":"Rahanvaihto - Visit Alanya - Alanya is calling","description":"In Alanya all the money's are accepted. Besides, you mya use your credith card everywhere.","robots":{"index":"index","follow":"follow","max-snippet":"max-snippet:-1","max-image-preview":"max-image-preview:large","max-video-preview":"max-video-preview:-1"},"canonical":"https:\/\/www.visitalanya.com\/fi\/rahanvaihto\/","og_locale":"fi_FI","og_type":"article","og_title":"Rahanvaihto - Visit Alanya - Alanya is calling","og_description":"In Alanya all the money's are accepted. Besides, you mya use your credith card everywhere.","og_url":"https:\/\/www.visitalanya.com\/fi\/rahanvaihto\/","og_site_name":"Visit Alanya - Alanya is calling","article_publisher":"https:\/\/www.facebook.com\/VisitAlanya\/","article_modified_time":"2016-08-29T10:53:23+00:00","og_image":[{"width":626,"height":626,"url":"https:\/\/www.visitalanya.com\/wp-content\/uploads\/2016\/01\/Turkish-lira-symbol.jpg","type":"image\/jpeg"}],"twitter_card":"summary_large_image","twitter_site":"@visitalanyacom","twitter_misc":{"Arvioitu lukuaika":"1 minuutti"},"schema":{"@context":"https:\/\/schema.org","@graph":[{"@type":"WebPage","@id":"https:\/\/www.visitalanya.com\/fi\/rahanvaihto\/","url":"https:\/\/www.visitalanya.com\/fi\/rahanvaihto\/","name":"Rahanvaihto - Visit Alanya - Alanya is calling","isPartOf":{"@id":"https:\/\/www.visitalanya.com\/fi\/#website"},"datePublished":"2016-01-06T20:47:05+00:00","dateModified":"2016-08-29T10:53:23+00:00","description":"In Alanya all the money's are accepted. Besides, you mya use your credith card everywhere.","breadcrumb":{"@id":"https:\/\/www.visitalanya.com\/fi\/rahanvaihto\/#breadcrumb"},"inLanguage":"fi","potentialAction":[{"@type":"ReadAction","target":["https:\/\/www.visitalanya.com\/fi\/rahanvaihto\/"]}]},{"@type":"BreadcrumbList","@id":"https:\/\/www.visitalanya.com\/fi\/rahanvaihto\/#breadcrumb","itemListElement":[{"@type":"ListItem","position":1,"name":"Home","item":"https:\/\/www.visitalanya.com\/fi\/"},{"@type":"ListItem","position":2,"name":"Rahanvaihto"}]},{"@type":"WebSite","@id":"https:\/\/www.visitalanya.com\/fi\/#website","url":"https:\/\/www.visitalanya.com\/fi\/","name":"Visit Alanya - Alanya is calling","description":"Alanya Calling \u2014 Your Mediterranean Escape","publisher":{"@id":"https:\/\/www.visitalanya.com\/fi\/#organization"},"potentialAction":[{"@type":"SearchAction","target":{"@type":"EntryPoint","urlTemplate":"https:\/\/www.visitalanya.com\/fi\/?s={search_term_string}"},"query-input":"required name=search_term_string"}],"inLanguage":"fi"},{"@type":"Organization","@id":"https:\/\/www.visitalanya.com\/fi\/#organization","name":"Visit Alanya - Alanya is calling","url":"https:\/\/www.visitalanya.com\/fi\/","sameAs":["https:\/\/www.instagram.com\/visit_alanya\/","https:\/\/www.facebook.com\/VisitAlanya\/","https:\/\/twitter.com\/visitalanyacom"],"logo":{"@type":"ImageObject","inLanguage":"fi","@id":"https:\/\/www.visitalanya.com\/fi\/#\/schema\/logo\/image\/","url":"https:\/\/www.visitalanya.com\/wp-content\/uploads\/2015\/09\/logo-smll.png","contentUrl":"https:\/\/www.visitalanya.com\/wp-content\/uploads\/2015\/09\/logo-smll.png","width":160,"height":108,"caption":"Visit Alanya - Alanya is calling"},"image":{"@id":"https:\/\/www.visitalanya.com\/fi\/#\/schema\/logo\/image\/"}}]}},"_links":{"self":[{"href":"https:\/\/www.visitalanya.com\/fi\/wp-json\/wp\/v2\/pages\/6625"}],"collection":[{"href":"https:\/\/www.visitalanya.com\/fi\/wp-json\/wp\/v2\/pages"}],"about":[{"href":"https:\/\/www.visitalanya.com\/fi\/wp-json\/wp\/v2\/types\/page"}],"author":[{"embeddable":true,"href":"https:\/\/www.visitalanya.com\/fi\/wp-json\/wp\/v2\/users\/1"}],"replies":[{"embeddable":true,"href":"https:\/\/www.visitalanya.com\/fi\/wp-json\/wp\/v2\/comments?post=6625"}],"version-history":[{"count":4,"href":"https:\/\/www.visitalanya.com\/fi\/wp-json\/wp\/v2\/pages\/6625\/revisions"}],"predecessor-version":[{"id":6629,"href":"https:\/\/www.visitalanya.com\/fi\/wp-json\/wp\/v2\/pages\/6625\/revisions\/6629"}],"wp:featuredmedia":[{"embeddable":true,"href":"https:\/\/www.visitalanya.com\/fi\/wp-json\/wp\/v2\/media\/5350"}],"wp:attachment":[{"href":"https:\/\/www.visitalanya.com\/fi\/wp-json\/wp\/v2\/media?parent=6625"}],"wp:term":[{"taxonomy":"post_tag","embeddable":true,"href":"https:\/\/www.visitalanya.com\/fi\/wp-json\/wp\/v2\/tags?post=6625"}],"curies":[{"name":"wp","href":"https:\/\/api.w.org\/{rel}","templated":true}]}}