{"id":6630,"date":"2016-08-29T11:51:02","date_gmt":"2016-08-29T11:51:02","guid":{"rendered":"http:\/\/www.visitalanya.com\/fi\/?page_id=6630"},"modified":"2016-08-29T11:56:58","modified_gmt":"2016-08-29T11:56:58","slug":"hammashoito","status":"publish","type":"page","link":"https:\/\/www.visitalanya.com\/fi\/hammashoito\/","title":{"rendered":"Hammashoito"},"content":{"rendered":"<p>Alanyan ja Turkin terveysturismi on lis\u00e4\u00e4ntynyt viime vuonna kohisten. Yksi tyypillisimmist\u00e4 terveyshoidoista joita ulkomaalaiset ottavat Turkissa ovat hammasl\u00e4\u00e4k\u00e4ripalvelut. Palveluiden laatu, modernit klinikat, sek\u00e4 huippuedulliset hinnat tuovat klinikoille asiakkaita niin Skandinaviasta, muualta Euroopasta sek\u00e4 L\u00e4hi-Id\u00e4st\u00e4. Kielitaitoiset ja korkeasti koulutetut hammasl\u00e4\u00e4k\u00e4rit asentavat mm. implantteja, kruunuja, siltoja ja tekev\u00e4t hampaiden valkaisuja. Suomalaisten kohdalla yleens\u00e4 kyseess\u00e4 ovat toimenpiteet jotka eiv\u00e4t mene Suomessa kunnallisen hammashoidon piikkiin tai joihin on kunnallisella valtavan pitk\u00e4t jonot. <\/p>\n<p><strong>Hyv\u00e4 tiet\u00e4\u00e4:<\/strong><\/p>\n<ul>\n<li>Hinnat ovat kotimaisiin yksityisiin klinikoihin verrattuna todella edulliset. Tee kuitenkin p\u00e4\u00e4t\u00f6s klinikasta huolella ja ota suosituksia<\/li>\n<li>Laadukkailla klinikoilla laitteet ja puitteet ovat huippumoderneja, sek\u00e4 l\u00e4\u00e4k\u00e4rikunnan koulutustaso huippuluokkaa<\/li>\n<li>Laadukkailla klinikoilla on aina kielitaitoinen henkil\u00f6kunta<\/li>\n<\/ul>\n<p>Video alanyalaisen klinikan palveluista:<\/p>\n<div class=\"arve wp-block-nextgenthemes-arve\" data-mode=\"normal\" data-oembed=\"1\" data-provider=\"youtube\" id=\"arve-youtube-e8wwuqbkq0w69e01eac77d41918593516\" style=\"max-width:730px;\">\n<span class=\"arve-inner\"><br \/>\n<span class=\"arve-embed arve-embed--has-aspect-ratio\" style=\"aspect-ratio: 730 \/ 411\"><br \/>\n<span class=\"arve-ar\" style=\"padding-top:56.301370%\"><\/span><iframe loading=\"lazy\" allow=\"accelerometer; autoplay; clipboard-write; encrypted-media; gyroscope; picture-in-picture\" allowfullscreen class=\"arve-iframe fitvidsignore\" data-arve=\"arve-youtube-e8wwuqbkq0w69e01eac77d41918593516\" data-src-no-ap=\"https:\/\/www.youtube-nocookie.com\/embed\/e8wWuqbkQ0w?feature=oembed&amp;iv_load_policy=3&amp;modestbranding=1&amp;rel=0&amp;autohide=1&amp;playsinline=0&amp;autoplay=0\" frameborder=\"0\" height=\"411\" sandbox=\"allow-scripts allow-same-origin allow-presentation allow-popups allow-popups-to-escape-sandbox\" scrolling=\"no\" src=\"https:\/\/www.youtube-nocookie.com\/embed\/e8wWuqbkQ0w?feature=oembed&#038;iv_load_policy=3&#038;modestbranding=1&#038;rel=0&#038;autohide=1&#038;playsinline=0&#038;autoplay=0\" width=\"730\"><\/iframe><\/p>\n<p><\/span><\/p>\n<p><\/span><br \/>\n<script type=\"application\/ld+json\">{\"@context\":\"http:\\\/\\\/schema.org\\\/\",\"@id\":\"https:\\\/\\\/www.visitalanya.com\\\/fi\\\/hammashoito\\\/#arve-youtube-e8wwuqbkq0w69e01eac77d41918593516\",\"type\":\"VideoObject\",\"embedURL\":\"https:\\\/\\\/www.youtube-nocookie.com\\\/embed\\\/e8wWuqbkQ0w?feature=oembed&iv_load_policy=3&modestbranding=1&rel=0&autohide=1&playsinline=0&autoplay=0\"}<\/script>\n<\/div>\n<p>&nbsp;<\/p>\n<p>&nbsp;<\/p>\n","protected":false},"excerpt":{"rendered":"<p>Alanyan ja Turkin terveysturismi on lis\u00e4\u00e4ntynyt viime vuonna kohisten. Yksi tyypillisimmist\u00e4 terveyshoidoista joita ulkomaalaiset ottavat Turkissa ovat hammasl\u00e4\u00e4k\u00e4ripalvelut. Palveluiden laatu, modernit klinikat, sek\u00e4 huippuedulliset hinnat tuovat klinikoille asiakkaita niin Skandinaviasta, muualta Euroopasta sek\u00e4 L\u00e4hi-Id\u00e4st\u00e4. Kielitaitoiset ja korkeasti koulutetut hammasl\u00e4\u00e4k\u00e4rit asentavat mm. implantteja, kruunuja, siltoja ja tekev\u00e4t hampaiden valkaisuja. Suomalaisten kohdalla yleens\u00e4 kyseess\u00e4 ovat toimenpiteet jotka eiv\u00e4t mene Suomessa kunnallisen hammashoidon piikkiin tai joihin on kunnallisella valtavan pitk\u00e4t jonot. Hyv\u00e4 tiet\u00e4\u00e4: Hinnat ovat kotimaisiin yksityisiin klinikoihin verrattuna todella edulliset. Tee kuitenkin p\u00e4\u00e4t\u00f6s klinikasta huolella ja ota suosituksia Laadukkailla klinikoilla laitteet ja puitteet ovat huippumoderneja, sek\u00e4 l\u00e4\u00e4k\u00e4rikunnan koulutustaso huippuluokkaa Laadukkailla klinikoilla on aina kielitaitoinen henkil\u00f6kunta Video alanyalaisen klinikan palveluista: &nbsp; &nbsp;<\/p>\n","protected":false},"author":63,"featured_media":5717,"parent":0,"menu_order":0,"comment_status":"closed","ping_status":"closed","template":"hub-template.php","meta":{"_mi_skip_tracking":false,"_exactmetrics_sitenote_active":false,"_exactmetrics_sitenote_note":"","_exactmetrics_sitenote_category":0},"tags":[],"yoast_head":"<!-- This site is optimized with the Yoast SEO plugin v19.8 - https:\/\/yoast.com\/wordpress\/plugins\/seo\/ -->\n<title>Hammashoito - Visit Alanya - Alanya is calling<\/title>\n<meta name=\"robots\" content=\"index, follow, max-snippet:-1, max-image-preview:large, max-video-preview:-1\" \/>\n<link rel=\"canonical\" href=\"https:\/\/www.visitalanya.com\/fi\/hammashoito\/\" \/>\n<meta property=\"og:locale\" content=\"fi_FI\" \/>\n<meta property=\"og:type\" content=\"article\" \/>\n<meta property=\"og:title\" content=\"Hammashoito - Visit Alanya - Alanya is calling\" \/>\n<meta property=\"og:description\" content=\"Alanyan ja Turkin terveysturismi on lis\u00e4\u00e4ntynyt viime vuonna kohisten. Yksi tyypillisimmist\u00e4 terveyshoidoista joita ulkomaalaiset ottavat Turkissa ovat hammasl\u00e4\u00e4k\u00e4ripalvelut. Palveluiden laatu, modernit klinikat, sek\u00e4 huippuedulliset hinnat tuovat klinikoille asiakkaita niin Skandinaviasta, muualta Euroopasta sek\u00e4 L\u00e4hi-Id\u00e4st\u00e4. Kielitaitoiset ja korkeasti koulutetut hammasl\u00e4\u00e4k\u00e4rit asentavat mm. implantteja, kruunuja, siltoja ja tekev\u00e4t hampaiden valkaisuja. Suomalaisten kohdalla yleens\u00e4 kyseess\u00e4 ovat toimenpiteet jotka eiv\u00e4t mene Suomessa kunnallisen hammashoidon piikkiin tai joihin on kunnallisella valtavan pitk\u00e4t jonot. Hyv\u00e4 tiet\u00e4\u00e4: Hinnat ovat kotimaisiin yksityisiin klinikoihin verrattuna todella edulliset. Tee kuitenkin p\u00e4\u00e4t\u00f6s klinikasta huolella ja ota suosituksia Laadukkailla klinikoilla laitteet ja puitteet ovat huippumoderneja, sek\u00e4 l\u00e4\u00e4k\u00e4rikunnan koulutustaso huippuluokkaa Laadukkailla klinikoilla on aina kielitaitoinen henkil\u00f6kunta Video alanyalaisen klinikan palveluista: &nbsp; &nbsp;\" \/>\n<meta property=\"og:url\" content=\"https:\/\/www.visitalanya.com\/fi\/hammashoito\/\" \/>\n<meta property=\"og:site_name\" content=\"Visit Alanya - Alanya is calling\" \/>\n<meta property=\"article:publisher\" content=\"https:\/\/www.facebook.com\/VisitAlanya\/\" \/>\n<meta property=\"article:modified_time\" content=\"2016-08-29T11:56:58+00:00\" \/>\n<meta property=\"og:image\" content=\"https:\/\/www.visitalanya.com\/wp-content\/uploads\/2016\/01\/dentalcare-in-alanya.jpg\" \/>\n\t<meta property=\"og:image:width\" content=\"1500\" \/>\n\t<meta property=\"og:image:height\" content=\"617\" \/>\n\t<meta property=\"og:image:type\" content=\"image\/jpeg\" \/>\n<meta name=\"twitter:card\" content=\"summary_large_image\" \/>\n<meta name=\"twitter:site\" content=\"@visitalanyacom\" \/>\n<meta name=\"twitter:label1\" content=\"Arvioitu lukuaika\" \/>\n\t<meta name=\"twitter:data1\" content=\"1 minuutti\" \/>\n<script type=\"application\/ld+json\" class=\"yoast-schema-graph\">{\"@context\":\"https:\/\/schema.org\",\"@graph\":[{\"@type\":\"WebPage\",\"@id\":\"https:\/\/www.visitalanya.com\/fi\/hammashoito\/\",\"url\":\"https:\/\/www.visitalanya.com\/fi\/hammashoito\/\",\"name\":\"Hammashoito - Visit Alanya - Alanya is calling\",\"isPartOf\":{\"@id\":\"https:\/\/www.visitalanya.com\/fi\/#website\"},\"datePublished\":\"2016-08-29T11:51:02+00:00\",\"dateModified\":\"2016-08-29T11:56:58+00:00\",\"breadcrumb\":{\"@id\":\"https:\/\/www.visitalanya.com\/fi\/hammashoito\/#breadcrumb\"},\"inLanguage\":\"fi\",\"potentialAction\":[{\"@type\":\"ReadAction\",\"target\":[\"https:\/\/www.visitalanya.com\/fi\/hammashoito\/\"]}]},{\"@type\":\"BreadcrumbList\",\"@id\":\"https:\/\/www.visitalanya.com\/fi\/hammashoito\/#breadcrumb\",\"itemListElement\":[{\"@type\":\"ListItem\",\"position\":1,\"name\":\"Home\",\"item\":\"https:\/\/www.visitalanya.com\/fi\/\"},{\"@type\":\"ListItem\",\"position\":2,\"name\":\"Hammashoito\"}]},{\"@type\":\"WebSite\",\"@id\":\"https:\/\/www.visitalanya.com\/fi\/#website\",\"url\":\"https:\/\/www.visitalanya.com\/fi\/\",\"name\":\"Visit Alanya - Alanya is calling\",\"description\":\"Alanya Calling \u2014 Your Mediterranean Escape\",\"publisher\":{\"@id\":\"https:\/\/www.visitalanya.com\/fi\/#organization\"},\"potentialAction\":[{\"@type\":\"SearchAction\",\"target\":{\"@type\":\"EntryPoint\",\"urlTemplate\":\"https:\/\/www.visitalanya.com\/fi\/?s={search_term_string}\"},\"query-input\":\"required name=search_term_string\"}],\"inLanguage\":\"fi\"},{\"@type\":\"Organization\",\"@id\":\"https:\/\/www.visitalanya.com\/fi\/#organization\",\"name\":\"Visit Alanya - Alanya is calling\",\"url\":\"https:\/\/www.visitalanya.com\/fi\/\",\"sameAs\":[\"https:\/\/www.instagram.com\/visit_alanya\/\",\"https:\/\/www.facebook.com\/VisitAlanya\/\",\"https:\/\/twitter.com\/visitalanyacom\"],\"logo\":{\"@type\":\"ImageObject\",\"inLanguage\":\"fi\",\"@id\":\"https:\/\/www.visitalanya.com\/fi\/#\/schema\/logo\/image\/\",\"url\":\"https:\/\/www.visitalanya.com\/wp-content\/uploads\/2015\/09\/logo-smll.png\",\"contentUrl\":\"https:\/\/www.visitalanya.com\/wp-content\/uploads\/2015\/09\/logo-smll.png\",\"width\":160,\"height\":108,\"caption\":\"Visit Alanya - Alanya is calling\"},\"image\":{\"@id\":\"https:\/\/www.visitalanya.com\/fi\/#\/schema\/logo\/image\/\"}}]}<\/script>\n<!-- \/ Yoast SEO plugin. -->","yoast_head_json":{"title":"Hammashoito - Visit Alanya - Alanya is calling","robots":{"index":"index","follow":"follow","max-snippet":"max-snippet:-1","max-image-preview":"max-image-preview:large","max-video-preview":"max-video-preview:-1"},"canonical":"https:\/\/www.visitalanya.com\/fi\/hammashoito\/","og_locale":"fi_FI","og_type":"article","og_title":"Hammashoito - Visit Alanya - Alanya is calling","og_description":"Alanyan ja Turkin terveysturismi on lis\u00e4\u00e4ntynyt viime vuonna kohisten. Yksi tyypillisimmist\u00e4 terveyshoidoista joita ulkomaalaiset ottavat Turkissa ovat hammasl\u00e4\u00e4k\u00e4ripalvelut. Palveluiden laatu, modernit klinikat, sek\u00e4 huippuedulliset hinnat tuovat klinikoille asiakkaita niin Skandinaviasta, muualta Euroopasta sek\u00e4 L\u00e4hi-Id\u00e4st\u00e4. Kielitaitoiset ja korkeasti koulutetut hammasl\u00e4\u00e4k\u00e4rit asentavat mm. implantteja, kruunuja, siltoja ja tekev\u00e4t hampaiden valkaisuja. Suomalaisten kohdalla yleens\u00e4 kyseess\u00e4 ovat toimenpiteet jotka eiv\u00e4t mene Suomessa kunnallisen hammashoidon piikkiin tai joihin on kunnallisella valtavan pitk\u00e4t jonot. Hyv\u00e4 tiet\u00e4\u00e4: Hinnat ovat kotimaisiin yksityisiin klinikoihin verrattuna todella edulliset. Tee kuitenkin p\u00e4\u00e4t\u00f6s klinikasta huolella ja ota suosituksia Laadukkailla klinikoilla laitteet ja puitteet ovat huippumoderneja, sek\u00e4 l\u00e4\u00e4k\u00e4rikunnan koulutustaso huippuluokkaa Laadukkailla klinikoilla on aina kielitaitoinen henkil\u00f6kunta Video alanyalaisen klinikan palveluista: &nbsp; &nbsp;","og_url":"https:\/\/www.visitalanya.com\/fi\/hammashoito\/","og_site_name":"Visit Alanya - Alanya is calling","article_publisher":"https:\/\/www.facebook.com\/VisitAlanya\/","article_modified_time":"2016-08-29T11:56:58+00:00","og_image":[{"width":1500,"height":617,"url":"https:\/\/www.visitalanya.com\/wp-content\/uploads\/2016\/01\/dentalcare-in-alanya.jpg","type":"image\/jpeg"}],"twitter_card":"summary_large_image","twitter_site":"@visitalanyacom","twitter_misc":{"Arvioitu lukuaika":"1 minuutti"},"schema":{"@context":"https:\/\/schema.org","@graph":[{"@type":"WebPage","@id":"https:\/\/www.visitalanya.com\/fi\/hammashoito\/","url":"https:\/\/www.visitalanya.com\/fi\/hammashoito\/","name":"Hammashoito - Visit Alanya - Alanya is calling","isPartOf":{"@id":"https:\/\/www.visitalanya.com\/fi\/#website"},"datePublished":"2016-08-29T11:51:02+00:00","dateModified":"2016-08-29T11:56:58+00:00","breadcrumb":{"@id":"https:\/\/www.visitalanya.com\/fi\/hammashoito\/#breadcrumb"},"inLanguage":"fi","potentialAction":[{"@type":"ReadAction","target":["https:\/\/www.visitalanya.com\/fi\/hammashoito\/"]}]},{"@type":"BreadcrumbList","@id":"https:\/\/www.visitalanya.com\/fi\/hammashoito\/#breadcrumb","itemListElement":[{"@type":"ListItem","position":1,"name":"Home","item":"https:\/\/www.visitalanya.com\/fi\/"},{"@type":"ListItem","position":2,"name":"Hammashoito"}]},{"@type":"WebSite","@id":"https:\/\/www.visitalanya.com\/fi\/#website","url":"https:\/\/www.visitalanya.com\/fi\/","name":"Visit Alanya - Alanya is calling","description":"Alanya Calling \u2014 Your Mediterranean Escape","publisher":{"@id":"https:\/\/www.visitalanya.com\/fi\/#organization"},"potentialAction":[{"@type":"SearchAction","target":{"@type":"EntryPoint","urlTemplate":"https:\/\/www.visitalanya.com\/fi\/?s={search_term_string}"},"query-input":"required name=search_term_string"}],"inLanguage":"fi"},{"@type":"Organization","@id":"https:\/\/www.visitalanya.com\/fi\/#organization","name":"Visit Alanya - Alanya is calling","url":"https:\/\/www.visitalanya.com\/fi\/","sameAs":["https:\/\/www.instagram.com\/visit_alanya\/","https:\/\/www.facebook.com\/VisitAlanya\/","https:\/\/twitter.com\/visitalanyacom"],"logo":{"@type":"ImageObject","inLanguage":"fi","@id":"https:\/\/www.visitalanya.com\/fi\/#\/schema\/logo\/image\/","url":"https:\/\/www.visitalanya.com\/wp-content\/uploads\/2015\/09\/logo-smll.png","contentUrl":"https:\/\/www.visitalanya.com\/wp-content\/uploads\/2015\/09\/logo-smll.png","width":160,"height":108,"caption":"Visit Alanya - Alanya is calling"},"image":{"@id":"https:\/\/www.visitalanya.com\/fi\/#\/schema\/logo\/image\/"}}]}},"_links":{"self":[{"href":"https:\/\/www.visitalanya.com\/fi\/wp-json\/wp\/v2\/pages\/6630"}],"collection":[{"href":"https:\/\/www.visitalanya.com\/fi\/wp-json\/wp\/v2\/pages"}],"about":[{"href":"https:\/\/www.visitalanya.com\/fi\/wp-json\/wp\/v2\/types\/page"}],"author":[{"embeddable":true,"href":"https:\/\/www.visitalanya.com\/fi\/wp-json\/wp\/v2\/users\/63"}],"replies":[{"embeddable":true,"href":"https:\/\/www.visitalanya.com\/fi\/wp-json\/wp\/v2\/comments?post=6630"}],"version-history":[{"count":3,"href":"https:\/\/www.visitalanya.com\/fi\/wp-json\/wp\/v2\/pages\/6630\/revisions"}],"predecessor-version":[{"id":6633,"href":"https:\/\/www.visitalanya.com\/fi\/wp-json\/wp\/v2\/pages\/6630\/revisions\/6633"}],"wp:featuredmedia":[{"embeddable":true,"href":"https:\/\/www.visitalanya.com\/fi\/wp-json\/wp\/v2\/media\/5717"}],"wp:attachment":[{"href":"https:\/\/www.visitalanya.com\/fi\/wp-json\/wp\/v2\/media?parent=6630"}],"wp:term":[{"taxonomy":"post_tag","embeddable":true,"href":"https:\/\/www.visitalanya.com\/fi\/wp-json\/wp\/v2\/tags?post=6630"}],"curies":[{"name":"wp","href":"https:\/\/api.w.org\/{rel}","templated":true}]}}